{"id":15116,"date":"2026-05-07T14:02:46","date_gmt":"2026-05-07T12:02:46","guid":{"rendered":"https:\/\/esentialaroms.com\/productos\/pack-dos-cuarzos-rosa-rodados\/"},"modified":"2026-05-07T14:23:23","modified_gmt":"2026-05-07T12:23:23","slug":"pack-dos-cuarzos-rosa-rodados","status":"publish","type":"product","link":"https:\/\/esentialaroms.com\/es\/productos\/pack-dos-cuarzos-rosa-rodados\/","title":{"rendered":"PACK DOS CUARZOS ROSA RODADOS"},"content":{"rendered":"<div>El cuarzo rosa posee una frecuencia suave y sutil. &nbsp;<\/div>\n<div>Simbolismo: Amor verdadero, infunde el amor por s\u00ed mismo y por los dem\u00e1s. Camino obligado para la autorrealizaci\u00f3n, la paz interior, la plenitud y la felicidad. Es la ternura, la bondad, el perd\u00f3n, la autoestima y el cuidado de uno mismo. &nbsp;<\/div>\n<div>Chacra asociado: Chacra 4\u00ba coraz\u00f3n. &nbsp;<\/div>\n<div>Polaridad: el dar y el recibir. &nbsp;<\/div>\n<div>Ccomposici\u00f3n: es un di\u00f3xido de silicio. &nbsp;<\/div>\n","protected":false},"excerpt":{"rendered":"<div>Cuidado de las heridas emocionales. &nbsp;<\/div>\n<div>Superaci\u00f3n del sentimiento de abandono, disoluci\u00f3n de cargas emocionales, resentimiento  y del temor emocional. &nbsp;<\/div>\n","protected":false},"featured_media":15117,"comment_status":"open","ping_status":"closed","template":"","meta":{"_acf_changed":false,"rs_blank_template":"","rs_page_bg_color":"","slide_template_v7":""},"product_brand":[],"product_cat":[287,391],"product_tag":[],"class_list":{"0":"post-15116","1":"product","2":"type-product","3":"status-publish","4":"has-post-thumbnail","6":"product_cat-familias","7":"product_cat-massage-oil","9":"first","10":"instock","11":"shipping-taxable","12":"purchasable","13":"product-type-simple"},"acf":[],"_links":{"self":[{"href":"https:\/\/esentialaroms.com\/es\/wp-json\/wp\/v2\/product\/15116","targetHints":{"allow":["GET"]}}],"collection":[{"href":"https:\/\/esentialaroms.com\/es\/wp-json\/wp\/v2\/product"}],"about":[{"href":"https:\/\/esentialaroms.com\/es\/wp-json\/wp\/v2\/types\/product"}],"replies":[{"embeddable":true,"href":"https:\/\/esentialaroms.com\/es\/wp-json\/wp\/v2\/comments?post=15116"}],"version-history":[{"count":0,"href":"https:\/\/esentialaroms.com\/es\/wp-json\/wp\/v2\/product\/15116\/revisions"}],"wp:featuredmedia":[{"embeddable":true,"href":"https:\/\/esentialaroms.com\/es\/wp-json\/wp\/v2\/media\/15117"}],"wp:attachment":[{"href":"https:\/\/esentialaroms.com\/es\/wp-json\/wp\/v2\/media?parent=15116"}],"wp:term":[{"taxonomy":"product_brand","embeddable":true,"href":"https:\/\/esentialaroms.com\/es\/wp-json\/wp\/v2\/product_brand?post=15116"},{"taxonomy":"product_cat","embeddable":true,"href":"https:\/\/esentialaroms.com\/es\/wp-json\/wp\/v2\/product_cat?post=15116"},{"taxonomy":"product_tag","embeddable":true,"href":"https:\/\/esentialaroms.com\/es\/wp-json\/wp\/v2\/product_tag?post=15116"}],"curies":[{"name":"wp","href":"https:\/\/api.w.org\/{rel}","templated":true}]}}