{"id":14893,"date":"2026-05-07T13:55:51","date_gmt":"2026-05-07T11:55:51","guid":{"rendered":"https:\/\/esentialaroms.com\/productos\/esentialdiffuser-difusor-de-aceites-esenciales-con-cromoterapia\/"},"modified":"2026-05-07T14:23:17","modified_gmt":"2026-05-07T12:23:17","slug":"esentialdiffuser-difusor-de-aceites-esenciales-con-cromoterapia","status":"publish","type":"product","link":"https:\/\/esentialaroms.com\/es\/productos\/esentialdiffuser-difusor-de-aceites-esenciales-con-cromoterapia\/","title":{"rendered":"ESENTIAL&#8217;DIFFUSER difusor de aceites esenciales con cromoterapia"},"content":{"rendered":"<div>DISFRUTA DE LA PSICO-AROMATERAPIA CIENT\u00cdFICA EN CASA. &nbsp;<\/div>\n<div>El difusor ESENTIAL\u2019DIFFUSER de aceites esenciales permite difundir las mol\u00e9culas arom\u00e1ticas de un aceite esencial o mezcla a trav\u00e9s del aire, favoreciendo su volatilidad de forma natural. Este m\u00e9todo de difusi\u00f3n nunca calienta el aceite esencial, lo que podr\u00eda alterar sus propiedades. Imag\u00ednate que caminas por un campo de lavanda o paseas por un prado alpino&#8230; \u00a1Con\u00e9ctate con la naturaleza m\u00e1s pura desde tu casa y&#8230; disfruta del bienestar! &nbsp;<\/div>\n","protected":false},"excerpt":{"rendered":"<div>Difunde las mol\u00e9culas arom\u00e1ticas de un aceite esencial o mezcla a trav\u00e9s del aire favoreciendo su volatilidad de forma natural. &nbsp;<\/div>\n","protected":false},"featured_media":14894,"comment_status":"open","ping_status":"closed","template":"","meta":{"_acf_changed":false,"rs_blank_template":"","rs_page_bg_color":"","slide_template_v7":""},"product_brand":[],"product_cat":[286,299,296,295,285],"product_tag":[],"class_list":{"0":"post-14893","1":"product","2":"type-product","3":"status-publish","4":"has-post-thumbnail","6":"product_cat-aromaterapia","7":"product_cat-esential-diffusion-sinergias-aromaticas","8":"product_cat-masaje-antiestres-y-antifatiga","9":"product_cat-masajes-terapeuticos","10":"product_cat-necesidad","12":"first","13":"instock","14":"shipping-taxable","15":"purchasable","16":"product-type-simple"},"acf":[],"_links":{"self":[{"href":"https:\/\/esentialaroms.com\/es\/wp-json\/wp\/v2\/product\/14893","targetHints":{"allow":["GET"]}}],"collection":[{"href":"https:\/\/esentialaroms.com\/es\/wp-json\/wp\/v2\/product"}],"about":[{"href":"https:\/\/esentialaroms.com\/es\/wp-json\/wp\/v2\/types\/product"}],"replies":[{"embeddable":true,"href":"https:\/\/esentialaroms.com\/es\/wp-json\/wp\/v2\/comments?post=14893"}],"version-history":[{"count":0,"href":"https:\/\/esentialaroms.com\/es\/wp-json\/wp\/v2\/product\/14893\/revisions"}],"wp:featuredmedia":[{"embeddable":true,"href":"https:\/\/esentialaroms.com\/es\/wp-json\/wp\/v2\/media\/14894"}],"wp:attachment":[{"href":"https:\/\/esentialaroms.com\/es\/wp-json\/wp\/v2\/media?parent=14893"}],"wp:term":[{"taxonomy":"product_brand","embeddable":true,"href":"https:\/\/esentialaroms.com\/es\/wp-json\/wp\/v2\/product_brand?post=14893"},{"taxonomy":"product_cat","embeddable":true,"href":"https:\/\/esentialaroms.com\/es\/wp-json\/wp\/v2\/product_cat?post=14893"},{"taxonomy":"product_tag","embeddable":true,"href":"https:\/\/esentialaroms.com\/es\/wp-json\/wp\/v2\/product_tag?post=14893"}],"curies":[{"name":"wp","href":"https:\/\/api.w.org\/{rel}","templated":true}]}}