{"id":14011,"date":"2026-05-07T13:31:09","date_gmt":"2026-05-07T11:31:09","guid":{"rendered":"https:\/\/esentialaroms.com\/productos\/aceite-de-masaje-energy-1-litro\/"},"modified":"2026-05-07T14:22:51","modified_gmt":"2026-05-07T12:22:51","slug":"aceite-de-masaje-energy-1-litro","status":"publish","type":"product","link":"https:\/\/esentialaroms.com\/es\/productos\/aceite-de-masaje-energy-1-litro\/","title":{"rendered":"Aceite de masaje ENERGY 1 litro"},"content":{"rendered":"<div>El masaje aromaterap\u00e9utico constituye una oportunidad de transformaci\u00f3n personal, una herramienta \u00fanica de salud cuerpo-mente. A trav\u00e9s del automasaje aromaterap\u00e9utico Antifatiga vamos a tratar de activar la energ\u00eda vital, eliminar la fatiga y potenciar un buen estado de \u00e1nimo. Act\u00edvate por la ma\u00f1ana&#8230; masajea tu cuerpo friccion\u00e1ndolo con Aceite de Masaje arom\u00e1tico Antifatiga. &nbsp;<\/div>\n","protected":false},"excerpt":{"rendered":"<div>Activa la energ\u00eda vital, elimina la fatiga y potencia un buen estado de \u00e1nimo. &nbsp;<\/div>\n<div>El aceite de masaje aromaterap\u00e9utico ENERGY contiene las esencias que proceden de las c\u00e1scaras de los c\u00edtricos: naranja, mandarina, pomelo y lima. Todas ellas se asocian a una sinergia de aceites vegetales v\u00edrgenes de 1\u00aa presi\u00f3n en fr\u00edo de almendras dulces, avellana, s\u00e9samo y girasol. &nbsp;<\/div>\n","protected":false},"featured_media":14012,"comment_status":"open","ping_status":"closed","template":"","meta":{"_acf_changed":false,"rs_blank_template":"","rs_page_bg_color":"","slide_template_v7":""},"product_brand":[],"product_cat":[287,296,295,391,285],"product_tag":[],"class_list":{"0":"post-14011","1":"product","2":"type-product","3":"status-publish","4":"has-post-thumbnail","6":"product_cat-familias","7":"product_cat-masaje-antiestres-y-antifatiga","8":"product_cat-masajes-terapeuticos","9":"product_cat-massage-oil","10":"product_cat-necesidad","12":"first","13":"instock","14":"shipping-taxable","15":"purchasable","16":"product-type-simple"},"acf":[],"_links":{"self":[{"href":"https:\/\/esentialaroms.com\/es\/wp-json\/wp\/v2\/product\/14011","targetHints":{"allow":["GET"]}}],"collection":[{"href":"https:\/\/esentialaroms.com\/es\/wp-json\/wp\/v2\/product"}],"about":[{"href":"https:\/\/esentialaroms.com\/es\/wp-json\/wp\/v2\/types\/product"}],"replies":[{"embeddable":true,"href":"https:\/\/esentialaroms.com\/es\/wp-json\/wp\/v2\/comments?post=14011"}],"version-history":[{"count":0,"href":"https:\/\/esentialaroms.com\/es\/wp-json\/wp\/v2\/product\/14011\/revisions"}],"wp:featuredmedia":[{"embeddable":true,"href":"https:\/\/esentialaroms.com\/es\/wp-json\/wp\/v2\/media\/14012"}],"wp:attachment":[{"href":"https:\/\/esentialaroms.com\/es\/wp-json\/wp\/v2\/media?parent=14011"}],"wp:term":[{"taxonomy":"product_brand","embeddable":true,"href":"https:\/\/esentialaroms.com\/es\/wp-json\/wp\/v2\/product_brand?post=14011"},{"taxonomy":"product_cat","embeddable":true,"href":"https:\/\/esentialaroms.com\/es\/wp-json\/wp\/v2\/product_cat?post=14011"},{"taxonomy":"product_tag","embeddable":true,"href":"https:\/\/esentialaroms.com\/es\/wp-json\/wp\/v2\/product_tag?post=14011"}],"curies":[{"name":"wp","href":"https:\/\/api.w.org\/{rel}","templated":true}]}}