{"id":14000,"date":"2026-05-07T13:31:07","date_gmt":"2026-05-07T11:31:07","guid":{"rendered":"https:\/\/esentialaroms.com\/productos\/aceite-vegetal-virgen-de-comino-negro-nigella-sativa-bio-500-ml\/"},"modified":"2026-05-07T14:22:51","modified_gmt":"2026-05-07T12:22:51","slug":"aceite-vegetal-virgen-de-comino-negro-nigella-sativa-bio-500-ml","status":"publish","type":"product","link":"https:\/\/esentialaroms.com\/es\/productos\/aceite-vegetal-virgen-de-comino-negro-nigella-sativa-bio-500-ml\/","title":{"rendered":"Aceite vegetal virgen de COMINO NEGRO (Nigella sativa) BIO 500 ml"},"content":{"rendered":"","protected":false},"excerpt":{"rendered":"<div>Complemento alimenticio a base de aceite virgen de comino negro. Fuente de ?-6 y ?-9. &nbsp;<\/div>\n<div>El aceite vegetal virgen EXTRA es c\u00e1lido, arom\u00e1tico y amargo; destaca por su riqueza en \u00e1cidos grasos esenciales 75% (?6: 60% y ?9: 25%); adem\u00e1s posee un 1,4% de mol\u00e9culas que forman parte de su aceite esencial, como la nigellona, timoquinona, etc. &nbsp;<\/div>\n","protected":false},"featured_media":14001,"comment_status":"open","ping_status":"closed","template":"","meta":{"_acf_changed":false,"rs_blank_template":"","rs_page_bg_color":"","slide_template_v7":""},"product_brand":[],"product_cat":[297,286],"product_tag":[],"class_list":{"0":"post-14000","1":"product","2":"type-product","3":"status-publish","4":"has-post-thumbnail","6":"product_cat-aceites-vegetales","7":"product_cat-aromaterapia","9":"first","10":"instock","11":"shipping-taxable","12":"purchasable","13":"product-type-simple"},"acf":[],"_links":{"self":[{"href":"https:\/\/esentialaroms.com\/es\/wp-json\/wp\/v2\/product\/14000","targetHints":{"allow":["GET"]}}],"collection":[{"href":"https:\/\/esentialaroms.com\/es\/wp-json\/wp\/v2\/product"}],"about":[{"href":"https:\/\/esentialaroms.com\/es\/wp-json\/wp\/v2\/types\/product"}],"replies":[{"embeddable":true,"href":"https:\/\/esentialaroms.com\/es\/wp-json\/wp\/v2\/comments?post=14000"}],"version-history":[{"count":0,"href":"https:\/\/esentialaroms.com\/es\/wp-json\/wp\/v2\/product\/14000\/revisions"}],"wp:featuredmedia":[{"embeddable":true,"href":"https:\/\/esentialaroms.com\/es\/wp-json\/wp\/v2\/media\/14001"}],"wp:attachment":[{"href":"https:\/\/esentialaroms.com\/es\/wp-json\/wp\/v2\/media?parent=14000"}],"wp:term":[{"taxonomy":"product_brand","embeddable":true,"href":"https:\/\/esentialaroms.com\/es\/wp-json\/wp\/v2\/product_brand?post=14000"},{"taxonomy":"product_cat","embeddable":true,"href":"https:\/\/esentialaroms.com\/es\/wp-json\/wp\/v2\/product_cat?post=14000"},{"taxonomy":"product_tag","embeddable":true,"href":"https:\/\/esentialaroms.com\/es\/wp-json\/wp\/v2\/product_tag?post=14000"}],"curies":[{"name":"wp","href":"https:\/\/api.w.org\/{rel}","templated":true}]}}