{"id":13993,"date":"2026-05-07T13:31:05","date_gmt":"2026-05-07T11:31:05","guid":{"rendered":"https:\/\/esentialaroms.com\/productos\/aceite-vegetal-virgen-de-baobab-adansonia-digitata-bio-500-ml\/"},"modified":"2026-05-07T14:22:51","modified_gmt":"2026-05-07T12:22:51","slug":"aceite-vegetal-virgen-de-baobab-adansonia-digitata-bio-500-ml","status":"publish","type":"product","link":"https:\/\/esentialaroms.com\/es\/productos\/aceite-vegetal-virgen-de-baobab-adansonia-digitata-bio-500-ml\/","title":{"rendered":"Aceite vegetal virgen de BAOBAB (Adansonia digitata) BIO 500 ml"},"content":{"rendered":"","protected":false},"excerpt":{"rendered":"<div>El aceite virgen de baobab BIO del Senegal proviene de las semillas del m\u00edtico \u00e1rbol del mismo nombre, conocido por su longevidad (3.000 a\u00f1os). Ha sido utilizado para el cuidado de la piel durante siglos y tiene un 40% de \u00e1cidos grasos esenciales: 35% de \u00e1cido oleico (O-9), 30% de \u00e1cido linol\u00e9nico (O-6) y 5% de \u00e1cido a-linol\u00e9nico (O-3 vegetal). Adem\u00e1s, contiene vitaminas A, D y E de forma natural, con propiedades altamente hidratantes y emolientes para la piel y el cabello. Este aceite se absorbe r\u00e1pidamente sin dejar residuo graso, aumenta la elasticidad de la piel, estimula la regeneraci\u00f3n celular, no obstruye los poros, calma y suaviza la piel. &nbsp;<\/div>\n","protected":false},"featured_media":14119,"comment_status":"open","ping_status":"closed","template":"","meta":{"_acf_changed":false,"rs_blank_template":"","rs_page_bg_color":"","slide_template_v7":""},"product_brand":[],"product_cat":[297,286],"product_tag":[],"class_list":{"0":"post-13993","1":"product","2":"type-product","3":"status-publish","4":"has-post-thumbnail","6":"product_cat-aceites-vegetales","7":"product_cat-aromaterapia","9":"first","10":"instock","11":"shipping-taxable","12":"purchasable","13":"product-type-simple"},"acf":[],"_links":{"self":[{"href":"https:\/\/esentialaroms.com\/es\/wp-json\/wp\/v2\/product\/13993","targetHints":{"allow":["GET"]}}],"collection":[{"href":"https:\/\/esentialaroms.com\/es\/wp-json\/wp\/v2\/product"}],"about":[{"href":"https:\/\/esentialaroms.com\/es\/wp-json\/wp\/v2\/types\/product"}],"replies":[{"embeddable":true,"href":"https:\/\/esentialaroms.com\/es\/wp-json\/wp\/v2\/comments?post=13993"}],"version-history":[{"count":0,"href":"https:\/\/esentialaroms.com\/es\/wp-json\/wp\/v2\/product\/13993\/revisions"}],"wp:featuredmedia":[{"embeddable":true,"href":"https:\/\/esentialaroms.com\/es\/wp-json\/wp\/v2\/media\/14119"}],"wp:attachment":[{"href":"https:\/\/esentialaroms.com\/es\/wp-json\/wp\/v2\/media?parent=13993"}],"wp:term":[{"taxonomy":"product_brand","embeddable":true,"href":"https:\/\/esentialaroms.com\/es\/wp-json\/wp\/v2\/product_brand?post=13993"},{"taxonomy":"product_cat","embeddable":true,"href":"https:\/\/esentialaroms.com\/es\/wp-json\/wp\/v2\/product_cat?post=13993"},{"taxonomy":"product_tag","embeddable":true,"href":"https:\/\/esentialaroms.com\/es\/wp-json\/wp\/v2\/product_tag?post=13993"}],"curies":[{"name":"wp","href":"https:\/\/api.w.org\/{rel}","templated":true}]}}