{"id":12793,"date":"2026-05-07T13:06:24","date_gmt":"2026-05-07T11:06:24","guid":{"rendered":"https:\/\/esentialaroms.com\/productos\/hidrolato-de-lavanda-lavandula-angustifolia-1-litro\/"},"modified":"2026-05-07T14:22:17","modified_gmt":"2026-05-07T12:22:17","slug":"hidrolato-de-lavanda-lavandula-angustifolia-1-litro","status":"publish","type":"product","link":"https:\/\/esentialaroms.com\/es\/productos\/hidrolato-de-lavanda-lavandula-angustifolia-1-litro\/","title":{"rendered":"Hidrolato de LAVANDA (Lavandula angustifolia) 1 litro"},"content":{"rendered":"<div>El agua floral o hidrolato es un producto totalmente natural que se obtiene a trav\u00e9s de la destilaci\u00f3n al vapor de agua de plantas arom\u00e1ticas. Gracias a este m\u00e9todo, contiene las mol\u00e9culas y fitoactivos de dichas plantas, que le aportan su aroma y sus propiedades \u00fanicas para la piel. &nbsp;<\/div>\n<div>ATENCI\u00d3N A LAS FALSIFICACIONES: se venden mal llamadas aguas florales que no son un producto aut\u00e9ntico. Son solamente agua destilada con aromas, muchas veces artificiales. Si utilizamos estos productos que no son naturales, no vamos a poder beneficiarnos de las propiedades que nos aporta un agua floral aut\u00e9ntica. &nbsp;<\/div>\n","protected":false},"excerpt":{"rendered":"<div>Hidrolato de sumidades floridas de lavanda procedente de la Agricultura Ecol\u00f3gica. Recomendado para descongestionar y regular la piel mixta-grasa y con tendencia al acn\u00e9. &nbsp;<\/div>\n<div>Relaja, libera tensiones y ayuda a expresar emociones. &nbsp;<\/div>\n<div>Siente los beneficios de los aut\u00e9nticos hidrolatos en tu piel y en tus emociones. &nbsp;<\/div>\n","protected":false},"featured_media":12794,"comment_status":"open","ping_status":"closed","template":"","meta":{"_acf_changed":false,"rs_blank_template":"","rs_page_bg_color":"","slide_template_v7":""},"product_brand":[],"product_cat":[286,288,385,285,290],"product_tag":[],"class_list":{"0":"post-12793","1":"product","2":"type-product","3":"status-publish","4":"has-post-thumbnail","6":"product_cat-aromaterapia","7":"product_cat-facial","8":"product_cat-hidrolatos-aromaticos-o-aguas-florales","9":"product_cat-necesidad","10":"product_cat-tipo-de-piel","12":"first","13":"instock","14":"shipping-taxable","15":"purchasable","16":"product-type-simple"},"acf":[],"_links":{"self":[{"href":"https:\/\/esentialaroms.com\/es\/wp-json\/wp\/v2\/product\/12793","targetHints":{"allow":["GET"]}}],"collection":[{"href":"https:\/\/esentialaroms.com\/es\/wp-json\/wp\/v2\/product"}],"about":[{"href":"https:\/\/esentialaroms.com\/es\/wp-json\/wp\/v2\/types\/product"}],"replies":[{"embeddable":true,"href":"https:\/\/esentialaroms.com\/es\/wp-json\/wp\/v2\/comments?post=12793"}],"version-history":[{"count":0,"href":"https:\/\/esentialaroms.com\/es\/wp-json\/wp\/v2\/product\/12793\/revisions"}],"wp:featuredmedia":[{"embeddable":true,"href":"https:\/\/esentialaroms.com\/es\/wp-json\/wp\/v2\/media\/12794"}],"wp:attachment":[{"href":"https:\/\/esentialaroms.com\/es\/wp-json\/wp\/v2\/media?parent=12793"}],"wp:term":[{"taxonomy":"product_brand","embeddable":true,"href":"https:\/\/esentialaroms.com\/es\/wp-json\/wp\/v2\/product_brand?post=12793"},{"taxonomy":"product_cat","embeddable":true,"href":"https:\/\/esentialaroms.com\/es\/wp-json\/wp\/v2\/product_cat?post=12793"},{"taxonomy":"product_tag","embeddable":true,"href":"https:\/\/esentialaroms.com\/es\/wp-json\/wp\/v2\/product_tag?post=12793"}],"curies":[{"name":"wp","href":"https:\/\/api.w.org\/{rel}","templated":true}]}}