{"id":12749,"date":"2026-05-07T13:06:12","date_gmt":"2026-05-07T11:06:12","guid":{"rendered":"https:\/\/esentialaroms.com\/productos\/aceite-de-masaje-estrias-control-500-ml\/"},"modified":"2026-05-07T14:22:15","modified_gmt":"2026-05-07T12:22:15","slug":"aceite-de-masaje-estrias-control-500-ml","status":"publish","type":"product","link":"https:\/\/esentialaroms.com\/es\/productos\/aceite-de-masaje-estrias-control-500-ml\/","title":{"rendered":"Aceite de masaje ESTR\u00cdAS CONTROL 500 ml"},"content":{"rendered":"<div>El masaje aromaterap\u00e9utico constituye una oportunidad de transformaci\u00f3n personal, una herramienta \u00fanica de salud cuerpo-mente. &nbsp;<\/div>\n","protected":false},"excerpt":{"rendered":"<div>Mejora la elasticidad a la piel del vientre. &nbsp;<\/div>\n<div>Los aceites vegetales que incluye este aceite corporal son de primera presi\u00f3n en fr\u00edo y aportan a la piel una gran riqueza en \u00e1cidos grasos esenciales O-3, O-6 y O-9, as\u00ed como ceramidas vegetales procedentes del aceite de jojoba. Todo ello contribuye a regenerar, hidratar en profundidad y aumentar la elasticidad de la piel. &nbsp;<\/div>\n","protected":false},"featured_media":12750,"comment_status":"open","ping_status":"closed","template":"","meta":{"_acf_changed":false,"rs_blank_template":"","rs_page_bg_color":"","slide_template_v7":""},"product_brand":[],"product_cat":[378,405,383,287,285],"product_tag":[],"class_list":{"0":"post-12749","1":"product","2":"type-product","3":"status-publish","4":"has-post-thumbnail","6":"product_cat-corporal","7":"product_cat-cuidado-corporal","8":"product_cat-esentialwoman","9":"product_cat-familias","10":"product_cat-necesidad","12":"first","13":"instock","14":"shipping-taxable","15":"purchasable","16":"product-type-simple"},"acf":[],"_links":{"self":[{"href":"https:\/\/esentialaroms.com\/es\/wp-json\/wp\/v2\/product\/12749","targetHints":{"allow":["GET"]}}],"collection":[{"href":"https:\/\/esentialaroms.com\/es\/wp-json\/wp\/v2\/product"}],"about":[{"href":"https:\/\/esentialaroms.com\/es\/wp-json\/wp\/v2\/types\/product"}],"replies":[{"embeddable":true,"href":"https:\/\/esentialaroms.com\/es\/wp-json\/wp\/v2\/comments?post=12749"}],"version-history":[{"count":0,"href":"https:\/\/esentialaroms.com\/es\/wp-json\/wp\/v2\/product\/12749\/revisions"}],"wp:featuredmedia":[{"embeddable":true,"href":"https:\/\/esentialaroms.com\/es\/wp-json\/wp\/v2\/media\/12750"}],"wp:attachment":[{"href":"https:\/\/esentialaroms.com\/es\/wp-json\/wp\/v2\/media?parent=12749"}],"wp:term":[{"taxonomy":"product_brand","embeddable":true,"href":"https:\/\/esentialaroms.com\/es\/wp-json\/wp\/v2\/product_brand?post=12749"},{"taxonomy":"product_cat","embeddable":true,"href":"https:\/\/esentialaroms.com\/es\/wp-json\/wp\/v2\/product_cat?post=12749"},{"taxonomy":"product_tag","embeddable":true,"href":"https:\/\/esentialaroms.com\/es\/wp-json\/wp\/v2\/product_tag?post=12749"}],"curies":[{"name":"wp","href":"https:\/\/api.w.org\/{rel}","templated":true}]}}