{"id":12738,"date":"2026-05-07T13:06:09","date_gmt":"2026-05-07T11:06:09","guid":{"rendered":"https:\/\/esentialaroms.com\/productos\/aceite-de-masaje-senos-firmes-500-ml\/"},"modified":"2026-05-07T14:22:15","modified_gmt":"2026-05-07T12:22:15","slug":"aceite-de-masaje-senos-firmes-500-ml","status":"publish","type":"product","link":"https:\/\/esentialaroms.com\/es\/productos\/aceite-de-masaje-senos-firmes-500-ml\/","title":{"rendered":"Aceite de masaje SENOS FIRMES 500 ml"},"content":{"rendered":"<div>El masaje aromaterap\u00e9utico constituye una oportunidad de transformaci\u00f3n personal, una herramienta \u00fanica de salud cuerpo-mente. El Aceite de Masaje Firmeza de Senos, te ayuda a tonificar y reafirmar los senos. &nbsp;<\/div>\n","protected":false},"excerpt":{"rendered":"<div>Ayuda a tonificar y reafirmar los senos. &nbsp;<\/div>\n<div>Aceites vegetales de 1.\u00aa presi\u00f3n en fr\u00edo de avellana, nuez de albaricoque, onagra, s\u00e9samo y girasol; aceites esenciales (A.E.B.B.D.*) de geranio, amaro, lemongrass, ylang-ylang obtenido por destilaci\u00f3n completa y rosa de Bulgaria. *Aceites Esenciales Bot\u00e1nica y Bioqu\u00edmicamente Definidos. &nbsp;<\/div>\n<div>Los aceites de masaje arom\u00e1ticos que os ofrecemos se componen de una base vegetal o aceite vehicular de 1.\u00aa presi\u00f3n en fr\u00edo \u201cafrutado\u201d donde se ha diluido una mezcla de Aceites Esenciales Bot\u00e1nica y Bioqu\u00edmicamente Definidos espec\u00edficos para conseguir un efecto de confort y bienestar. &nbsp;<\/div>\n","protected":false},"featured_media":12739,"comment_status":"open","ping_status":"closed","template":"","meta":{"_acf_changed":false,"rs_blank_template":"","rs_page_bg_color":"","slide_template_v7":""},"product_brand":[],"product_cat":[383,287],"product_tag":[],"class_list":{"0":"post-12738","1":"product","2":"type-product","3":"status-publish","4":"has-post-thumbnail","6":"product_cat-esentialwoman","7":"product_cat-familias","9":"first","10":"instock","11":"shipping-taxable","12":"purchasable","13":"product-type-simple"},"acf":[],"_links":{"self":[{"href":"https:\/\/esentialaroms.com\/es\/wp-json\/wp\/v2\/product\/12738","targetHints":{"allow":["GET"]}}],"collection":[{"href":"https:\/\/esentialaroms.com\/es\/wp-json\/wp\/v2\/product"}],"about":[{"href":"https:\/\/esentialaroms.com\/es\/wp-json\/wp\/v2\/types\/product"}],"replies":[{"embeddable":true,"href":"https:\/\/esentialaroms.com\/es\/wp-json\/wp\/v2\/comments?post=12738"}],"version-history":[{"count":0,"href":"https:\/\/esentialaroms.com\/es\/wp-json\/wp\/v2\/product\/12738\/revisions"}],"wp:featuredmedia":[{"embeddable":true,"href":"https:\/\/esentialaroms.com\/es\/wp-json\/wp\/v2\/media\/12739"}],"wp:attachment":[{"href":"https:\/\/esentialaroms.com\/es\/wp-json\/wp\/v2\/media?parent=12738"}],"wp:term":[{"taxonomy":"product_brand","embeddable":true,"href":"https:\/\/esentialaroms.com\/es\/wp-json\/wp\/v2\/product_brand?post=12738"},{"taxonomy":"product_cat","embeddable":true,"href":"https:\/\/esentialaroms.com\/es\/wp-json\/wp\/v2\/product_cat?post=12738"},{"taxonomy":"product_tag","embeddable":true,"href":"https:\/\/esentialaroms.com\/es\/wp-json\/wp\/v2\/product_tag?post=12738"}],"curies":[{"name":"wp","href":"https:\/\/api.w.org\/{rel}","templated":true}]}}