{"id":12727,"date":"2026-05-07T13:06:06","date_gmt":"2026-05-07T11:06:06","guid":{"rendered":"https:\/\/esentialaroms.com\/productos\/aceite-de-masaje-celulit-control-1-litro\/"},"modified":"2026-05-07T14:22:15","modified_gmt":"2026-05-07T12:22:15","slug":"aceite-de-masaje-celulit-control-1-litro","status":"publish","type":"product","link":"https:\/\/esentialaroms.com\/es\/productos\/aceite-de-masaje-celulit-control-1-litro\/","title":{"rendered":"Aceite de masaje CELULIT CONTROL 1 litro"},"content":{"rendered":"<div>El masaje aromaterap\u00e9utico constituye una oportunidad de transformaci\u00f3n personal, una herramienta \u00fanica de salud cuerpo-mente. El Aceite de Masaje Celulit, te ayudar\u00e1 a definir tu figura. &nbsp;<\/div>\n","protected":false},"excerpt":{"rendered":"<div>Ayuda a definir tu figura. &nbsp;<\/div>\n<div>Aceites vegetales de 1.\u00aa presi\u00f3n en fr\u00edo de macadamia, s\u00e9samo, girasol, almendra y avellana; extractos lip\u00eddicos o macerados de Fucus vesiculosus y hiedra; aceites esenciales (A.E.B.B.D.*) de palmarosa, abeto de Siberia, eucalipto, salvia, cipr\u00e9s, cajeput, zanahoria, laurel, enebro, geranio y lemongrass; vitamina E natural. *Aceites Esenciales Bot\u00e1nica y Bioqu\u00edmicamente Definidos. &nbsp;<\/div>\n<div>Los aceites de masaje arom\u00e1ticos que os ofrecemos se componen de una base vegetal o aceite vehicular de 1.\u00aa presi\u00f3n en fr\u00edo \u201cafrutado\u201d donde se ha diluido una mezcla de Aceites Esenciales Bot\u00e1nica y Bioqu\u00edmicamente Definidos espec\u00edficos para conseguir un efecto de confort y bienestar. &nbsp;<\/div>\n","protected":false},"featured_media":12728,"comment_status":"open","ping_status":"closed","template":"","meta":{"_acf_changed":false,"rs_blank_template":"","rs_page_bg_color":"","slide_template_v7":""},"product_brand":[],"product_cat":[372,383,287],"product_tag":[],"class_list":{"0":"post-12727","1":"product","2":"type-product","3":"status-publish","4":"has-post-thumbnail","6":"product_cat-anticelulitis","7":"product_cat-esentialwoman","8":"product_cat-familias","10":"first","11":"instock","12":"shipping-taxable","13":"purchasable","14":"product-type-simple"},"acf":[],"_links":{"self":[{"href":"https:\/\/esentialaroms.com\/es\/wp-json\/wp\/v2\/product\/12727","targetHints":{"allow":["GET"]}}],"collection":[{"href":"https:\/\/esentialaroms.com\/es\/wp-json\/wp\/v2\/product"}],"about":[{"href":"https:\/\/esentialaroms.com\/es\/wp-json\/wp\/v2\/types\/product"}],"replies":[{"embeddable":true,"href":"https:\/\/esentialaroms.com\/es\/wp-json\/wp\/v2\/comments?post=12727"}],"version-history":[{"count":0,"href":"https:\/\/esentialaroms.com\/es\/wp-json\/wp\/v2\/product\/12727\/revisions"}],"wp:featuredmedia":[{"embeddable":true,"href":"https:\/\/esentialaroms.com\/es\/wp-json\/wp\/v2\/media\/12728"}],"wp:attachment":[{"href":"https:\/\/esentialaroms.com\/es\/wp-json\/wp\/v2\/media?parent=12727"}],"wp:term":[{"taxonomy":"product_brand","embeddable":true,"href":"https:\/\/esentialaroms.com\/es\/wp-json\/wp\/v2\/product_brand?post=12727"},{"taxonomy":"product_cat","embeddable":true,"href":"https:\/\/esentialaroms.com\/es\/wp-json\/wp\/v2\/product_cat?post=12727"},{"taxonomy":"product_tag","embeddable":true,"href":"https:\/\/esentialaroms.com\/es\/wp-json\/wp\/v2\/product_tag?post=12727"}],"curies":[{"name":"wp","href":"https:\/\/api.w.org\/{rel}","templated":true}]}}