{"id":12716,"date":"2026-05-07T13:06:02","date_gmt":"2026-05-07T11:06:02","guid":{"rendered":"https:\/\/esentialaroms.com\/productos\/aceite-de-masaje-piernas-bienestar-1-litro\/"},"modified":"2026-05-07T14:22:15","modified_gmt":"2026-05-07T12:22:15","slug":"aceite-de-masaje-piernas-bienestar-1-litro","status":"publish","type":"product","link":"https:\/\/esentialaroms.com\/es\/productos\/aceite-de-masaje-piernas-bienestar-1-litro\/","title":{"rendered":"Aceite de masaje PIERNAS BIENESTAR 1 litro"},"content":{"rendered":"<div>El masaje aromaterap\u00e9utico constituye una oportunidad de transformaci\u00f3n personal, una herramienta \u00fanica de salud cuerpo-mente. A trav\u00e9s del auto-masaje aromaterap\u00e9utico Piernas, vamos a tratar de tonificar el sistema venoso, y favorecer un buen descanso para las piernas pesadas. &nbsp;<\/div>\n","protected":false},"excerpt":{"rendered":"<div>Tonifica el sistema venoso, y favorece un buen descanso para las piernas pesadas. &nbsp;<\/div>\n<div>Aceites vegetales de 1.\u00aa presi\u00f3n en fr\u00edo de macadamia, s\u00e9samo y girasol; aceites esenciales (A.E.B.B.D.*) de cipr\u00e9s, romero 1,8 cineol, lavandina, tomillo, menta piperita, abeto de Siberia y jara. *Aceites Esenciales Bot\u00e1nica y Bioqu\u00edmicamente Definidos. &nbsp;<\/div>\n","protected":false},"featured_media":12717,"comment_status":"open","ping_status":"closed","template":"","meta":{"_acf_changed":false,"rs_blank_template":"","rs_page_bg_color":"","slide_template_v7":""},"product_brand":[],"product_cat":[378,379,383,287,408,295,285,411],"product_tag":[],"class_list":{"0":"post-12716","1":"product","2":"type-product","3":"status-publish","4":"has-post-thumbnail","6":"product_cat-corporal","7":"product_cat-deportistas","8":"product_cat-esentialwoman","9":"product_cat-familias","10":"product_cat-masaje-adultos","11":"product_cat-masajes-terapeuticos","12":"product_cat-necesidad","13":"product_cat-piernas-y-pies","15":"first","16":"instock","17":"shipping-taxable","18":"purchasable","19":"product-type-simple"},"acf":[],"_links":{"self":[{"href":"https:\/\/esentialaroms.com\/es\/wp-json\/wp\/v2\/product\/12716","targetHints":{"allow":["GET"]}}],"collection":[{"href":"https:\/\/esentialaroms.com\/es\/wp-json\/wp\/v2\/product"}],"about":[{"href":"https:\/\/esentialaroms.com\/es\/wp-json\/wp\/v2\/types\/product"}],"replies":[{"embeddable":true,"href":"https:\/\/esentialaroms.com\/es\/wp-json\/wp\/v2\/comments?post=12716"}],"version-history":[{"count":0,"href":"https:\/\/esentialaroms.com\/es\/wp-json\/wp\/v2\/product\/12716\/revisions"}],"wp:featuredmedia":[{"embeddable":true,"href":"https:\/\/esentialaroms.com\/es\/wp-json\/wp\/v2\/media\/12717"}],"wp:attachment":[{"href":"https:\/\/esentialaroms.com\/es\/wp-json\/wp\/v2\/media?parent=12716"}],"wp:term":[{"taxonomy":"product_brand","embeddable":true,"href":"https:\/\/esentialaroms.com\/es\/wp-json\/wp\/v2\/product_brand?post=12716"},{"taxonomy":"product_cat","embeddable":true,"href":"https:\/\/esentialaroms.com\/es\/wp-json\/wp\/v2\/product_cat?post=12716"},{"taxonomy":"product_tag","embeddable":true,"href":"https:\/\/esentialaroms.com\/es\/wp-json\/wp\/v2\/product_tag?post=12716"}],"curies":[{"name":"wp","href":"https:\/\/api.w.org\/{rel}","templated":true}]}}