{"id":12705,"date":"2026-05-07T13:05:59","date_gmt":"2026-05-07T11:05:59","guid":{"rendered":"https:\/\/esentialaroms.com\/productos\/aceite-de-masaje-arnica-reflex-1-litro\/"},"modified":"2026-05-07T14:22:15","modified_gmt":"2026-05-07T12:22:15","slug":"aceite-de-masaje-arnica-reflex-1-litro","status":"publish","type":"product","link":"https:\/\/esentialaroms.com\/es\/productos\/aceite-de-masaje-arnica-reflex-1-litro\/","title":{"rendered":"Aceite de masaje \u00c1RNICA-REFLEX 1 litro"},"content":{"rendered":"<div>El masaje aromaterap\u00e9utico constituye una oportunidad de transformaci\u00f3n personal, una herramienta \u00fanica de salud cuerpo-mente. El Aceite de Masaje Nuca-Espalda, debe aplicarse cuando la tensi\u00f3n y el estr\u00e9s se somatizan en contracturas en la zona cervical, dorsal y a lo largo de la espalda. &nbsp;<\/div>\n","protected":false},"excerpt":{"rendered":"<div>El aceite de masaje aromaterap\u00e9utico \u00c1RNICA-R\u00c9FLEX contiene los aceites esenciales de Ravesara arom\u00e1tica, naranjo-hojas, eucalipto citriodora, manzanilla romana y palmarosa. Todos ellos se asocian a una sinergia de aceites vegetales v\u00edrgenes con propiedades espec\u00edficas como son macadamia, s\u00e9samo, girasol y extracto lip\u00eddico de \u00e1rnica montana. &nbsp;<\/div>\n","protected":false},"featured_media":12706,"comment_status":"open","ping_status":"closed","template":"","meta":{"_acf_changed":false,"rs_blank_template":"","rs_page_bg_color":"","slide_template_v7":""},"product_brand":[],"product_cat":[379,287,408,296,295,391,285],"product_tag":[],"class_list":{"0":"post-12705","1":"product","2":"type-product","3":"status-publish","4":"has-post-thumbnail","6":"product_cat-deportistas","7":"product_cat-familias","8":"product_cat-masaje-adultos","9":"product_cat-masaje-antiestres-y-antifatiga","10":"product_cat-masajes-terapeuticos","11":"product_cat-massage-oil","12":"product_cat-necesidad","14":"first","15":"instock","16":"shipping-taxable","17":"purchasable","18":"product-type-simple"},"acf":[],"_links":{"self":[{"href":"https:\/\/esentialaroms.com\/es\/wp-json\/wp\/v2\/product\/12705","targetHints":{"allow":["GET"]}}],"collection":[{"href":"https:\/\/esentialaroms.com\/es\/wp-json\/wp\/v2\/product"}],"about":[{"href":"https:\/\/esentialaroms.com\/es\/wp-json\/wp\/v2\/types\/product"}],"replies":[{"embeddable":true,"href":"https:\/\/esentialaroms.com\/es\/wp-json\/wp\/v2\/comments?post=12705"}],"version-history":[{"count":0,"href":"https:\/\/esentialaroms.com\/es\/wp-json\/wp\/v2\/product\/12705\/revisions"}],"wp:featuredmedia":[{"embeddable":true,"href":"https:\/\/esentialaroms.com\/es\/wp-json\/wp\/v2\/media\/12706"}],"wp:attachment":[{"href":"https:\/\/esentialaroms.com\/es\/wp-json\/wp\/v2\/media?parent=12705"}],"wp:term":[{"taxonomy":"product_brand","embeddable":true,"href":"https:\/\/esentialaroms.com\/es\/wp-json\/wp\/v2\/product_brand?post=12705"},{"taxonomy":"product_cat","embeddable":true,"href":"https:\/\/esentialaroms.com\/es\/wp-json\/wp\/v2\/product_cat?post=12705"},{"taxonomy":"product_tag","embeddable":true,"href":"https:\/\/esentialaroms.com\/es\/wp-json\/wp\/v2\/product_tag?post=12705"}],"curies":[{"name":"wp","href":"https:\/\/api.w.org\/{rel}","templated":true}]}}