{"id":12694,"date":"2026-05-07T13:05:56","date_gmt":"2026-05-07T11:05:56","guid":{"rendered":"https:\/\/esentialaroms.com\/productos\/aceite-de-masaje-sensual-1-litro\/"},"modified":"2026-05-07T14:22:14","modified_gmt":"2026-05-07T12:22:14","slug":"aceite-de-masaje-sensual-1-litro","status":"publish","type":"product","link":"https:\/\/esentialaroms.com\/es\/productos\/aceite-de-masaje-sensual-1-litro\/","title":{"rendered":"Aceite de masaje SENSUAL 1 litro"},"content":{"rendered":"<div>El masaje aromaterap\u00e9utico constituye una oportunidad de transformaci\u00f3n personal, una herramienta \u00fanica de salud cuerpo-mente. El Masaje Sensual estimula la comunicaci\u00f3n de pareja, predispone a la apertura hacia nuestro\/a compa\u00f1ero\/ a, nos ayuda a relajarnos y a desconectar de las preocupaciones diarias, facilitando la comunicaci\u00f3n y disfrute del momento presente. &nbsp;<\/div>\n","protected":false},"excerpt":{"rendered":"<div>El aceite de masaje aromaterap\u00e9utico SENSUAL contiene aceites esenciales espec\u00edficos para estimular la l\u00edvido como son el jengibre, el ylang-ylang, la nuez moscada y la canela-corteza. Adem\u00e1s, contiene un gran vitalizante del estado de \u00e1nimo que es la esencia de c\u00e1scara de naranja. Todos ellos se asocian a una sinergia de aceites vegetales v\u00edrgenes con propiedades espec\u00edficas como son la nuez de macadamia, el s\u00e9samo y el girasol. &nbsp;<\/div>\n","protected":false},"featured_media":12695,"comment_status":"open","ping_status":"closed","template":"","meta":{"_acf_changed":false,"rs_blank_template":"","rs_page_bg_color":"","slide_template_v7":""},"product_brand":[],"product_cat":[287,408,295,391,285],"product_tag":[],"class_list":{"0":"post-12694","1":"product","2":"type-product","3":"status-publish","4":"has-post-thumbnail","6":"product_cat-familias","7":"product_cat-masaje-adultos","8":"product_cat-masajes-terapeuticos","9":"product_cat-massage-oil","10":"product_cat-necesidad","12":"first","13":"instock","14":"shipping-taxable","15":"purchasable","16":"product-type-simple"},"acf":[],"_links":{"self":[{"href":"https:\/\/esentialaroms.com\/es\/wp-json\/wp\/v2\/product\/12694","targetHints":{"allow":["GET"]}}],"collection":[{"href":"https:\/\/esentialaroms.com\/es\/wp-json\/wp\/v2\/product"}],"about":[{"href":"https:\/\/esentialaroms.com\/es\/wp-json\/wp\/v2\/types\/product"}],"replies":[{"embeddable":true,"href":"https:\/\/esentialaroms.com\/es\/wp-json\/wp\/v2\/comments?post=12694"}],"version-history":[{"count":0,"href":"https:\/\/esentialaroms.com\/es\/wp-json\/wp\/v2\/product\/12694\/revisions"}],"wp:featuredmedia":[{"embeddable":true,"href":"https:\/\/esentialaroms.com\/es\/wp-json\/wp\/v2\/media\/12695"}],"wp:attachment":[{"href":"https:\/\/esentialaroms.com\/es\/wp-json\/wp\/v2\/media?parent=12694"}],"wp:term":[{"taxonomy":"product_brand","embeddable":true,"href":"https:\/\/esentialaroms.com\/es\/wp-json\/wp\/v2\/product_brand?post=12694"},{"taxonomy":"product_cat","embeddable":true,"href":"https:\/\/esentialaroms.com\/es\/wp-json\/wp\/v2\/product_cat?post=12694"},{"taxonomy":"product_tag","embeddable":true,"href":"https:\/\/esentialaroms.com\/es\/wp-json\/wp\/v2\/product_tag?post=12694"}],"curies":[{"name":"wp","href":"https:\/\/api.w.org\/{rel}","templated":true}]}}