{"id":12683,"date":"2026-05-07T13:05:53","date_gmt":"2026-05-07T11:05:53","guid":{"rendered":"https:\/\/esentialaroms.com\/productos\/aceite-de-masaje-relax-1-litro\/"},"modified":"2026-05-07T14:22:14","modified_gmt":"2026-05-07T12:22:14","slug":"aceite-de-masaje-relax-1-litro","status":"publish","type":"product","link":"https:\/\/esentialaroms.com\/es\/productos\/aceite-de-masaje-relax-1-litro\/","title":{"rendered":"Aceite de masaje RELAX 1 litro"},"content":{"rendered":"<div>El masaje aromaterap\u00e9utico constituye una oportunidad de transformaci\u00f3n personal, una herramienta \u00fanica de salud cuerpo-mente. El Aceite de Masaje Relax, contiene aceites esenciales que poseen propiedades calmantes, tonificantes del sistema nervioso y que facilitan una respiraci\u00f3n sana y saludable permiti\u00e9ndonos distendernos y relajarnos de una manera f\u00e1cil y eficaz. &nbsp;<\/div>\n","protected":false},"excerpt":{"rendered":"<div>El Aceite de masaje aromaterap\u00e9utico RELAX contiene aceites esenciales espec\u00edficos para tratar el estr\u00e9s, la tensi\u00f3n nerviosa y la ansiedad, como son los aceites esenciales de naranjo-hojas, lavanda, manzanilla romana y palmarosa. Todos ellos se asocian a una sinergia de aceites vegetales v\u00edrgenes con propiedades espec\u00edficas como son macadamia, s\u00e9samo y girasol. &nbsp;<\/div>\n","protected":false},"featured_media":12684,"comment_status":"open","ping_status":"closed","template":"","meta":{"_acf_changed":false,"rs_blank_template":"","rs_page_bg_color":"","slide_template_v7":""},"product_brand":[],"product_cat":[289,288,287,408,296,295,391,285],"product_tag":[],"class_list":{"0":"post-12683","1":"product","2":"type-product","3":"status-publish","4":"has-post-thumbnail","6":"product_cat-cuidado-de-la-piel","7":"product_cat-facial","8":"product_cat-familias","9":"product_cat-masaje-adultos","10":"product_cat-masaje-antiestres-y-antifatiga","11":"product_cat-masajes-terapeuticos","12":"product_cat-massage-oil","13":"product_cat-necesidad","15":"first","16":"instock","17":"shipping-taxable","18":"purchasable","19":"product-type-simple"},"acf":[],"_links":{"self":[{"href":"https:\/\/esentialaroms.com\/es\/wp-json\/wp\/v2\/product\/12683","targetHints":{"allow":["GET"]}}],"collection":[{"href":"https:\/\/esentialaroms.com\/es\/wp-json\/wp\/v2\/product"}],"about":[{"href":"https:\/\/esentialaroms.com\/es\/wp-json\/wp\/v2\/types\/product"}],"replies":[{"embeddable":true,"href":"https:\/\/esentialaroms.com\/es\/wp-json\/wp\/v2\/comments?post=12683"}],"version-history":[{"count":0,"href":"https:\/\/esentialaroms.com\/es\/wp-json\/wp\/v2\/product\/12683\/revisions"}],"wp:featuredmedia":[{"embeddable":true,"href":"https:\/\/esentialaroms.com\/es\/wp-json\/wp\/v2\/media\/12684"}],"wp:attachment":[{"href":"https:\/\/esentialaroms.com\/es\/wp-json\/wp\/v2\/media?parent=12683"}],"wp:term":[{"taxonomy":"product_brand","embeddable":true,"href":"https:\/\/esentialaroms.com\/es\/wp-json\/wp\/v2\/product_brand?post=12683"},{"taxonomy":"product_cat","embeddable":true,"href":"https:\/\/esentialaroms.com\/es\/wp-json\/wp\/v2\/product_cat?post=12683"},{"taxonomy":"product_tag","embeddable":true,"href":"https:\/\/esentialaroms.com\/es\/wp-json\/wp\/v2\/product_tag?post=12683"}],"curies":[{"name":"wp","href":"https:\/\/api.w.org\/{rel}","templated":true}]}}