{"id":12548,"date":"2026-05-07T13:05:21","date_gmt":"2026-05-07T11:05:21","guid":{"rendered":"https:\/\/esentialaroms.com\/productos\/extracto-lipidico-de-arnica-arnica-montana-bio-100-ml\/"},"modified":"2026-05-07T14:22:11","modified_gmt":"2026-05-07T12:22:11","slug":"extracto-lipidico-de-arnica-arnica-montana-bio-100-ml","status":"publish","type":"product","link":"https:\/\/esentialaroms.com\/es\/productos\/extracto-lipidico-de-arnica-arnica-montana-bio-100-ml\/","title":{"rendered":"Extracto lip\u00eddico de \u00c1RNICA (Arnica montana) BIO 100 ml"},"content":{"rendered":"","protected":false},"excerpt":{"rendered":"<div>Macerado natural de flores de \u00e1rnica de cultivo ecol\u00f3gico. Se utiliza para la hidrataci\u00f3n y el cuidado de la piel que ha sufrido golpes y contusiones. Tambi\u00e9n para el masaje muscular y articular. &nbsp;<\/div>\n","protected":false},"featured_media":12549,"comment_status":"open","ping_status":"closed","template":"","meta":{"_acf_changed":false,"rs_blank_template":"","rs_page_bg_color":"","slide_template_v7":""},"product_brand":[],"product_cat":[286,379,384,285],"product_tag":[],"class_list":{"0":"post-12548","1":"product","2":"type-product","3":"status-publish","4":"has-post-thumbnail","6":"product_cat-aromaterapia","7":"product_cat-deportistas","8":"product_cat-extractos-lipidicos","9":"product_cat-necesidad","11":"first","12":"instock","13":"shipping-taxable","14":"purchasable","15":"product-type-simple"},"acf":[],"_links":{"self":[{"href":"https:\/\/esentialaroms.com\/es\/wp-json\/wp\/v2\/product\/12548","targetHints":{"allow":["GET"]}}],"collection":[{"href":"https:\/\/esentialaroms.com\/es\/wp-json\/wp\/v2\/product"}],"about":[{"href":"https:\/\/esentialaroms.com\/es\/wp-json\/wp\/v2\/types\/product"}],"replies":[{"embeddable":true,"href":"https:\/\/esentialaroms.com\/es\/wp-json\/wp\/v2\/comments?post=12548"}],"version-history":[{"count":0,"href":"https:\/\/esentialaroms.com\/es\/wp-json\/wp\/v2\/product\/12548\/revisions"}],"wp:featuredmedia":[{"embeddable":true,"href":"https:\/\/esentialaroms.com\/es\/wp-json\/wp\/v2\/media\/12549"}],"wp:attachment":[{"href":"https:\/\/esentialaroms.com\/es\/wp-json\/wp\/v2\/media?parent=12548"}],"wp:term":[{"taxonomy":"product_brand","embeddable":true,"href":"https:\/\/esentialaroms.com\/es\/wp-json\/wp\/v2\/product_brand?post=12548"},{"taxonomy":"product_cat","embeddable":true,"href":"https:\/\/esentialaroms.com\/es\/wp-json\/wp\/v2\/product_cat?post=12548"},{"taxonomy":"product_tag","embeddable":true,"href":"https:\/\/esentialaroms.com\/es\/wp-json\/wp\/v2\/product_tag?post=12548"}],"curies":[{"name":"wp","href":"https:\/\/api.w.org\/{rel}","templated":true}]}}