{"id":12533,"date":"2026-05-07T13:05:15","date_gmt":"2026-05-07T11:05:15","guid":{"rendered":"https:\/\/esentialaroms.com\/productos\/extracto-lipidico-de-calendula-calendula-officinalis-bio-100-ml\/"},"modified":"2026-05-07T14:22:11","modified_gmt":"2026-05-07T12:22:11","slug":"extracto-lipidico-de-calendula-calendula-officinalis-bio-100-ml","status":"publish","type":"product","link":"https:\/\/esentialaroms.com\/es\/productos\/extracto-lipidico-de-calendula-calendula-officinalis-bio-100-ml\/","title":{"rendered":"Extracto lip\u00eddico de CAL\u00c9NDULA (Calendula officinalis) BIO 100 ml"},"content":{"rendered":"","protected":false},"excerpt":{"rendered":"<div>Macerado natural de flores de cal\u00e9ndula de cultivo ecol\u00f3gico. Se utiliza para la hidrataci\u00f3n y cuidado de las pieles sensibles y con rojeces. Tambi\u00e9n puede usarse para el cuidado del culito del beb\u00e9. &nbsp;<\/div>\n","protected":false},"featured_media":12534,"comment_status":"open","ping_status":"closed","template":"","meta":{"_acf_changed":false,"rs_blank_template":"","rs_page_bg_color":"","slide_template_v7":""},"product_brand":[],"product_cat":[286,401,378,405,384,288,388,285,290],"product_tag":[],"class_list":{"0":"post-12533","1":"product","2":"type-product","3":"status-publish","4":"has-post-thumbnail","6":"product_cat-aromaterapia","7":"product_cat-bebe","8":"product_cat-corporal","9":"product_cat-cuidado-corporal","10":"product_cat-extractos-lipidicos","11":"product_cat-facial","12":"product_cat-mama-baby","13":"product_cat-necesidad","14":"product_cat-tipo-de-piel","16":"first","17":"instock","18":"shipping-taxable","19":"purchasable","20":"product-type-simple"},"acf":[],"_links":{"self":[{"href":"https:\/\/esentialaroms.com\/es\/wp-json\/wp\/v2\/product\/12533","targetHints":{"allow":["GET"]}}],"collection":[{"href":"https:\/\/esentialaroms.com\/es\/wp-json\/wp\/v2\/product"}],"about":[{"href":"https:\/\/esentialaroms.com\/es\/wp-json\/wp\/v2\/types\/product"}],"replies":[{"embeddable":true,"href":"https:\/\/esentialaroms.com\/es\/wp-json\/wp\/v2\/comments?post=12533"}],"version-history":[{"count":0,"href":"https:\/\/esentialaroms.com\/es\/wp-json\/wp\/v2\/product\/12533\/revisions"}],"wp:featuredmedia":[{"embeddable":true,"href":"https:\/\/esentialaroms.com\/es\/wp-json\/wp\/v2\/media\/12534"}],"wp:attachment":[{"href":"https:\/\/esentialaroms.com\/es\/wp-json\/wp\/v2\/media?parent=12533"}],"wp:term":[{"taxonomy":"product_brand","embeddable":true,"href":"https:\/\/esentialaroms.com\/es\/wp-json\/wp\/v2\/product_brand?post=12533"},{"taxonomy":"product_cat","embeddable":true,"href":"https:\/\/esentialaroms.com\/es\/wp-json\/wp\/v2\/product_cat?post=12533"},{"taxonomy":"product_tag","embeddable":true,"href":"https:\/\/esentialaroms.com\/es\/wp-json\/wp\/v2\/product_tag?post=12533"}],"curies":[{"name":"wp","href":"https:\/\/api.w.org\/{rel}","templated":true}]}}