{"id":12428,"date":"2026-05-07T12:57:13","date_gmt":"2026-05-07T10:57:13","guid":{"rendered":"https:\/\/esentialaroms.com\/productos\/extracto-lipidico-de-calendula-calendula-officinalis-bio-500-ml\/"},"modified":"2026-05-07T14:22:09","modified_gmt":"2026-05-07T12:22:09","slug":"extracto-lipidico-de-calendula-calendula-officinalis-bio-500-ml","status":"publish","type":"product","link":"https:\/\/esentialaroms.com\/es\/productos\/extracto-lipidico-de-calendula-calendula-officinalis-bio-500-ml\/","title":{"rendered":"Extracto lip\u00eddico de CAL\u00c9NDULA (Calendula officinalis) BIO 500 ml"},"content":{"rendered":"","protected":false},"excerpt":{"rendered":"<div>Macerado natural de flores de cal\u00e9ndula de cultivo ecol\u00f3gico. Se utiliza para la hidrataci\u00f3n y cuidado de las pieles sensibles y con rojeces. Tambi\u00e9n puede usarse para el cuidado del culito del beb\u00e9. &nbsp;<\/div>\n","protected":false},"featured_media":12429,"comment_status":"open","ping_status":"closed","template":"","meta":{"_acf_changed":false,"rs_blank_template":"","rs_page_bg_color":"","slide_template_v7":""},"product_brand":[],"product_cat":[286,384],"product_tag":[],"class_list":{"0":"post-12428","1":"product","2":"type-product","3":"status-publish","4":"has-post-thumbnail","6":"product_cat-aromaterapia","7":"product_cat-extractos-lipidicos","9":"first","10":"instock","11":"shipping-taxable","12":"purchasable","13":"product-type-simple"},"acf":[],"_links":{"self":[{"href":"https:\/\/esentialaroms.com\/es\/wp-json\/wp\/v2\/product\/12428","targetHints":{"allow":["GET"]}}],"collection":[{"href":"https:\/\/esentialaroms.com\/es\/wp-json\/wp\/v2\/product"}],"about":[{"href":"https:\/\/esentialaroms.com\/es\/wp-json\/wp\/v2\/types\/product"}],"replies":[{"embeddable":true,"href":"https:\/\/esentialaroms.com\/es\/wp-json\/wp\/v2\/comments?post=12428"}],"version-history":[{"count":0,"href":"https:\/\/esentialaroms.com\/es\/wp-json\/wp\/v2\/product\/12428\/revisions"}],"wp:featuredmedia":[{"embeddable":true,"href":"https:\/\/esentialaroms.com\/es\/wp-json\/wp\/v2\/media\/12429"}],"wp:attachment":[{"href":"https:\/\/esentialaroms.com\/es\/wp-json\/wp\/v2\/media?parent=12428"}],"wp:term":[{"taxonomy":"product_brand","embeddable":true,"href":"https:\/\/esentialaroms.com\/es\/wp-json\/wp\/v2\/product_brand?post=12428"},{"taxonomy":"product_cat","embeddable":true,"href":"https:\/\/esentialaroms.com\/es\/wp-json\/wp\/v2\/product_cat?post=12428"},{"taxonomy":"product_tag","embeddable":true,"href":"https:\/\/esentialaroms.com\/es\/wp-json\/wp\/v2\/product_tag?post=12428"}],"curies":[{"name":"wp","href":"https:\/\/api.w.org\/{rel}","templated":true}]}}