{"id":12133,"date":"2026-05-07T12:55:46","date_gmt":"2026-05-07T10:55:46","guid":{"rendered":"https:\/\/esentialaroms.com\/productos\/aceite-vegetal-virgen-de-perilla-bio-100-ml\/"},"modified":"2026-05-07T14:22:00","modified_gmt":"2026-05-07T12:22:00","slug":"aceite-vegetal-virgen-de-perilla-bio-100-ml","status":"publish","type":"product","link":"https:\/\/esentialaroms.com\/es\/productos\/aceite-vegetal-virgen-de-perilla-bio-100-ml\/","title":{"rendered":"ACEITE VEGETAL VIRGEN DE PERILLA BIO 100 ml"},"content":{"rendered":"<div>Complemento alimenticio a base de aceite virgen de perilla. Fuente de O-3 vegetal. &nbsp;<\/div>\n","protected":false},"excerpt":{"rendered":"<div>Aceite vegetal virgen de perilla de primera presi\u00f3n en fr\u00edo, obtenido a partir de semillas de Perilla frutescens de agricultura ecol\u00f3gica. Destaca por su perfil lip\u00eddico naturalmente rico en \u00e1cidos grasos poliinsaturados, especialmente \u00e1cido alfa-linol\u00e9nico (omega-3), que contribuye a complementar la ingesta diaria de este \u00e1cido graso esencial de origen vegetal. &nbsp;<\/div>\n","protected":false},"featured_media":12134,"comment_status":"open","ping_status":"closed","template":"","meta":{"_acf_changed":false,"rs_blank_template":"","rs_page_bg_color":"","slide_template_v7":""},"product_brand":[],"product_cat":[297,286],"product_tag":[],"class_list":{"0":"post-12133","1":"product","2":"type-product","3":"status-publish","4":"has-post-thumbnail","6":"product_cat-aceites-vegetales","7":"product_cat-aromaterapia","9":"first","10":"instock","11":"shipping-taxable","12":"purchasable","13":"product-type-simple"},"acf":[],"_links":{"self":[{"href":"https:\/\/esentialaroms.com\/es\/wp-json\/wp\/v2\/product\/12133","targetHints":{"allow":["GET"]}}],"collection":[{"href":"https:\/\/esentialaroms.com\/es\/wp-json\/wp\/v2\/product"}],"about":[{"href":"https:\/\/esentialaroms.com\/es\/wp-json\/wp\/v2\/types\/product"}],"replies":[{"embeddable":true,"href":"https:\/\/esentialaroms.com\/es\/wp-json\/wp\/v2\/comments?post=12133"}],"version-history":[{"count":0,"href":"https:\/\/esentialaroms.com\/es\/wp-json\/wp\/v2\/product\/12133\/revisions"}],"wp:featuredmedia":[{"embeddable":true,"href":"https:\/\/esentialaroms.com\/es\/wp-json\/wp\/v2\/media\/12134"}],"wp:attachment":[{"href":"https:\/\/esentialaroms.com\/es\/wp-json\/wp\/v2\/media?parent=12133"}],"wp:term":[{"taxonomy":"product_brand","embeddable":true,"href":"https:\/\/esentialaroms.com\/es\/wp-json\/wp\/v2\/product_brand?post=12133"},{"taxonomy":"product_cat","embeddable":true,"href":"https:\/\/esentialaroms.com\/es\/wp-json\/wp\/v2\/product_cat?post=12133"},{"taxonomy":"product_tag","embeddable":true,"href":"https:\/\/esentialaroms.com\/es\/wp-json\/wp\/v2\/product_tag?post=12133"}],"curies":[{"name":"wp","href":"https:\/\/api.w.org\/{rel}","templated":true}]}}