{"id":11994,"date":"2026-05-07T12:55:09","date_gmt":"2026-05-07T10:55:09","guid":{"rendered":"https:\/\/esentialaroms.com\/productos\/aceite-vegetal-virgen-de-almendra-prunus-amygdalus-var-dulcis-100-ml\/"},"modified":"2026-05-07T14:21:58","modified_gmt":"2026-05-07T12:21:58","slug":"aceite-vegetal-virgen-de-almendra-prunus-amygdalus-var-dulcis-100-ml","status":"publish","type":"product","link":"https:\/\/esentialaroms.com\/es\/productos\/aceite-vegetal-virgen-de-almendra-prunus-amygdalus-var-dulcis-100-ml\/","title":{"rendered":"Aceite vegetal virgen de ALMENDRA (Prunus amygdalus var. dulcis) 100 ml"},"content":{"rendered":"<div>Aceite vegetal de textura ligera y agradable, f\u00e1cilmente extensible y de r\u00e1pida absorci\u00f3n. Tradicionalmente utilizado como base cosm\u00e9tica por su buena afinidad cut\u00e1nea, resulta especialmente indicado para rutinas de cuidado facial y corporal, as\u00ed como para masajes y formulaciones destinadas al uso diario. Su obtenci\u00f3n por procedimientos mec\u00e1nicos permite conservar intactas sus propiedades cosm\u00e9ticas naturales. &nbsp;<\/div>\n","protected":false},"excerpt":{"rendered":"<div>Por su composici\u00f3n en \u00e1cidos grasos, aproximadamente un 23% de \u00e1cido linoleico (?6), un 66% de \u00e1cido oleico (?9), resulta adecuado para el cuidado de todo tipo de piel. &nbsp;<\/div>\n","protected":false},"featured_media":11995,"comment_status":"open","ping_status":"closed","template":"","meta":{"_acf_changed":false,"rs_blank_template":"","rs_page_bg_color":"","slide_template_v7":""},"product_brand":[],"product_cat":[297,286,408,409,295,285],"product_tag":[],"class_list":{"0":"post-11994","1":"product","2":"type-product","3":"status-publish","4":"has-post-thumbnail","6":"product_cat-aceites-vegetales","7":"product_cat-aromaterapia","8":"product_cat-masaje-adultos","9":"product_cat-masaje-infantil","10":"product_cat-masajes-terapeuticos","11":"product_cat-necesidad","13":"first","14":"instock","15":"shipping-taxable","16":"purchasable","17":"product-type-simple"},"acf":[],"_links":{"self":[{"href":"https:\/\/esentialaroms.com\/es\/wp-json\/wp\/v2\/product\/11994","targetHints":{"allow":["GET"]}}],"collection":[{"href":"https:\/\/esentialaroms.com\/es\/wp-json\/wp\/v2\/product"}],"about":[{"href":"https:\/\/esentialaroms.com\/es\/wp-json\/wp\/v2\/types\/product"}],"replies":[{"embeddable":true,"href":"https:\/\/esentialaroms.com\/es\/wp-json\/wp\/v2\/comments?post=11994"}],"version-history":[{"count":0,"href":"https:\/\/esentialaroms.com\/es\/wp-json\/wp\/v2\/product\/11994\/revisions"}],"wp:featuredmedia":[{"embeddable":true,"href":"https:\/\/esentialaroms.com\/es\/wp-json\/wp\/v2\/media\/11995"}],"wp:attachment":[{"href":"https:\/\/esentialaroms.com\/es\/wp-json\/wp\/v2\/media?parent=11994"}],"wp:term":[{"taxonomy":"product_brand","embeddable":true,"href":"https:\/\/esentialaroms.com\/es\/wp-json\/wp\/v2\/product_brand?post=11994"},{"taxonomy":"product_cat","embeddable":true,"href":"https:\/\/esentialaroms.com\/es\/wp-json\/wp\/v2\/product_cat?post=11994"},{"taxonomy":"product_tag","embeddable":true,"href":"https:\/\/esentialaroms.com\/es\/wp-json\/wp\/v2\/product_tag?post=11994"}],"curies":[{"name":"wp","href":"https:\/\/api.w.org\/{rel}","templated":true}]}}