{"id":11960,"date":"2026-05-07T12:47:09","date_gmt":"2026-05-07T10:47:09","guid":{"rendered":"https:\/\/esentialaroms.com\/productos\/aceite-vegetal-virgen-de-nuez-de-macadamia-macadamia-integrifolia-100-ml\/"},"modified":"2026-05-07T14:21:57","modified_gmt":"2026-05-07T12:21:57","slug":"aceite-vegetal-virgen-de-nuez-de-macadamia-macadamia-integrifolia-100-ml","status":"publish","type":"product","link":"https:\/\/esentialaroms.com\/es\/productos\/aceite-vegetal-virgen-de-nuez-de-macadamia-macadamia-integrifolia-100-ml\/","title":{"rendered":"Aceite vegetal virgen de NUEZ DE MACADAMIA (Macadamia integrifolia) 100 ml"},"content":{"rendered":"","protected":false},"excerpt":{"rendered":"<div>Complemento alimenticio a base de aceite virgen de nuez de macadamia. Fuente de \u00e1cido palmitoleico (?-7) y ?-9. &nbsp;<\/div>\n<div>Aceite vegetal muy fluido con un alto contenido en O-9 y es especialmente rico en un \u00e1cido graso espec\u00edfico muy poco presente en la naturaleza, el \u00e1cido palmitoleico (O7) que le confiere propiedades regeneradoras y que ayudan a disminuir la inflamaci\u00f3n cut\u00e1nea. &nbsp;<\/div>\n","protected":false},"featured_media":11962,"comment_status":"open","ping_status":"closed","template":"","meta":{"_acf_changed":false,"rs_blank_template":"","rs_page_bg_color":"","slide_template_v7":""},"product_brand":[],"product_cat":[297,286,409,295,285],"product_tag":[],"class_list":{"0":"post-11960","1":"product","2":"type-product","3":"status-publish","4":"has-post-thumbnail","6":"product_cat-aceites-vegetales","7":"product_cat-aromaterapia","8":"product_cat-masaje-infantil","9":"product_cat-masajes-terapeuticos","10":"product_cat-necesidad","12":"first","13":"instock","14":"shipping-taxable","15":"purchasable","16":"product-type-simple"},"acf":[],"_links":{"self":[{"href":"https:\/\/esentialaroms.com\/es\/wp-json\/wp\/v2\/product\/11960","targetHints":{"allow":["GET"]}}],"collection":[{"href":"https:\/\/esentialaroms.com\/es\/wp-json\/wp\/v2\/product"}],"about":[{"href":"https:\/\/esentialaroms.com\/es\/wp-json\/wp\/v2\/types\/product"}],"replies":[{"embeddable":true,"href":"https:\/\/esentialaroms.com\/es\/wp-json\/wp\/v2\/comments?post=11960"}],"version-history":[{"count":0,"href":"https:\/\/esentialaroms.com\/es\/wp-json\/wp\/v2\/product\/11960\/revisions"}],"wp:featuredmedia":[{"embeddable":true,"href":"https:\/\/esentialaroms.com\/es\/wp-json\/wp\/v2\/media\/11962"}],"wp:attachment":[{"href":"https:\/\/esentialaroms.com\/es\/wp-json\/wp\/v2\/media?parent=11960"}],"wp:term":[{"taxonomy":"product_brand","embeddable":true,"href":"https:\/\/esentialaroms.com\/es\/wp-json\/wp\/v2\/product_brand?post=11960"},{"taxonomy":"product_cat","embeddable":true,"href":"https:\/\/esentialaroms.com\/es\/wp-json\/wp\/v2\/product_cat?post=11960"},{"taxonomy":"product_tag","embeddable":true,"href":"https:\/\/esentialaroms.com\/es\/wp-json\/wp\/v2\/product_tag?post=11960"}],"curies":[{"name":"wp","href":"https:\/\/api.w.org\/{rel}","templated":true}]}}