{"id":11866,"date":"2026-05-07T12:46:48","date_gmt":"2026-05-07T10:46:48","guid":{"rendered":"https:\/\/esentialaroms.com\/productos\/aceite-vegetal-virgen-de-comino-negro-nigella-sativa-bio-100-ml\/"},"modified":"2026-05-08T09:41:09","modified_gmt":"2026-05-08T07:41:09","slug":"aceite-vegetal-virgen-de-comino-negro-nigella-sativa-bio-100-ml","status":"publish","type":"product","link":"https:\/\/esentialaroms.com\/es\/productos\/aceite-vegetal-virgen-de-comino-negro-nigella-sativa-bio-100-ml\/","title":{"rendered":"Aceite vegetal virgen de COMINO NEGRO BIO 100 ml"},"content":{"rendered":"","protected":false},"excerpt":{"rendered":"<div>Complemento alimenticio a base de aceite virgen de comino negro. Fuente de ?-6 y ?-9.<\/div>\n<div>El aceite vegetal virgen EXTRA es c\u00e1lido, arom\u00e1tico y amargo; destaca por su riqueza en \u00e1cidos grasos esenciales 75% (?6: 60% y ?9: 25%); adem\u00e1s posee un 1,4% de mol\u00e9culas que forman parte de su aceite esencial, como la nigellona, timoquinona, etc.<\/div>\n","protected":false},"featured_media":11867,"comment_status":"open","ping_status":"closed","template":"","meta":{"_acf_changed":false,"rs_blank_template":"","rs_page_bg_color":"","slide_template_v7":""},"product_brand":[],"product_cat":[297,286],"product_tag":[],"class_list":{"0":"post-11866","1":"product","2":"type-product","3":"status-publish","4":"has-post-thumbnail","6":"product_cat-aceites-vegetales","7":"product_cat-aromaterapia","9":"first","10":"instock","11":"shipping-taxable","12":"purchasable","13":"product-type-simple"},"acf":[],"_links":{"self":[{"href":"https:\/\/esentialaroms.com\/es\/wp-json\/wp\/v2\/product\/11866","targetHints":{"allow":["GET"]}}],"collection":[{"href":"https:\/\/esentialaroms.com\/es\/wp-json\/wp\/v2\/product"}],"about":[{"href":"https:\/\/esentialaroms.com\/es\/wp-json\/wp\/v2\/types\/product"}],"replies":[{"embeddable":true,"href":"https:\/\/esentialaroms.com\/es\/wp-json\/wp\/v2\/comments?post=11866"}],"version-history":[{"count":2,"href":"https:\/\/esentialaroms.com\/es\/wp-json\/wp\/v2\/product\/11866\/revisions"}],"predecessor-version":[{"id":15792,"href":"https:\/\/esentialaroms.com\/es\/wp-json\/wp\/v2\/product\/11866\/revisions\/15792"}],"wp:featuredmedia":[{"embeddable":true,"href":"https:\/\/esentialaroms.com\/es\/wp-json\/wp\/v2\/media\/11867"}],"wp:attachment":[{"href":"https:\/\/esentialaroms.com\/es\/wp-json\/wp\/v2\/media?parent=11866"}],"wp:term":[{"taxonomy":"product_brand","embeddable":true,"href":"https:\/\/esentialaroms.com\/es\/wp-json\/wp\/v2\/product_brand?post=11866"},{"taxonomy":"product_cat","embeddable":true,"href":"https:\/\/esentialaroms.com\/es\/wp-json\/wp\/v2\/product_cat?post=11866"},{"taxonomy":"product_tag","embeddable":true,"href":"https:\/\/esentialaroms.com\/es\/wp-json\/wp\/v2\/product_tag?post=11866"}],"curies":[{"name":"wp","href":"https:\/\/api.w.org\/{rel}","templated":true}]}}