{"id":11855,"date":"2026-05-07T12:46:45","date_gmt":"2026-05-07T10:46:45","guid":{"rendered":"https:\/\/esentialaroms.com\/productos\/aceite-vegetal-virgen-de-perilla-perilla-frutescens-bio-500-ml\/"},"modified":"2026-05-07T14:21:55","modified_gmt":"2026-05-07T12:21:55","slug":"aceite-vegetal-virgen-de-perilla-perilla-frutescens-bio-500-ml","status":"publish","type":"product","link":"https:\/\/esentialaroms.com\/es\/productos\/aceite-vegetal-virgen-de-perilla-perilla-frutescens-bio-500-ml\/","title":{"rendered":"Aceite vegetal virgen de PERILLA (Perilla frutescens) BIO 500 ml"},"content":{"rendered":"","protected":false},"excerpt":{"rendered":"<div>Complemento alimenticio a base de aceite virgen de perilla. Fuente de ?-3 vegetal. &nbsp;<\/div>\n<div>Por su composici\u00f3n en \u00e1cidos grasos, aproximadamente un 14% de \u00e1cido linoleico (?6), un 16% de \u00e1cido oleico (?9) y un 60% de \u00e1c. Alfa-linol\u00e9nico (?3) resulta adecuado para las pieles sensibles, secas, muy descamadas y al\u00e9rgicas. &nbsp;<\/div>\n","protected":false},"featured_media":11856,"comment_status":"open","ping_status":"closed","template":"","meta":{"_acf_changed":false,"rs_blank_template":"","rs_page_bg_color":"","slide_template_v7":""},"product_brand":[],"product_cat":[297,286],"product_tag":[],"class_list":{"0":"post-11855","1":"product","2":"type-product","3":"status-publish","4":"has-post-thumbnail","6":"product_cat-aceites-vegetales","7":"product_cat-aromaterapia","9":"first","10":"instock","11":"shipping-taxable","12":"purchasable","13":"product-type-simple"},"acf":[],"_links":{"self":[{"href":"https:\/\/esentialaroms.com\/es\/wp-json\/wp\/v2\/product\/11855","targetHints":{"allow":["GET"]}}],"collection":[{"href":"https:\/\/esentialaroms.com\/es\/wp-json\/wp\/v2\/product"}],"about":[{"href":"https:\/\/esentialaroms.com\/es\/wp-json\/wp\/v2\/types\/product"}],"replies":[{"embeddable":true,"href":"https:\/\/esentialaroms.com\/es\/wp-json\/wp\/v2\/comments?post=11855"}],"version-history":[{"count":0,"href":"https:\/\/esentialaroms.com\/es\/wp-json\/wp\/v2\/product\/11855\/revisions"}],"wp:featuredmedia":[{"embeddable":true,"href":"https:\/\/esentialaroms.com\/es\/wp-json\/wp\/v2\/media\/11856"}],"wp:attachment":[{"href":"https:\/\/esentialaroms.com\/es\/wp-json\/wp\/v2\/media?parent=11855"}],"wp:term":[{"taxonomy":"product_brand","embeddable":true,"href":"https:\/\/esentialaroms.com\/es\/wp-json\/wp\/v2\/product_brand?post=11855"},{"taxonomy":"product_cat","embeddable":true,"href":"https:\/\/esentialaroms.com\/es\/wp-json\/wp\/v2\/product_cat?post=11855"},{"taxonomy":"product_tag","embeddable":true,"href":"https:\/\/esentialaroms.com\/es\/wp-json\/wp\/v2\/product_tag?post=11855"}],"curies":[{"name":"wp","href":"https:\/\/api.w.org\/{rel}","templated":true}]}}