{"id":11833,"date":"2026-05-07T12:46:40","date_gmt":"2026-05-07T10:46:40","guid":{"rendered":"https:\/\/esentialaroms.com\/productos\/aceite-vegetal-virgen-de-tamanu-calofilo-calophyllum-inophyllum-500-ml\/"},"modified":"2026-05-07T14:21:55","modified_gmt":"2026-05-07T12:21:55","slug":"aceite-vegetal-virgen-de-tamanu-calofilo-calophyllum-inophyllum-500-ml","status":"publish","type":"product","link":"https:\/\/esentialaroms.com\/es\/productos\/aceite-vegetal-virgen-de-tamanu-calofilo-calophyllum-inophyllum-500-ml\/","title":{"rendered":"Aceite vegetal virgen de TAMANU (CAL\u00d3FILO) (Calophyllum inophyllum) 500 ml"},"content":{"rendered":"","protected":false},"excerpt":{"rendered":"<div>El aceite de tamanu tiene propiedades que pueden ayudar a la reparaci\u00f3n de la piel descamada, calmar y promover la producci\u00f3n de col\u00e1geno. Se ha utilizado tradicionalmente para el cuidado de las cicatrices post quir\u00fargicas y las molestias articulares. &nbsp;<\/div>\n","protected":false},"featured_media":11834,"comment_status":"open","ping_status":"closed","template":"","meta":{"_acf_changed":false,"rs_blank_template":"","rs_page_bg_color":"","slide_template_v7":""},"product_brand":[],"product_cat":[297,286,379,285],"product_tag":[],"class_list":{"0":"post-11833","1":"product","2":"type-product","3":"status-publish","4":"has-post-thumbnail","6":"product_cat-aceites-vegetales","7":"product_cat-aromaterapia","8":"product_cat-deportistas","9":"product_cat-necesidad","11":"first","12":"instock","13":"shipping-taxable","14":"purchasable","15":"product-type-simple"},"acf":[],"_links":{"self":[{"href":"https:\/\/esentialaroms.com\/es\/wp-json\/wp\/v2\/product\/11833","targetHints":{"allow":["GET"]}}],"collection":[{"href":"https:\/\/esentialaroms.com\/es\/wp-json\/wp\/v2\/product"}],"about":[{"href":"https:\/\/esentialaroms.com\/es\/wp-json\/wp\/v2\/types\/product"}],"replies":[{"embeddable":true,"href":"https:\/\/esentialaroms.com\/es\/wp-json\/wp\/v2\/comments?post=11833"}],"version-history":[{"count":0,"href":"https:\/\/esentialaroms.com\/es\/wp-json\/wp\/v2\/product\/11833\/revisions"}],"wp:featuredmedia":[{"embeddable":true,"href":"https:\/\/esentialaroms.com\/es\/wp-json\/wp\/v2\/media\/11834"}],"wp:attachment":[{"href":"https:\/\/esentialaroms.com\/es\/wp-json\/wp\/v2\/media?parent=11833"}],"wp:term":[{"taxonomy":"product_brand","embeddable":true,"href":"https:\/\/esentialaroms.com\/es\/wp-json\/wp\/v2\/product_brand?post=11833"},{"taxonomy":"product_cat","embeddable":true,"href":"https:\/\/esentialaroms.com\/es\/wp-json\/wp\/v2\/product_cat?post=11833"},{"taxonomy":"product_tag","embeddable":true,"href":"https:\/\/esentialaroms.com\/es\/wp-json\/wp\/v2\/product_tag?post=11833"}],"curies":[{"name":"wp","href":"https:\/\/api.w.org\/{rel}","templated":true}]}}