{"id":11800,"date":"2026-05-07T12:46:33","date_gmt":"2026-05-07T10:46:33","guid":{"rendered":"https:\/\/esentialaroms.com\/productos\/aceite-vegetal-virgen-de-jojoba-simmondsia-chinensis-500-ml\/"},"modified":"2026-05-07T14:21:54","modified_gmt":"2026-05-07T12:21:54","slug":"aceite-vegetal-virgen-de-jojoba-simmondsia-chinensis-500-ml","status":"publish","type":"product","link":"https:\/\/esentialaroms.com\/es\/productos\/aceite-vegetal-virgen-de-jojoba-simmondsia-chinensis-500-ml\/","title":{"rendered":"Aceite vegetal virgen de JOJOBA (Simmondsia chinensis) 500 ml"},"content":{"rendered":"","protected":false},"excerpt":{"rendered":"<div>Para todo tipo de piel. Adecuado para pieles grasas y con acn\u00e9. En pieles secas, hidrata y nutre las pieles con p\u00e9rdida de manto hidrolip\u00eddico y aporta ceramidas vegetales, que ayudan a recobrar densidad y a combatir la sequedad. Puede utilizarse para el cuidado de zonas especialmente secas: talones, codos, etc. &nbsp;<\/div>\n","protected":false},"featured_media":11801,"comment_status":"open","ping_status":"closed","template":"","meta":{"_acf_changed":false,"rs_blank_template":"","rs_page_bg_color":"","slide_template_v7":""},"product_brand":[],"product_cat":[297,286,403,376,285],"product_tag":[],"class_list":{"0":"post-11800","1":"product","2":"type-product","3":"status-publish","4":"has-post-thumbnail","6":"product_cat-aceites-vegetales","7":"product_cat-aromaterapia","8":"product_cat-cabello-y-cuero-cabelludo","9":"product_cat-capilar","10":"product_cat-necesidad","12":"first","13":"instock","14":"shipping-taxable","15":"purchasable","16":"product-type-simple"},"acf":[],"_links":{"self":[{"href":"https:\/\/esentialaroms.com\/es\/wp-json\/wp\/v2\/product\/11800","targetHints":{"allow":["GET"]}}],"collection":[{"href":"https:\/\/esentialaroms.com\/es\/wp-json\/wp\/v2\/product"}],"about":[{"href":"https:\/\/esentialaroms.com\/es\/wp-json\/wp\/v2\/types\/product"}],"replies":[{"embeddable":true,"href":"https:\/\/esentialaroms.com\/es\/wp-json\/wp\/v2\/comments?post=11800"}],"version-history":[{"count":0,"href":"https:\/\/esentialaroms.com\/es\/wp-json\/wp\/v2\/product\/11800\/revisions"}],"wp:featuredmedia":[{"embeddable":true,"href":"https:\/\/esentialaroms.com\/es\/wp-json\/wp\/v2\/media\/11801"}],"wp:attachment":[{"href":"https:\/\/esentialaroms.com\/es\/wp-json\/wp\/v2\/media?parent=11800"}],"wp:term":[{"taxonomy":"product_brand","embeddable":true,"href":"https:\/\/esentialaroms.com\/es\/wp-json\/wp\/v2\/product_brand?post=11800"},{"taxonomy":"product_cat","embeddable":true,"href":"https:\/\/esentialaroms.com\/es\/wp-json\/wp\/v2\/product_cat?post=11800"},{"taxonomy":"product_tag","embeddable":true,"href":"https:\/\/esentialaroms.com\/es\/wp-json\/wp\/v2\/product_tag?post=11800"}],"curies":[{"name":"wp","href":"https:\/\/api.w.org\/{rel}","templated":true}]}}