{"id":11789,"date":"2026-05-07T12:46:31","date_gmt":"2026-05-07T10:46:31","guid":{"rendered":"https:\/\/esentialaroms.com\/productos\/aceite-vegetal-virgen-de-rosa-mosqueta-500-ml\/"},"modified":"2026-05-07T14:21:53","modified_gmt":"2026-05-07T12:21:53","slug":"aceite-vegetal-virgen-de-rosa-mosqueta-500-ml","status":"publish","type":"product","link":"https:\/\/esentialaroms.com\/es\/productos\/aceite-vegetal-virgen-de-rosa-mosqueta-500-ml\/","title":{"rendered":"ACEITE VEGETAL VIRGEN de Rosa mosqueta 500 ml"},"content":{"rendered":"","protected":false},"excerpt":{"rendered":"<div>Aceite vegetal obtenido por 1.\u00aa presi\u00f3n en fr\u00edo de los frutos de recolecci\u00f3n silvestre, considerados de m\u00e1xima calidad. Regenera y nutre las pieles m\u00e1s desvitalizadas, aten\u00faa y difumina las arrugas, previene la aparici\u00f3n de manchas en la piel y es ideal para despu\u00e9s de la exposici\u00f3n solar y el tratamiento de las quemaduras. Adem\u00e1s, tiene efecto reafirmante y est\u00e1 recomendado para el cuidado intensivo de las arrugas. &nbsp;<\/div>\n","protected":false},"featured_media":11790,"comment_status":"open","ping_status":"closed","template":"","meta":{"_acf_changed":false,"rs_blank_template":"","rs_page_bg_color":"","slide_template_v7":""},"product_brand":[],"product_cat":[297,286,287,397],"product_tag":[],"class_list":{"0":"post-11789","1":"product","2":"type-product","3":"status-publish","4":"has-post-thumbnail","6":"product_cat-aceites-vegetales","7":"product_cat-aromaterapia","8":"product_cat-familias","9":"product_cat-rosa-mosqueta","11":"first","12":"instock","13":"shipping-taxable","14":"purchasable","15":"product-type-simple"},"acf":[],"_links":{"self":[{"href":"https:\/\/esentialaroms.com\/es\/wp-json\/wp\/v2\/product\/11789","targetHints":{"allow":["GET"]}}],"collection":[{"href":"https:\/\/esentialaroms.com\/es\/wp-json\/wp\/v2\/product"}],"about":[{"href":"https:\/\/esentialaroms.com\/es\/wp-json\/wp\/v2\/types\/product"}],"replies":[{"embeddable":true,"href":"https:\/\/esentialaroms.com\/es\/wp-json\/wp\/v2\/comments?post=11789"}],"version-history":[{"count":0,"href":"https:\/\/esentialaroms.com\/es\/wp-json\/wp\/v2\/product\/11789\/revisions"}],"wp:featuredmedia":[{"embeddable":true,"href":"https:\/\/esentialaroms.com\/es\/wp-json\/wp\/v2\/media\/11790"}],"wp:attachment":[{"href":"https:\/\/esentialaroms.com\/es\/wp-json\/wp\/v2\/media?parent=11789"}],"wp:term":[{"taxonomy":"product_brand","embeddable":true,"href":"https:\/\/esentialaroms.com\/es\/wp-json\/wp\/v2\/product_brand?post=11789"},{"taxonomy":"product_cat","embeddable":true,"href":"https:\/\/esentialaroms.com\/es\/wp-json\/wp\/v2\/product_cat?post=11789"},{"taxonomy":"product_tag","embeddable":true,"href":"https:\/\/esentialaroms.com\/es\/wp-json\/wp\/v2\/product_tag?post=11789"}],"curies":[{"name":"wp","href":"https:\/\/api.w.org\/{rel}","templated":true}]}}