{"id":11767,"date":"2026-05-07T12:46:22","date_gmt":"2026-05-07T10:46:22","guid":{"rendered":"https:\/\/esentialaroms.com\/productos\/aceite-vegetal-virgen-de-aguacate-persea-gratissima-500-ml\/"},"modified":"2026-05-07T14:21:53","modified_gmt":"2026-05-07T12:21:53","slug":"aceite-vegetal-virgen-de-aguacate-persea-gratissima-500-ml","status":"publish","type":"product","link":"https:\/\/esentialaroms.com\/es\/productos\/aceite-vegetal-virgen-de-aguacate-persea-gratissima-500-ml\/","title":{"rendered":"Aceite vegetal virgen de AGUACATE (Persea gratissima) 500 ml"},"content":{"rendered":"<div>Aceite vegetal de textura rica y envolvente, de r\u00e1pida extensibilidad, ideal para integrar en rutinas de cuidado corporal, facial y de zonas espec\u00edficas como cut\u00edculas, pies, talones o codos. Su origen vegetal y su obtenci\u00f3n por procedimientos mec\u00e1nicos respetan la integridad del aceite, manteniendo sus propiedades cosm\u00e9ticas naturales. Especialmente indicado para pieles que necesitan nutrici\u00f3n, suavidad y una sensaci\u00f3n inmediata de alivio frente a la sequedad. &nbsp;<\/div>\n","protected":false},"excerpt":{"rendered":"<div>Reduce las p\u00e9rdidas de agua y calma la piel y, por lo tanto, evita la deshidrataci\u00f3n y la descamaci\u00f3n. Favorece la producci\u00f3n de col\u00e1geno. ideal para nutrir la piel y el cuidado de las cut\u00edculas de las u\u00f1as y las zonas m\u00e1s secas de la piel (pies, talones, codos&#8230;). &nbsp;<\/div>\n","protected":false},"featured_media":11768,"comment_status":"open","ping_status":"closed","template":"","meta":{"_acf_changed":false,"rs_blank_template":"","rs_page_bg_color":"","slide_template_v7":""},"product_brand":[],"product_cat":[297,286],"product_tag":[],"class_list":{"0":"post-11767","1":"product","2":"type-product","3":"status-publish","4":"has-post-thumbnail","6":"product_cat-aceites-vegetales","7":"product_cat-aromaterapia","9":"first","10":"instock","11":"shipping-taxable","12":"purchasable","13":"product-type-simple"},"acf":[],"_links":{"self":[{"href":"https:\/\/esentialaroms.com\/es\/wp-json\/wp\/v2\/product\/11767","targetHints":{"allow":["GET"]}}],"collection":[{"href":"https:\/\/esentialaroms.com\/es\/wp-json\/wp\/v2\/product"}],"about":[{"href":"https:\/\/esentialaroms.com\/es\/wp-json\/wp\/v2\/types\/product"}],"replies":[{"embeddable":true,"href":"https:\/\/esentialaroms.com\/es\/wp-json\/wp\/v2\/comments?post=11767"}],"version-history":[{"count":0,"href":"https:\/\/esentialaroms.com\/es\/wp-json\/wp\/v2\/product\/11767\/revisions"}],"wp:featuredmedia":[{"embeddable":true,"href":"https:\/\/esentialaroms.com\/es\/wp-json\/wp\/v2\/media\/11768"}],"wp:attachment":[{"href":"https:\/\/esentialaroms.com\/es\/wp-json\/wp\/v2\/media?parent=11767"}],"wp:term":[{"taxonomy":"product_brand","embeddable":true,"href":"https:\/\/esentialaroms.com\/es\/wp-json\/wp\/v2\/product_brand?post=11767"},{"taxonomy":"product_cat","embeddable":true,"href":"https:\/\/esentialaroms.com\/es\/wp-json\/wp\/v2\/product_cat?post=11767"},{"taxonomy":"product_tag","embeddable":true,"href":"https:\/\/esentialaroms.com\/es\/wp-json\/wp\/v2\/product_tag?post=11767"}],"curies":[{"name":"wp","href":"https:\/\/api.w.org\/{rel}","templated":true}]}}