{"id":11756,"date":"2026-05-07T12:46:19","date_gmt":"2026-05-07T10:46:19","guid":{"rendered":"https:\/\/esentialaroms.com\/productos\/aceite-vegetal-virgen-de-borraja-borago-officinalis-bio-500-ml\/"},"modified":"2026-05-07T14:21:53","modified_gmt":"2026-05-07T12:21:53","slug":"aceite-vegetal-virgen-de-borraja-borago-officinalis-bio-500-ml","status":"publish","type":"product","link":"https:\/\/esentialaroms.com\/es\/productos\/aceite-vegetal-virgen-de-borraja-borago-officinalis-bio-500-ml\/","title":{"rendered":"Aceite vegetal virgen de BORRAJA (Borago officinalis) BIO 500 ml"},"content":{"rendered":"","protected":false},"excerpt":{"rendered":"<div>Complemento alimenticio a base de aceite virgen de borraja. Fuente de \u00e1cido ?-linol\u00e9nico (GLA) (?-6). &nbsp;<\/div>\n<div>Por su composici\u00f3n en \u00e1cidos grasos, aproximadamente un 37% de \u00e1cido linoleico (?6), un 18% de \u00e1cido oleico (?9) y un 21% de \u00e1c. Alfa-linol\u00e9nico (?3) y su contenido en \u00e1cido ?-linol\u00e9nico o GLA (20%) resulta adecuado para el cuidado de pieles sensibles-secas y reactivas. &nbsp;<\/div>\n","protected":false},"featured_media":11757,"comment_status":"open","ping_status":"closed","template":"","meta":{"_acf_changed":false,"rs_blank_template":"","rs_page_bg_color":"","slide_template_v7":""},"product_brand":[],"product_cat":[297,286],"product_tag":[],"class_list":{"0":"post-11756","1":"product","2":"type-product","3":"status-publish","4":"has-post-thumbnail","6":"product_cat-aceites-vegetales","7":"product_cat-aromaterapia","9":"first","10":"instock","11":"shipping-taxable","12":"purchasable","13":"product-type-simple"},"acf":[],"_links":{"self":[{"href":"https:\/\/esentialaroms.com\/es\/wp-json\/wp\/v2\/product\/11756","targetHints":{"allow":["GET"]}}],"collection":[{"href":"https:\/\/esentialaroms.com\/es\/wp-json\/wp\/v2\/product"}],"about":[{"href":"https:\/\/esentialaroms.com\/es\/wp-json\/wp\/v2\/types\/product"}],"replies":[{"embeddable":true,"href":"https:\/\/esentialaroms.com\/es\/wp-json\/wp\/v2\/comments?post=11756"}],"version-history":[{"count":0,"href":"https:\/\/esentialaroms.com\/es\/wp-json\/wp\/v2\/product\/11756\/revisions"}],"wp:featuredmedia":[{"embeddable":true,"href":"https:\/\/esentialaroms.com\/es\/wp-json\/wp\/v2\/media\/11757"}],"wp:attachment":[{"href":"https:\/\/esentialaroms.com\/es\/wp-json\/wp\/v2\/media?parent=11756"}],"wp:term":[{"taxonomy":"product_brand","embeddable":true,"href":"https:\/\/esentialaroms.com\/es\/wp-json\/wp\/v2\/product_brand?post=11756"},{"taxonomy":"product_cat","embeddable":true,"href":"https:\/\/esentialaroms.com\/es\/wp-json\/wp\/v2\/product_cat?post=11756"},{"taxonomy":"product_tag","embeddable":true,"href":"https:\/\/esentialaroms.com\/es\/wp-json\/wp\/v2\/product_tag?post=11756"}],"curies":[{"name":"wp","href":"https:\/\/api.w.org\/{rel}","templated":true}]}}