{"id":11653,"date":"2026-05-07T12:45:54","date_gmt":"2026-05-07T10:45:54","guid":{"rendered":"https:\/\/esentialaroms.com\/productos\/aceite-vegetal-virgen-de-avellana-corylus-avellana-1-litro\/"},"modified":"2026-05-07T14:21:50","modified_gmt":"2026-05-07T12:21:50","slug":"aceite-vegetal-virgen-de-avellana-corylus-avellana-1-litro","status":"publish","type":"product","link":"https:\/\/esentialaroms.com\/es\/productos\/aceite-vegetal-virgen-de-avellana-corylus-avellana-1-litro\/","title":{"rendered":"Aceite vegetal virgen de AVELLANA (Corylus avellana) 1 litro"},"content":{"rendered":"<div>Aceite vegetal de textura ligera y agradable, de r\u00e1pida extensibilidad y buena afinidad cut\u00e1nea. Tradicionalmente utilizado como base cosm\u00e9tica por su perfil lip\u00eddico equilibrado, resulta adecuado para el cuidado diario del rostro y el cuerpo, as\u00ed como para formulaciones orientadas a mejorar el aspecto de la piel y mantener su suavidad y elasticidad. Su obtenci\u00f3n por procedimientos mec\u00e1nicos permite conservar intactas sus propiedades cosm\u00e9ticas naturales. &nbsp;<\/div>\n","protected":false},"excerpt":{"rendered":"<div>Reafirmante e hidratante especial para pieles con flacidez. Antioxidante-vitam\u00ednico que retrasa el envejecimiento cut\u00e1neo. Inter\u00e9s nutricional por su aporte en \u00e1cidos grasos O-6 y O-9. &nbsp;<\/div>\n","protected":false},"featured_media":11654,"comment_status":"open","ping_status":"closed","template":"","meta":{"_acf_changed":false,"rs_blank_template":"","rs_page_bg_color":"","slide_template_v7":""},"product_brand":[],"product_cat":[297,286,288,408,409,295,285,290],"product_tag":[],"class_list":{"0":"post-11653","1":"product","2":"type-product","3":"status-publish","4":"has-post-thumbnail","6":"product_cat-aceites-vegetales","7":"product_cat-aromaterapia","8":"product_cat-facial","9":"product_cat-masaje-adultos","10":"product_cat-masaje-infantil","11":"product_cat-masajes-terapeuticos","12":"product_cat-necesidad","13":"product_cat-tipo-de-piel","15":"first","16":"instock","17":"shipping-taxable","18":"purchasable","19":"product-type-simple"},"acf":[],"_links":{"self":[{"href":"https:\/\/esentialaroms.com\/es\/wp-json\/wp\/v2\/product\/11653","targetHints":{"allow":["GET"]}}],"collection":[{"href":"https:\/\/esentialaroms.com\/es\/wp-json\/wp\/v2\/product"}],"about":[{"href":"https:\/\/esentialaroms.com\/es\/wp-json\/wp\/v2\/types\/product"}],"replies":[{"embeddable":true,"href":"https:\/\/esentialaroms.com\/es\/wp-json\/wp\/v2\/comments?post=11653"}],"version-history":[{"count":0,"href":"https:\/\/esentialaroms.com\/es\/wp-json\/wp\/v2\/product\/11653\/revisions"}],"wp:featuredmedia":[{"embeddable":true,"href":"https:\/\/esentialaroms.com\/es\/wp-json\/wp\/v2\/media\/11654"}],"wp:attachment":[{"href":"https:\/\/esentialaroms.com\/es\/wp-json\/wp\/v2\/media?parent=11653"}],"wp:term":[{"taxonomy":"product_brand","embeddable":true,"href":"https:\/\/esentialaroms.com\/es\/wp-json\/wp\/v2\/product_brand?post=11653"},{"taxonomy":"product_cat","embeddable":true,"href":"https:\/\/esentialaroms.com\/es\/wp-json\/wp\/v2\/product_cat?post=11653"},{"taxonomy":"product_tag","embeddable":true,"href":"https:\/\/esentialaroms.com\/es\/wp-json\/wp\/v2\/product_tag?post=11653"}],"curies":[{"name":"wp","href":"https:\/\/api.w.org\/{rel}","templated":true}]}}