{"id":11638,"date":"2026-05-07T12:45:51","date_gmt":"2026-05-07T10:45:51","guid":{"rendered":"https:\/\/esentialaroms.com\/productos\/absoluto-de-jazmin\/"},"modified":"2026-05-07T14:21:50","modified_gmt":"2026-05-07T12:21:50","slug":"absoluto-de-jazmin","status":"publish","type":"product","link":"https:\/\/esentialaroms.com\/es\/productos\/absoluto-de-jazmin\/","title":{"rendered":"Absoluto de JAZM\u00cdN"},"content":{"rendered":"<div>Los aceites esenciales de ESENTIAL\u2019AR\u00d4MS son productos de alta calidad, 100% puros y naturales por el proceso de selecci\u00f3n de los mismos y por su forma de fabricaci\u00f3n y control. &nbsp;<\/div>\n<div>Un Aceite Esencial A.E.B.B.D., es decir Aceite Esencial Bot\u00e1nica y Bioqu\u00edmicamente Definido, se trata, en realidad, de un aceite esencial 100% puro y natural, que procede de una destilaci\u00f3n completa por arrastre de vapor (sin el uso de ning\u00fan producto qu\u00edmico para su extracci\u00f3n) y que ha seguido rigurosos controles de calidad. Tampoco se adicionan colorantes ni se aplican procesos de deterpenado, rectificado ni redestilaci\u00f3n. &nbsp;<\/div>\n<div><\/div>\n<div>SELECCI\u00d3N DE LOS ACEITES ESENCIALES A.E.B.B.D. &nbsp;<\/div>\n<div>Los aceites esenciales que te ofrece Esential\u2019Ar\u00f4ms se caracterizan por ser Aceites Esenciales Bot\u00e1nica y Bioqu\u00edmicamente Definidos (A.E.B.B.D.). Esto significa que cada uno de ellos ha sido seleccionado en funci\u00f3n de los siguientes par\u00e1metros: &nbsp;<\/div>\n<div>1. Especie bot\u00e1nica: las plantas utilizadas son clasificadas bot\u00e1nicamente, por lo tanto podemos informar, sin ninguna duda, acerca de la especie bot\u00e1nica seg\u00fan la nomenclatura latina internacional. &nbsp;<\/div>\n<div>2. \u00d3rgano productor (o. p.): no todas las partes de la planta tienen la misma composici\u00f3n. Por lo tanto, es necesario escoger el \u00f3rgano (ra\u00edz, semilla, hojas\u2026) que, una vez destilado, contendr\u00e1 las substancias caracter\u00edsticas. &nbsp;<\/div>\n<div>3. Especificidad bioqu\u00edmica (s. b.) o QUIMIOTIPO: una vez destilado el aceite esencial es necesaria la verificaci\u00f3n de su composici\u00f3n qu\u00edmica, que caracterizar\u00e1 su utilizaci\u00f3n. La comprobaci\u00f3n del correcto biotipo elegido se realiza a trav\u00e9s de control anal\u00edtico por cromatograf\u00eda gaseosa acoplada a la espectrofotometr\u00eda de masas. &nbsp;<\/div>\n<div>4. Biotipo: en funci\u00f3n del h\u00e1bitat donde se desarrolla la especie bot\u00e1nica (tipo de terreno, altitud&#8230;), la composici\u00f3n del aceite esencial puede variar, de modo que la definici\u00f3n del quimiotipo resulta esencial. &nbsp;<\/div>\n","protected":false},"excerpt":{"rendered":"<div>100% natural &nbsp;<\/div>\n<div>\u00b7 El absoluto de jazm\u00edn hind\u00fa se obtiene a partir de sus flores. &nbsp;<\/div>\n<div>\u00b7 Tiene un aroma rico, dulce, delicado e intensamente floral. Es ex\u00f3tico y duradero. &nbsp;<\/div>\n<div>\u00b7 Equilibra, calma, regula y es sedante. &nbsp;<\/div>\n<div>\u00b7 Se utiliza habitualmente en la elaboraci\u00f3n de muchos perfumes. &nbsp;<\/div>\n","protected":false},"featured_media":11639,"comment_status":"open","ping_status":"closed","template":"","meta":{"_acf_changed":false,"rs_blank_template":"","rs_page_bg_color":"","slide_template_v7":""},"product_brand":[],"product_cat":[369,286],"product_tag":[],"class_list":{"0":"post-11638","1":"product","2":"type-product","3":"status-publish","4":"has-post-thumbnail","6":"product_cat-absolutos","7":"product_cat-aromaterapia","9":"first","10":"instock","11":"shipping-taxable","12":"purchasable","13":"product-type-simple"},"acf":[],"_links":{"self":[{"href":"https:\/\/esentialaroms.com\/es\/wp-json\/wp\/v2\/product\/11638","targetHints":{"allow":["GET"]}}],"collection":[{"href":"https:\/\/esentialaroms.com\/es\/wp-json\/wp\/v2\/product"}],"about":[{"href":"https:\/\/esentialaroms.com\/es\/wp-json\/wp\/v2\/types\/product"}],"replies":[{"embeddable":true,"href":"https:\/\/esentialaroms.com\/es\/wp-json\/wp\/v2\/comments?post=11638"}],"version-history":[{"count":0,"href":"https:\/\/esentialaroms.com\/es\/wp-json\/wp\/v2\/product\/11638\/revisions"}],"wp:featuredmedia":[{"embeddable":true,"href":"https:\/\/esentialaroms.com\/es\/wp-json\/wp\/v2\/media\/11639"}],"wp:attachment":[{"href":"https:\/\/esentialaroms.com\/es\/wp-json\/wp\/v2\/media?parent=11638"}],"wp:term":[{"taxonomy":"product_brand","embeddable":true,"href":"https:\/\/esentialaroms.com\/es\/wp-json\/wp\/v2\/product_brand?post=11638"},{"taxonomy":"product_cat","embeddable":true,"href":"https:\/\/esentialaroms.com\/es\/wp-json\/wp\/v2\/product_cat?post=11638"},{"taxonomy":"product_tag","embeddable":true,"href":"https:\/\/esentialaroms.com\/es\/wp-json\/wp\/v2\/product_tag?post=11638"}],"curies":[{"name":"wp","href":"https:\/\/api.w.org\/{rel}","templated":true}]}}