{"id":11144,"date":"2026-05-07T12:40:35","date_gmt":"2026-05-07T10:40:35","guid":{"rendered":"https:\/\/esentialaroms.com\/productos\/s-caroteno\/"},"modified":"2026-05-07T14:21:40","modified_gmt":"2026-05-07T12:21:40","slug":"s-caroteno","status":"publish","type":"product","link":"https:\/\/esentialaroms.com\/es\/productos\/s-caroteno\/","title":{"rendered":"\u00df-CAROTENO"},"content":{"rendered":"<div>Complemento alimenticio a base de \u00df-caroteno y vitaminas C y E. &nbsp;<\/div>\n<div>Las vitaminas C y E contribuyen a la protecci\u00f3n de las c\u00e9lulas frente al da\u00f1o oxidativo. &nbsp;<\/div>\n","protected":false},"excerpt":{"rendered":"<div>Complemento alimenticio a base de \u00df-caroteno natural procedente del alga Dunaliella salina y de la zanahoria, con vitaminas C y E. Su formulaci\u00f3n aporta provitamina A y antioxidantes que contribuyen a la protecci\u00f3n celular frente al da\u00f1o oxidativo y al mantenimiento normal de la piel. &nbsp;<\/div>\n","protected":false},"featured_media":11145,"comment_status":"open","ping_status":"closed","template":"","meta":{"_acf_changed":false,"rs_blank_template":"","rs_page_bg_color":"","slide_template_v7":""},"product_brand":[],"product_cat":[293,294,292,291,287,285,302],"product_tag":[],"class_list":{"0":"post-11144","1":"product","2":"type-product","3":"status-publish","4":"has-post-thumbnail","6":"product_cat-bienestar","7":"product_cat-bienestar-mujer","8":"product_cat-bronceado","9":"product_cat-cuerpo-cara","10":"product_cat-familias","11":"product_cat-necesidad","12":"product_cat-solar-esential","14":"first","15":"instock","16":"shipping-taxable","17":"purchasable","18":"product-type-simple"},"acf":[],"_links":{"self":[{"href":"https:\/\/esentialaroms.com\/es\/wp-json\/wp\/v2\/product\/11144","targetHints":{"allow":["GET"]}}],"collection":[{"href":"https:\/\/esentialaroms.com\/es\/wp-json\/wp\/v2\/product"}],"about":[{"href":"https:\/\/esentialaroms.com\/es\/wp-json\/wp\/v2\/types\/product"}],"replies":[{"embeddable":true,"href":"https:\/\/esentialaroms.com\/es\/wp-json\/wp\/v2\/comments?post=11144"}],"version-history":[{"count":0,"href":"https:\/\/esentialaroms.com\/es\/wp-json\/wp\/v2\/product\/11144\/revisions"}],"wp:featuredmedia":[{"embeddable":true,"href":"https:\/\/esentialaroms.com\/es\/wp-json\/wp\/v2\/media\/11145"}],"wp:attachment":[{"href":"https:\/\/esentialaroms.com\/es\/wp-json\/wp\/v2\/media?parent=11144"}],"wp:term":[{"taxonomy":"product_brand","embeddable":true,"href":"https:\/\/esentialaroms.com\/es\/wp-json\/wp\/v2\/product_brand?post=11144"},{"taxonomy":"product_cat","embeddable":true,"href":"https:\/\/esentialaroms.com\/es\/wp-json\/wp\/v2\/product_cat?post=11144"},{"taxonomy":"product_tag","embeddable":true,"href":"https:\/\/esentialaroms.com\/es\/wp-json\/wp\/v2\/product_tag?post=11144"}],"curies":[{"name":"wp","href":"https:\/\/api.w.org\/{rel}","templated":true}]}}