{"id":645,"date":"2025-12-05T14:12:19","date_gmt":"2025-12-05T13:12:19","guid":{"rendered":"https:\/\/dev.intersalabs.com\/?page_id=645"},"modified":"2026-01-15T14:45:06","modified_gmt":"2026-01-15T13:45:06","slug":"politica-cookies","status":"publish","type":"page","link":"https:\/\/esentialaroms.com\/es\/politica-cookies\/","title":{"rendered":"Pol\u00edtica de Cookies"},"content":{"rendered":"\t\t<div data-elementor-type=\"wp-page\" data-elementor-id=\"645\" class=\"elementor elementor-645\" data-elementor-post-type=\"page\">\n\t\t\t\t<div class=\"elementor-element elementor-element-6f426e86 e-con-full e-flex e-con e-parent\" data-id=\"6f426e86\" data-element_type=\"container\" data-e-type=\"container\" data-settings=\"{&quot;background_background&quot;:&quot;classic&quot;}\">\n\t\t<div class=\"elementor-element elementor-element-3eb3904 e-con-full e-flex e-con e-child\" data-id=\"3eb3904\" data-element_type=\"container\" data-e-type=\"container\">\n\t\t\t\t<div class=\"elementor-element elementor-element-65437857 elementor-widget__width-initial elementor-widget elementor-widget-heading\" data-id=\"65437857\" data-element_type=\"widget\" data-e-type=\"widget\" data-widget_type=\"heading.default\">\n\t\t\t\t<div class=\"elementor-widget-container\">\n\t\t\t\t\t<h1 class=\"elementor-heading-title elementor-size-default\">Pol\u00edtica de Cookies<\/h1>\t\t\t\t<\/div>\n\t\t\t\t<\/div>\n\t\t\t\t<div class=\"elementor-element elementor-element-11dac2b6 elementor-widget__width-initial elementor-widget elementor-widget-heading\" data-id=\"11dac2b6\" data-element_type=\"widget\" data-e-type=\"widget\" data-widget_type=\"heading.default\">\n\t\t\t\t<div class=\"elementor-widget-container\">\n\t\t\t\t\t<h2 class=\"elementor-heading-title elementor-size-default\">Cu\u00e1les utilizamos y para qu\u00e9<\/h2>\t\t\t\t<\/div>\n\t\t\t\t<\/div>\n\t\t\t\t<\/div>\n\t\t\t\t<div class=\"elementor-element elementor-element-33dfefeb elementor-widget__width-initial elementor-absolute animated-slow elementor-view-default elementor-invisible elementor-widget elementor-widget-icon\" data-id=\"33dfefeb\" data-element_type=\"widget\" data-e-type=\"widget\" data-settings=\"{&quot;_position&quot;:&quot;absolute&quot;,&quot;_animation&quot;:&quot;flash&quot;}\" data-widget_type=\"icon.default\">\n\t\t\t\t<div class=\"elementor-widget-container\">\n\t\t\t\t\t\t\t<div class=\"elementor-icon-wrapper\">\n\t\t\t<div class=\"elementor-icon\">\n\t\t\t<i aria-hidden=\"true\" class=\"fas fa-chevron-down\"><\/i>\t\t\t<\/div>\n\t\t<\/div>\n\t\t\t\t\t\t<\/div>\n\t\t\t\t<\/div>\n\t\t\t\t<\/div>\n\t\t<div class=\"elementor-element elementor-element-46645ea4 e-flex e-con-boxed e-con e-parent\" data-id=\"46645ea4\" data-element_type=\"container\" data-e-type=\"container\">\n\t\t\t\t\t<div class=\"e-con-inner\">\n\t\t\t\t<div class=\"elementor-element elementor-element-3a6bfc55 elementor-widget elementor-widget-text-editor\" data-id=\"3a6bfc55\" data-element_type=\"widget\" data-e-type=\"widget\" data-widget_type=\"text-editor.default\">\n\t\t\t\t<div class=\"elementor-widget-container\">\n\t\t\t\t\t\t\t\t\t<p>Est\u00e1s en &#8230;<\/p>\t\t\t\t\t\t\t\t<\/div>\n\t\t\t\t<\/div>\n\t\t\t\t<div class=\"elementor-element elementor-element-6625e8e1 elementor-widget elementor-widget-woocommerce-breadcrumb\" data-id=\"6625e8e1\" data-element_type=\"widget\" data-e-type=\"widget\" data-widget_type=\"woocommerce-breadcrumb.default\">\n\t\t\t\t<div class=\"elementor-widget-container\">\n\t\t\t\t\t<nav class=\"woocommerce-breadcrumb\" aria-label=\"Breadcrumb\">Inicio<\/nav>\t\t\t\t<\/div>\n\t\t\t\t<\/div>\n\t\t\t\t\t<\/div>\n\t\t\t\t<\/div>\n\t\t<div class=\"elementor-element elementor-element-4149a56c e-flex e-con-boxed e-con e-parent\" data-id=\"4149a56c\" data-element_type=\"container\" data-e-type=\"container\">\n\t\t\t\t\t<div class=\"e-con-inner\">\n\t\t\t\t<div class=\"elementor-element elementor-element-2887051d elementor-widget elementor-widget-text-editor\" data-id=\"2887051d\" data-element_type=\"widget\" data-e-type=\"widget\" data-widget_type=\"text-editor.default\">\n\t\t\t\t<div class=\"elementor-widget-container\">\n\t\t\t\t\t\t\t\t\t<div class=\"document-content\"><h3 id=\"antes-de-empezar-que-es-una-cookie-que-tipos-de-cookies-existen\">Antes de empezar, \u00bfqu\u00e9 es una cookie? \u00bfQu\u00e9 tipos de cookies existen?<\/h3><p>Una cookie es un peque\u00f1o archivo de texto que los sitios web instalan en el ordenador o dispositivo m\u00f3vil de los usuarios que los visitan. Las cookies se utilizan generalmente para hacer que las p\u00e1ginas web funcionen, o lo hagan m\u00e1s eficientemente, as\u00ed como para recabar informaci\u00f3n acerca de su uso.<\/p><p>Las cookies pueden clasificarse de la siguiente forma:<\/p><ul><li>Seg\u00fan la entidad que las gestione: cookies propias y de terceros<\/li><li>Por el plazo que permanecen activadas: cookies de sesi\u00f3n y persistentes<\/li><li>Seg\u00fan su finalidad: t\u00e9cnicas, de preferencia o personalizaci\u00f3n, de an\u00e1lisis y de m\u00e1rquetin<\/li><\/ul><h3 id=\"que-cookies-utilizamos\">\u00bfQu\u00e9 cookies utilizamos?<\/h3><p>En la siguiente tabla se explican las cookies que utilizamos y para qu\u00e9:<\/p><div class=\"bt-wrapper\"><table data-bt-active=\"true\"><thead><tr><th>Nombre<\/th><th>Funci\u00f3n<\/th><th>Titular<\/th><th>Dominio<\/th><th>Duraci\u00f3n<\/th><\/tr><\/thead><tbody><tr><td data-th=\"Nombre\"><span class=\"bt-content\">smvr<\/span><\/td><td data-th=\"Funci\u00f3n\"><span class=\"bt-content\">An\u00e1lisis o medici\u00f3n<\/span><\/td><td data-th=\"Titular\"><span class=\"bt-content\">Microsoft<\/span><\/td><td data-th=\"Dominio\"><span class=\"bt-content\">intersalabs.com<\/span><\/td><td data-th=\"Duraci\u00f3n\"><span class=\"bt-content\">session<\/span><\/td><\/tr><tr><td data-th=\"Nombre\"><span class=\"bt-content\">smuuid<\/span><\/td><td data-th=\"Funci\u00f3n\"><span class=\"bt-content\">Publicidad comportamental<\/span><\/td><td data-th=\"Titular\"><span class=\"bt-content\">Platform161<\/span><\/td><td data-th=\"Dominio\"><span class=\"bt-content\">intersalabs.com<\/span><\/td><td data-th=\"Duraci\u00f3n\"><span class=\"bt-content\">session<\/span><\/td><\/tr><tr><td data-th=\"Nombre\"><span class=\"bt-content\">_ga_VBRKRB1YWH<\/span><\/td><td data-th=\"Funci\u00f3n\"><span class=\"bt-content\">An\u00e1lisis o medici\u00f3n<\/span><\/td><td data-th=\"Titular\"><span class=\"bt-content\">Google<\/span><\/td><td data-th=\"Dominio\"><span class=\"bt-content\">intersalabs.com<\/span><\/td><td data-th=\"Duraci\u00f3n\"><span class=\"bt-content\">session<\/span><\/td><\/tr><tr><td data-th=\"Nombre\"><span class=\"bt-content\">_ga<\/span><\/td><td data-th=\"Funci\u00f3n\"><span class=\"bt-content\">An\u00e1lisis o medici\u00f3n<\/span><\/td><td data-th=\"Titular\"><span class=\"bt-content\">Google<\/span><\/td><td data-th=\"Dominio\"><span class=\"bt-content\">intersalabs.com<\/span><\/td><td data-th=\"Duraci\u00f3n\"><span class=\"bt-content\">729d<\/span><\/td><\/tr><tr><td data-th=\"Nombre\"><span class=\"bt-content\">cb-enabled<\/span><\/td><td data-th=\"Funci\u00f3n\"><span class=\"bt-content\">Estr\u00edctamente Necesarias<\/span><\/td><td data-th=\"Titular\"><span class=\"bt-content\">SAP<\/span><\/td><td data-th=\"Dominio\"><span class=\"bt-content\">www.intersalabs.com<\/span><\/td><td data-th=\"Duraci\u00f3n\"><span class=\"bt-content\">364d<\/span><\/td><\/tr><tr><td data-th=\"Nombre\"><span class=\"bt-content\">_smvs<\/span><\/td><td data-th=\"Funci\u00f3n\"><span class=\"bt-content\">An\u00e1lisis o medici\u00f3n<\/span><\/td><td data-th=\"Titular\"><span class=\"bt-content\">Marfeel<\/span><\/td><td data-th=\"Dominio\"><span class=\"bt-content\">intersalabs.com<\/span><\/td><td data-th=\"Duraci\u00f3n\"><span class=\"bt-content\">session<\/span><\/td><\/tr><tr><td data-th=\"Nombre\"><span class=\"bt-content\">_gid<\/span><\/td><td data-th=\"Funci\u00f3n\"><span class=\"bt-content\">An\u00e1lisis o medici\u00f3n<\/span><\/td><td data-th=\"Titular\"><span class=\"bt-content\">Google<\/span><\/td><td data-th=\"Dominio\"><span class=\"bt-content\">intersalabs.com<\/span><\/td><td data-th=\"Duraci\u00f3n\"><span class=\"bt-content\">session<\/span><\/td><\/tr><tr><td data-th=\"Nombre\"><span class=\"bt-content\">_gat<\/span><\/td><td data-th=\"Funci\u00f3n\"><span class=\"bt-content\">An\u00e1lisis o medici\u00f3n<\/span><\/td><td data-th=\"Titular\"><span class=\"bt-content\">Google<\/span><\/td><td data-th=\"Dominio\"><span class=\"bt-content\">intersalabs.com<\/span><\/td><td data-th=\"Duraci\u00f3n\"><span class=\"bt-content\">session<\/span><\/td><\/tr><tr><td data-th=\"Nombre\"><span class=\"bt-content\">smg<\/span><\/td><td data-th=\"Funci\u00f3n\"><span class=\"bt-content\">An\u00e1lisis o medici\u00f3n<\/span><\/td><td data-th=\"Titular\"><span class=\"bt-content\">Microsoft<\/span><\/td><td data-th=\"Dominio\"><span class=\"bt-content\">salesmanago.pl<\/span><\/td><td data-th=\"Duraci\u00f3n\"><span class=\"bt-content\">session<\/span><\/td><\/tr><tr><td data-th=\"Nombre\"><span class=\"bt-content\">SERVERID<\/span><\/td><td data-th=\"Funci\u00f3n\"><span class=\"bt-content\">Estr\u00edctamente Necesarias<\/span><\/td><td data-th=\"Titular\"><span class=\"bt-content\">HAProxy<\/span><\/td><td data-th=\"Dominio\"><span class=\"bt-content\">app3.salesmanago.pl<\/span><\/td><td data-th=\"Duraci\u00f3n\"><span class=\"bt-content\">session<\/span><\/td><\/tr><tr><td data-th=\"Nombre\"><span class=\"bt-content\">SSESS5f83c48356432a91b6f2343a9ee3e104<\/span><\/td><td data-th=\"Funci\u00f3n\">\u00a0<\/td><td data-th=\"Titular\"><span class=\"bt-content\">None<\/span><\/td><td data-th=\"Dominio\"><span class=\"bt-content\">www.intersalabs.com<\/span><\/td><td data-th=\"Duraci\u00f3n\"><span class=\"bt-content\">session<\/span><\/td><\/tr><tr><td data-th=\"Nombre\"><span class=\"bt-content\">lawwwing-consent-v2<\/span><\/td><td data-th=\"Funci\u00f3n\"><span class=\"bt-content\">Estr\u00edctamente Necesarias<\/span><\/td><td data-th=\"Titular\"><span class=\"bt-content\">Lawwwing<\/span><\/td><td data-th=\"Dominio\"><span class=\"bt-content\">intersalabs.com<\/span><\/td><td data-th=\"Duraci\u00f3n\"><span class=\"bt-content\">364d<\/span><\/td><\/tr><tr><td data-th=\"Nombre\"><span class=\"bt-content\">lawwwing-session<\/span><\/td><td data-th=\"Funci\u00f3n\"><span class=\"bt-content\">Estr\u00edctamente Necesarias<\/span><\/td><td data-th=\"Titular\"><span class=\"bt-content\">Lawwwing<\/span><\/td><td data-th=\"Dominio\"><span class=\"bt-content\">intersalabs.com<\/span><\/td><td data-th=\"Duraci\u00f3n\"><span class=\"bt-content\">364d<\/span><\/td><\/tr><tr><td data-th=\"Nombre\"><span class=\"bt-content\">TESTCOOKIESENABLED<\/span><\/td><td data-th=\"Funci\u00f3n\"><span class=\"bt-content\">Estr\u00edctamente Necesarias<\/span><\/td><td data-th=\"Titular\"><span class=\"bt-content\">Command Act X<\/span><\/td><td data-th=\"Dominio\"><span class=\"bt-content\">www.youtube.com<\/span><\/td><td data-th=\"Duraci\u00f3n\"><span class=\"bt-content\">session<\/span><\/td><\/tr><tr><td data-th=\"Nombre\"><span class=\"bt-content\">YSC<\/span><\/td><td data-th=\"Funci\u00f3n\"><span class=\"bt-content\">Estr\u00edctamente Necesarias<\/span><\/td><td data-th=\"Titular\"><span class=\"bt-content\">Google<\/span><\/td><td data-th=\"Dominio\"><span class=\"bt-content\">youtube.com<\/span><\/td><td data-th=\"Duraci\u00f3n\"><span class=\"bt-content\">session<\/span><\/td><\/tr><tr><td data-th=\"Nombre\"><span class=\"bt-content\">VISITOR_INFO1_LIVE<\/span><\/td><td data-th=\"Funci\u00f3n\"><span class=\"bt-content\">Publicidad comportamental<\/span><\/td><td data-th=\"Titular\"><span class=\"bt-content\">Google<\/span><\/td><td data-th=\"Dominio\"><span class=\"bt-content\">youtube.com<\/span><\/td><td data-th=\"Duraci\u00f3n\"><span class=\"bt-content\">session<\/span><\/td><\/tr><tr><td data-th=\"Nombre\"><span class=\"bt-content\">VISITOR_PRIVACY_METADATA<\/span><\/td><td data-th=\"Funci\u00f3n\"><span class=\"bt-content\">Publicidad comportamental<\/span><\/td><td data-th=\"Titular\"><span class=\"bt-content\">Google<\/span><\/td><td data-th=\"Dominio\"><span class=\"bt-content\">youtube.com<\/span><\/td><td data-th=\"Duraci\u00f3n\"><span class=\"bt-content\">session<\/span><\/td><\/tr><tr><td data-th=\"Nombre\"><span class=\"bt-content\">__Secure-ROLLOUT_TOKEN<\/span><\/td><td data-th=\"Funci\u00f3n\"><span class=\"bt-content\">Estr\u00edctamente Necesarias<\/span><\/td><td data-th=\"Titular\"><span class=\"bt-content\">Youtube<\/span><\/td><td data-th=\"Dominio\"><span class=\"bt-content\">youtube.com<\/span><\/td><td data-th=\"Duraci\u00f3n\"><span class=\"bt-content\">session<\/span><\/td><\/tr><tr><td data-th=\"Nombre\"><span class=\"bt-content\">_ga_NH1TDEW9JB<\/span><\/td><td data-th=\"Funci\u00f3n\"><span class=\"bt-content\">An\u00e1lisis o medici\u00f3n<\/span><\/td><td data-th=\"Titular\"><span class=\"bt-content\">Google<\/span><\/td><td data-th=\"Dominio\"><span class=\"bt-content\">intersalabs.com<\/span><\/td><td data-th=\"Duraci\u00f3n\"><span class=\"bt-content\">729d<\/span><\/td><\/tr><tr><td data-th=\"Nombre\"><span class=\"bt-content\">mc<\/span><\/td><td data-th=\"Funci\u00f3n\"><span class=\"bt-content\">Publicidad comportamental<\/span><\/td><td data-th=\"Titular\"><span class=\"bt-content\">Quantcast<\/span><\/td><td data-th=\"Dominio\"><span class=\"bt-content\">quantserve.com<\/span><\/td><td data-th=\"Duraci\u00f3n\"><span class=\"bt-content\">session<\/span><\/td><\/tr><tr><td data-th=\"Nombre\"><span class=\"bt-content\">_dlt<\/span><\/td><td data-th=\"Funci\u00f3n\">\u00a0<\/td><td data-th=\"Titular\"><span class=\"bt-content\">None<\/span><\/td><td data-th=\"Dominio\"><span class=\"bt-content\">e.issuu.com<\/span><\/td><td data-th=\"Duraci\u00f3n\"><span class=\"bt-content\">session<\/span><\/td><\/tr><tr><td data-th=\"Nombre\"><span class=\"bt-content\">_dlt<\/span><\/td><td data-th=\"Funci\u00f3n\">\u00a0<\/td><td data-th=\"Titular\"><span class=\"bt-content\">None<\/span><\/td><td data-th=\"Dominio\"><span class=\"bt-content\">issuu.com<\/span><\/td><td data-th=\"Duraci\u00f3n\"><span class=\"bt-content\">session<\/span><\/td><\/tr><tr><td data-th=\"Nombre\"><span class=\"bt-content\">iutk<\/span><\/td><td data-th=\"Funci\u00f3n\"><span class=\"bt-content\">Publicidad comportamental<\/span><\/td><td data-th=\"Titular\"><span class=\"bt-content\">Issuu<\/span><\/td><td data-th=\"Dominio\"><span class=\"bt-content\">issuu.com<\/span><\/td><td data-th=\"Duraci\u00f3n\"><span class=\"bt-content\">session<\/span><\/td><\/tr><tr><td data-th=\"Nombre\"><span class=\"bt-content\">cf_clearance<\/span><\/td><td data-th=\"Funci\u00f3n\"><span class=\"bt-content\">Estr\u00edctamente Necesarias<\/span><\/td><td data-th=\"Titular\"><span class=\"bt-content\">Cloudflare<\/span><\/td><td data-th=\"Dominio\"><span class=\"bt-content\">intersalabs.com<\/span><\/td><td data-th=\"Duraci\u00f3n\"><span class=\"bt-content\">session<\/span><\/td><\/tr><tr><td data-th=\"Nombre\"><span class=\"bt-content\">SERVERID<\/span><\/td><td data-th=\"Funci\u00f3n\"><span class=\"bt-content\">Estr\u00edctamente Necesarias<\/span><\/td><td data-th=\"Titular\"><span class=\"bt-content\">HAProxy<\/span><\/td><td data-th=\"Dominio\"><span class=\"bt-content\">war.salesmanago.com<\/span><\/td><td data-th=\"Duraci\u00f3n\"><span class=\"bt-content\">session<\/span><\/td><\/tr><\/tbody><\/table><\/div><h3 id=\"eliminar-las-cookies\">Eliminar las cookies<\/h3><p>La mayor\u00eda de los navegadores web permiten cierto control de la mayor\u00eda de las cookies a trav\u00e9s de la configuraci\u00f3n del navegador. Puedes configurar las cookies en los navegadores m\u00e1s comunes siguiendo sus instrucciones:<\/p><ul><li><a href=\"https:\/\/support.google.com\/accounts\/answer\/61416?co=GENIE.Platform%3DDesktop&amp;hl=es\" target=\"_blank\" rel=\"noopener\">Google Chrome<\/a><\/li><li><a href=\"https:\/\/privacy.microsoft.com\/en-us\/windows-10-microsoft-edge-and-privacy\" target=\"_blank\" rel=\"noopener\">Microsoft Edge<\/a><\/li><li><a href=\"https:\/\/support.mozilla.org\/es\/kb\/Borrar%20cookies\" target=\"_blank\" rel=\"noopener\">Mozilla Firefox<\/a><\/li><li><a href=\"https:\/\/support.microsoft.com\/es-es\/topic\/eliminar-y-administrar-cookies-168dab11-0753-043d-7c16-ede5947fc64d\" target=\"_blank\" rel=\"noopener\">Microsoft Internet Explorer<\/a><\/li><li><a href=\"https:\/\/www.opera.com\/help\/tutorials\/security\/privacy\/\" target=\"_blank\" rel=\"noopener\">Opera<\/a><\/li><li><a href=\"https:\/\/support.apple.com\/es-es\/HT201265\" target=\"_blank\" rel=\"noopener\">Apple Safari<\/a><\/li><\/ul><p>Para encontrar informaci\u00f3n relacionada con otros navegadores, puedes visitar la p\u00e1gina web del navegador correspondiente.<\/p><p>En\u00a0<a href=\"https:\/\/www.intersalabs.com\" target=\"_blank\" rel=\"noopener\">www.intersalabs.com<\/a>\u00a0utilizamos Google Consent Mode v2 para transmitir los consentimientos a los diferentes prop\u00f3sitos. M\u00e1s informaci\u00f3n\u00a0<a href=\"https:\/\/business.safety.google\/privacy\/\" target=\"_blank\" rel=\"noopener\">aqu\u00ed<\/a><\/p><h3 id=\"cambios-en-la-politica-de-privacidad-y-cookies\">Cambios en la Pol\u00edtica de Privacidad y Cookies<\/h3><p>Esta Pol\u00edtica de Privacidad y Cookies fue actualizada por \u00faltima vez el 07\/01\/2026,\u00a0<strong>INTERSA LABS S.L.<\/strong>\u00a0se reserva el derecho a actualizar y modificar algunos extremos de la misma para adaptarla a las novedades legislativas y jurisprudenciales por lo que te recomendamos revisarla peri\u00f3dicamente.<\/p><\/div>\t\t\t\t\t\t\t\t<\/div>\n\t\t\t\t<\/div>\n\t\t\t\t\t<\/div>\n\t\t\t\t<\/div>\n\t\t<div class=\"elementor-element elementor-element-4ecc53c0 opacity-ocher e-flex e-con-boxed e-con e-parent\" data-id=\"4ecc53c0\" data-element_type=\"container\" data-e-type=\"container\" data-settings=\"{&quot;background_background&quot;:&quot;classic&quot;}\">\n\t\t\t\t\t<div class=\"e-con-inner\">\n\t\t<div class=\"elementor-element elementor-element-240d4cb7 e-con-full e-flex e-con e-child\" data-id=\"240d4cb7\" data-element_type=\"container\" data-e-type=\"container\">\n\t\t\t\t<div class=\"elementor-element elementor-element-16f71e7f elementor-widget__width-initial elementor-widget-mobile__width-inherit elementor-widget elementor-widget-heading\" data-id=\"16f71e7f\" data-element_type=\"widget\" data-e-type=\"widget\" data-widget_type=\"heading.default\">\n\t\t\t\t<div class=\"elementor-widget-container\">\n\t\t\t\t\t<h2 class=\"elementor-heading-title elementor-size-default\">Suscr\u00edbete y mejora tu calidad de vida con nuestra Newsletter\n<\/h2>\t\t\t\t<\/div>\n\t\t\t\t<\/div>\n\t\t\t\t<div class=\"elementor-element elementor-element-586ba51e newsletter-bar elementor-button-align-stretch elementor-widget elementor-widget-form\" data-id=\"586ba51e\" data-element_type=\"widget\" data-e-type=\"widget\" data-settings=\"{&quot;step_next_label&quot;:&quot;Siguiente&quot;,&quot;step_previous_label&quot;:&quot;Anterior&quot;,&quot;button_width&quot;:&quot;100&quot;,&quot;step_type&quot;:&quot;number_text&quot;,&quot;step_icon_shape&quot;:&quot;circle&quot;}\" data-widget_type=\"form.default\">\n\t\t\t\t<div class=\"elementor-widget-container\">\n\t\t\t\t\t\t\t<form class=\"elementor-form\" method=\"post\" name=\"Nuevo formulario\" aria-label=\"Nuevo formulario\">\n\t\t\t<input type=\"hidden\" name=\"post_id\" value=\"645\"\/>\n\t\t\t<input type=\"hidden\" name=\"form_id\" value=\"586ba51e\"\/>\n\t\t\t<input type=\"hidden\" name=\"referer_title\" value=\"Pol\u00edtica de Cookies - Esential Ar\u00f4ms\" \/>\n\n\t\t\t\t\t\t\t<input type=\"hidden\" name=\"queried_id\" value=\"645\"\/>\n\t\t\t\n\t\t\t<div class=\"elementor-form-fields-wrapper elementor-labels-above\">\n\t\t\t\t\t\t\t\t<div class=\"elementor-field-type-email elementor-field-group elementor-column elementor-field-group-email elementor-col-100 elementor-field-required elementor-mark-required\">\n\t\t\t\t\t\t\t\t\t\t\t\t\t<input size=\"1\" type=\"email\" name=\"form_fields[email]\" id=\"form-field-email\" class=\"elementor-field elementor-size-sm  elementor-field-textual\" placeholder=\"Tu direcci\u00f3n de email\" required=\"required\">\n\t\t\t\t\t\t\t\t\t\t\t<\/div>\n\t\t\t\t\t\t\t\t<div class=\"elementor-field-group elementor-column elementor-field-type-submit elementor-col-100 e-form__buttons\">\n\t\t\t\t\t<button class=\"elementor-button elementor-size-sm\" type=\"submit\">\n\t\t\t\t\t\t<span class=\"elementor-button-content-wrapper\">\n\t\t\t\t\t\t\t\t\t\t\t\t\t\t\t\t\t\t\t\t\t\t<span class=\"elementor-button-text\">Enviar<\/span>\n\t\t\t\t\t\t\t\t\t\t\t\t\t<\/span>\n\t\t\t\t\t<\/button>\n\t\t\t\t<\/div>\n\t\t\t<\/div>\n\t\t<\/form>\n\t\t\t\t\t\t<\/div>\n\t\t\t\t<\/div>\n\t\t\t\t<\/div>\n\t\t\t\t\t<\/div>\n\t\t\t\t<\/div>\n\t\t\t\t<\/div>\n\t\t","protected":false},"excerpt":{"rendered":"<p>Pol\u00edtica de Cookies Cu\u00e1les utilizamos y para qu\u00e9 Est\u00e1s en &#8230; Antes de empezar, \u00bfqu\u00e9 es una cookie? \u00bfQu\u00e9 tipos de cookies existen? Una cookie es un peque\u00f1o archivo de texto que los sitios web instalan en el ordenador o dispositivo m\u00f3vil de los usuarios que los visitan. Las cookies se utilizan generalmente para hacer [&hellip;]<\/p>\n","protected":false},"author":3,"featured_media":0,"parent":0,"menu_order":0,"comment_status":"closed","ping_status":"closed","template":"","meta":{"_acf_changed":false,"rs_blank_template":"","rs_page_bg_color":"","slide_template_v7":"","footnotes":""},"class_list":["post-645","page","type-page","status-publish","hentry"],"acf":[],"_links":{"self":[{"href":"https:\/\/esentialaroms.com\/es\/wp-json\/wp\/v2\/pages\/645","targetHints":{"allow":["GET"]}}],"collection":[{"href":"https:\/\/esentialaroms.com\/es\/wp-json\/wp\/v2\/pages"}],"about":[{"href":"https:\/\/esentialaroms.com\/es\/wp-json\/wp\/v2\/types\/page"}],"author":[{"embeddable":true,"href":"https:\/\/esentialaroms.com\/es\/wp-json\/wp\/v2\/users\/3"}],"replies":[{"embeddable":true,"href":"https:\/\/esentialaroms.com\/es\/wp-json\/wp\/v2\/comments?post=645"}],"version-history":[{"count":19,"href":"https:\/\/esentialaroms.com\/es\/wp-json\/wp\/v2\/pages\/645\/revisions"}],"predecessor-version":[{"id":2170,"href":"https:\/\/esentialaroms.com\/es\/wp-json\/wp\/v2\/pages\/645\/revisions\/2170"}],"wp:attachment":[{"href":"https:\/\/esentialaroms.com\/es\/wp-json\/wp\/v2\/media?parent=645"}],"curies":[{"name":"wp","href":"https:\/\/api.w.org\/{rel}","templated":true}]}}