{"id":3,"date":"2022-09-02T11:19:31","date_gmt":"2022-09-02T11:19:31","guid":{"rendered":"https:\/\/dev.intersalabs.com\/?page_id=3"},"modified":"2026-01-15T14:39:27","modified_gmt":"2026-01-15T13:39:27","slug":"politica-privacidad","status":"publish","type":"page","link":"https:\/\/esentialaroms.com\/es\/politica-privacidad\/","title":{"rendered":"Pol\u00edtica de privacidad"},"content":{"rendered":"\t\t<div data-elementor-type=\"wp-page\" data-elementor-id=\"3\" class=\"elementor elementor-3\" data-elementor-post-type=\"page\">\n\t\t\t\t<div class=\"elementor-element elementor-element-7535ed1e e-con-full e-flex e-con e-parent\" data-id=\"7535ed1e\" data-element_type=\"container\" data-e-type=\"container\" data-settings=\"{&quot;background_background&quot;:&quot;classic&quot;}\">\n\t\t<div class=\"elementor-element elementor-element-1e0bf9ef e-con-full e-flex e-con e-child\" data-id=\"1e0bf9ef\" data-element_type=\"container\" data-e-type=\"container\">\n\t\t\t\t<div class=\"elementor-element elementor-element-3036eb50 elementor-widget__width-initial elementor-widget elementor-widget-heading\" data-id=\"3036eb50\" data-element_type=\"widget\" data-e-type=\"widget\" data-widget_type=\"heading.default\">\n\t\t\t\t<div class=\"elementor-widget-container\">\n\t\t\t\t\t<h1 class=\"elementor-heading-title elementor-size-default\">POL\u00cdTICA DE PRIVACIDAD<\/h1>\t\t\t\t<\/div>\n\t\t\t\t<\/div>\n\t\t\t\t<div class=\"elementor-element elementor-element-2c6bf1e4 elementor-widget__width-initial elementor-widget elementor-widget-heading\" data-id=\"2c6bf1e4\" data-element_type=\"widget\" data-e-type=\"widget\" data-widget_type=\"heading.default\">\n\t\t\t\t<div class=\"elementor-widget-container\">\n\t\t\t\t\t<h2 class=\"elementor-heading-title elementor-size-default\">Tratamiento datos de usuario<\/h2>\t\t\t\t<\/div>\n\t\t\t\t<\/div>\n\t\t\t\t<\/div>\n\t\t\t\t<div class=\"elementor-element elementor-element-3d055182 elementor-widget__width-initial elementor-absolute animated-slow elementor-view-default elementor-invisible elementor-widget elementor-widget-icon\" data-id=\"3d055182\" data-element_type=\"widget\" data-e-type=\"widget\" data-settings=\"{&quot;_position&quot;:&quot;absolute&quot;,&quot;_animation&quot;:&quot;flash&quot;}\" data-widget_type=\"icon.default\">\n\t\t\t\t<div class=\"elementor-widget-container\">\n\t\t\t\t\t\t\t<div class=\"elementor-icon-wrapper\">\n\t\t\t<div class=\"elementor-icon\">\n\t\t\t<i aria-hidden=\"true\" class=\"fas fa-chevron-down\"><\/i>\t\t\t<\/div>\n\t\t<\/div>\n\t\t\t\t\t\t<\/div>\n\t\t\t\t<\/div>\n\t\t\t\t<\/div>\n\t\t<div class=\"elementor-element elementor-element-7ee656c e-flex e-con-boxed e-con e-parent\" data-id=\"7ee656c\" data-element_type=\"container\" data-e-type=\"container\">\n\t\t\t\t\t<div class=\"e-con-inner\">\n\t\t\t\t<div class=\"elementor-element elementor-element-5407a8f2 elementor-widget elementor-widget-text-editor\" data-id=\"5407a8f2\" data-element_type=\"widget\" data-e-type=\"widget\" data-widget_type=\"text-editor.default\">\n\t\t\t\t<div class=\"elementor-widget-container\">\n\t\t\t\t\t\t\t\t\t<p>Est\u00e1s en &#8230;<\/p>\t\t\t\t\t\t\t\t<\/div>\n\t\t\t\t<\/div>\n\t\t\t\t<div class=\"elementor-element elementor-element-6ea2aead elementor-widget elementor-widget-woocommerce-breadcrumb\" data-id=\"6ea2aead\" data-element_type=\"widget\" data-e-type=\"widget\" data-widget_type=\"woocommerce-breadcrumb.default\">\n\t\t\t\t<div class=\"elementor-widget-container\">\n\t\t\t\t\t<nav class=\"woocommerce-breadcrumb\" aria-label=\"Breadcrumb\">Inicio<\/nav>\t\t\t\t<\/div>\n\t\t\t\t<\/div>\n\t\t\t\t\t<\/div>\n\t\t\t\t<\/div>\n\t\t<div class=\"elementor-element elementor-element-4149a56c e-flex e-con-boxed e-con e-parent\" data-id=\"4149a56c\" data-element_type=\"container\" data-e-type=\"container\">\n\t\t\t\t\t<div class=\"e-con-inner\">\n\t\t\t\t<div class=\"elementor-element elementor-element-2887051d elementor-widget elementor-widget-text-editor\" data-id=\"2887051d\" data-element_type=\"widget\" data-e-type=\"widget\" data-widget_type=\"text-editor.default\">\n\t\t\t\t<div class=\"elementor-widget-container\">\n\t\t\t\t\t\t\t\t\t<h2>Informaci\u00f3n general<\/h2><p>Esta Pol\u00edtica de Privacidad y Cookies es aplicable a todos los datos de car\u00e1cter personal que t\u00fa, como usuario, (entendi\u00e9ndose usuario como toda persona f\u00edsica que acceda al sitio web) nos proporciones a <strong>INTERSA LABS S.L.<\/strong> cuando accedes a <a href=\"https:\/\/www.intersalabs.com\" target=\"_blank\" rel=\"noopener\">www.intersalabs.com<\/a>, en adelante la \u201cWeb\u201d.<\/p><p>El objetivo de esta Pol\u00edtica de Privacidad y Cookies es informarte sobre c\u00f3mo tratamos tus datos personales como usuario, as\u00ed como explicarte los derechos que te asisten conforme al Reglamento General de Protecci\u00f3n de Datos y dem\u00e1s normativas aplicables en materia de protecci\u00f3n de datos<\/p><h2>\u00bfQui\u00e9n es el responsable?<\/h2><p>El responsable del tratamiento de los datos personales recogidos a trav\u00e9s de la Web es\u00a0<strong>INTERSA LABS S.L.<\/strong>, con n\u00famero de identificaci\u00f3n fiscal B25043621 y domicilio social en Carrer B Polinasa Alcarr\u00e0s, Lleida 25180, Espa\u00f1a.<\/p><p>Puedes contactar con el Delegado de Protecci\u00f3n de Datos en la direcci\u00f3n de correo electr\u00f3nico\u00a0<a href=\"mailto:dpo@d-intersa.com\">dpo@d-intersa.com<\/a>\u00a0para realizar todas las consultas o pedir la informaci\u00f3n que necesites acerca del tratamiento de los datos de car\u00e1cter personal de los usuarios.) Los datos de car\u00e1cter personal que recojamos ser\u00e1n tratados de forma confidencial y quedar\u00e1n incorporados a nuestro Registro de Actividades de Tratamiento.<\/p><h2>\u00bfPara qu\u00e9 pedimos tus datos?<\/h2><div><table data-bt-active=\"true\"><thead><tr><th>Finalidad<\/th><th>Descripci\u00f3n<\/th><th>Datos<\/th><\/tr><\/thead><tbody><tr><td data-th=\"Finalidad\">Para fines de marketing<\/td><td data-th=\"Descripci\u00f3n\">Para llevar a cabo acciones promocionales de nuestros productos o servicios, seg\u00fan el consentimiento expresado por el usuario y la informaci\u00f3n facilitada en el momento de la recogida del mismo. Personalizar los servicios que te ofrecemos y poder hacerte recomendaciones en funci\u00f3n de tu interacci\u00f3n con nosotros en la web y del an\u00e1lisis de tu perfil de usuario (por ejemplo, en base a tu historial de compra y navegaci\u00f3n). Mostrarte publicidad en Internet que podr\u00e1s ver cuando navegues en sitios web y apps, por ejemplo, en redes sociales. La publicidad que veas puede mostrarse de modo aleatorio, pero en otras ocasiones se trata de publicidad que puede estar relacionada con tu historial de compra, preferencias y navegaci\u00f3n.<\/td><td data-th=\"Datos\">Nombre y\/o apellidos, Correo electr\u00f3nico, Datos geolocalizaci\u00f3n.<\/td><\/tr><\/tbody><\/table><\/div><h2>\u00bfCu\u00e1l es nuestra legitimaci\u00f3n para el tratamiento de datos?<\/h2><p>Nuestra base de legitimaci\u00f3n para el tratamiento de los datos de car\u00e1cter personal es la siguiente:<\/p><ul><li>El consentimiento: si has otorgado el consentimiento expreso en el momento de introducir los datos de car\u00e1cter personal al marcar la casilla correspondiente.<\/li><li>La ejecuci\u00f3n de un contrato: si existe una relaci\u00f3n contractual entre tu y\u00a0<strong>INTERSA LABS S.L.<\/strong>, o bien, el tratamiento de los datos de car\u00e1cter personal es necesario para el desarrollo de la relaci\u00f3n comercial.<\/li><li>El cumplimiento de una obligaci\u00f3n legal: en aquellos casos que en\u00a0<strong>INTERSA LABS S.L.<\/strong>\u00a0tengamos una obligaci\u00f3n legal que nos sea aplicable como responsables del tratamiento.<\/li><li>El inter\u00e9s leg\u00edtimo: en aquellos casos en los que exista un inter\u00e9s leg\u00edtimo propio o de terceros relacionado con el funcionamiento de la Web o la prestaci\u00f3n de servicios al usuario, siempre que los intereses y derechos fundamentales de los usuarios no prevalezcan sobre el inter\u00e9s leg\u00edtimo.<\/li><\/ul><h2>\u00bfCu\u00e1nto tiempo vamos a conservar tus datos?<\/h2><p>Los datos de car\u00e1cter personal que recojamos a trav\u00e9s de la Web ser\u00e1n tratados y conservados durante el tiempo necesario para ejecutar la finalidad por la que han sido recogidos.<\/p><p>M\u00e1s concretamente, aquellos datos que recojamos para el desarrollo y ejecuci\u00f3n de un contrato contigo, se conservar\u00e1n mientras la relaci\u00f3n contractual siga vigente, pero aquellos datos personales que recojamos en ejercicio del inter\u00e9s leg\u00edtimo o con tu consentimiento los conservaremos solamente durante el tiempo necesario para cumplir con dicha finalidad.<\/p><p>Una vez transcurrido el plazo estrictamente necesario para la ejecuci\u00f3n de las finalidades que hemos descrito anteriormente, conservaremos durante un plazo adicional los datos de car\u00e1cter personal, que ser\u00e1 hasta que hayan prescrito todas las acciones que pudieran surgir de nuestra responsabilidad derivada de cada uno de los tratamientos.<\/p><h2>\u00bfCompartimos tus datos con terceros?<\/h2><p>Con el objetivo de llevar a cabo las finalidades descritas anteriormente, es necesario que demos acceso a tus datos personales a otros proveedores de servicios, que actuar\u00e1n como nuestros encargados del tratamiento, como son:<\/p><ul><li>Otras empresas del grupo<\/li><li>Proveedores de servicios tecnol\u00f3gicos y anal\u00edticos<\/li><li>Proveedores y colaboradores de servicios relacionados con marketing y publicidad (impresi\u00f3n y distribuci\u00f3n, plataformas de redes sociales, agencias de medios de comunicaci\u00f3n o agencias de publicidad, empresas de an\u00e1lisis de datos y agencias de relaciones p\u00fablicas)<\/li><\/ul><p>Hemos suscrito un acuerdo con las empresas que act\u00faan como encargados del tratamiento en el que se regula la gesti\u00f3n y el tratamiento de los datos de car\u00e1cter personal de los usuarios, as\u00ed como la adecuaci\u00f3n de las medidas de seguridad adoptadas.<\/p><p>En aquellos casos que tengamos que realizar transferencias a terceros con sede o servidores fuera de la Uni\u00f3n Europea o el Espacio Econ\u00f3mico Europeo (Islandia, Noruega o Liechtenstein), y que dicho pa\u00eds no ofrezca un nivel de protecci\u00f3n de los datos personales equivalente al de la Uni\u00f3n Europea, transferiremos tus datos personales respetando en todo momento las garant\u00edas adecuadas y manteniendo los est\u00e1ndares de seguridad, de acuerdo con la normativa aplicable.<\/p><p>Cuando se realicen \u00e9stas transferencias desde la UE\/EEE a un tercer pa\u00eds para el que la Comisi\u00f3n Europea no haya emitido una Decisi\u00f3n de Adecuaci\u00f3n, o no contemos con unas Normas Corporativas Vinculantes, cumpliremos con lo dispuesto para estos casos por la Comisi\u00f3n Europea para brindarte las garant\u00edas adecuadas, y siempre que proceda, suscribiremos las\u00a0<a href=\"https:\/\/commission.europa.eu\/law\/law-topic\/data-protection\/international-dimension-data-protection\/standard-contractual-clauses-scc_en\" target=\"_blank\" rel=\"noopener\">Cl\u00e1usulas Contractuales Est\u00e1ndar<\/a>\u00a0e incluso implementaremos medidas de protecci\u00f3n adicionales cuando sea necesario.<\/p><p>Si quieres m\u00e1s informaci\u00f3n sobre la transferencia de datos personales que realizamos a pa\u00edses fuera de la UE\/EEA, puedes contactarnos a trav\u00e9s del siguiente correo electr\u00f3nico:\u00a0<a href=\"mailto:dpo@d-intersa.com\">dpo@d-intersa.com<\/a><\/p><h2>\u00bfCu\u00e1les son tus derechos?<\/h2><p>Podr\u00e1s ejercer los siguientes derechos en cualquier momento y de forma gratuita:<\/p><ul><li>Acceso: para conocer qu\u00e9 datos conservamos y qu\u00e9 hacemos con ellos.<\/li><li>Rectificaci\u00f3n: para informarnos de alg\u00fan dato inexacto.<\/li><li>Supresi\u00f3n: para que eliminemos tus datos personales, en la medida de lo posible.<\/li><li>Oposici\u00f3n: para que dejemos de tratar tus datos personales para una de las finalidades rese\u00f1adas anteriormente, siempre que no exista una obligaci\u00f3n legal que lo impida.<\/li><li>Portabilidad: para que transfiramos tus datos personales a un tercero, en la medida de lo posible.<\/li><li>Limitaci\u00f3n: para que suspendamos tus datos cuando impugnes la exactitud de los mismos, o quieres que los conservemos para ejercer alguna acci\u00f3n.<\/li><li>A no ser objeto de decisiones basadas \u00fanicamente en el tratamiento automatizado de tus datos.<\/li><\/ul><p>Puedes ejercer cualquiera de estos derechos de forma gratu\u00edta accediendo <strong><a href=\"https:\/\/esentialaroms.com\/es\/ejercicio-de-derecho\/\">aqu\u00ed<\/a><\/strong>.<\/p><p>Si nosotros no respetamos debidamente estos derechos como responsable, te informamos de que puedes presentar una reclamaci\u00f3n ante la autoridad de control en materia de protecci\u00f3n de datos a la Agencia Espa\u00f1ola de Protecci\u00f3n de Datos (AEPD), C\/Jorge Juan, 6, 28001 Madrid o en la direcci\u00f3n de correo electr\u00f3nico internacional@aepd.es.<\/p><h2>Confidencialidad y medidas de seguridad<\/h2><p><strong>INTERSA LABS S.L.<\/strong>, como responsable del tratamiento nos comprometemos a respetar la confidencialidad de los datos de car\u00e1cter personal de los usuarios y a utilizarlos conforme las finalidades para las que han sido recogidos.<\/p><p>Hemos adoptado todas las medidas de seguridad t\u00e9cnicas y organizativas adecuadas a la naturaleza de los datos que son objeto de tratamiento y que requiere la normativa de protecci\u00f3n de datos.<\/p><p>Esta Pol\u00edtica de Privacidad fue actualizada por \u00faltima vez el 07\/01\/2026, <strong>INTERSA LABS S.L.<\/strong>\u00a0se reserva el derecho a actualizar y modificar algunos extremos de la misma para adaptarla a las novedades legislativas y jurisprudenciales por lo que te recomendamos revisarla peri\u00f3dicamente.<\/p>\t\t\t\t\t\t\t\t<\/div>\n\t\t\t\t<\/div>\n\t\t\t\t\t<\/div>\n\t\t\t\t<\/div>\n\t\t<div class=\"elementor-element elementor-element-11d68496 e-flex e-con-boxed e-con e-parent\" data-id=\"11d68496\" data-element_type=\"container\" data-e-type=\"container\" data-settings=\"{&quot;background_background&quot;:&quot;classic&quot;}\">\n\t\t\t\t\t<div class=\"e-con-inner\">\n\t\t<div class=\"elementor-element elementor-element-8fb54cb e-con-full e-flex e-con e-child\" data-id=\"8fb54cb\" data-element_type=\"container\" data-e-type=\"container\">\n\t\t\t\t<div class=\"elementor-element elementor-element-6255394e elementor-widget__width-initial elementor-widget elementor-widget-heading\" data-id=\"6255394e\" data-element_type=\"widget\" data-e-type=\"widget\" data-widget_type=\"heading.default\">\n\t\t\t\t<div class=\"elementor-widget-container\">\n\t\t\t\t\t<h3 class=\"elementor-heading-title elementor-size-default\">\u00danete a nuestra red de distribuidores<\/h3>\t\t\t\t<\/div>\n\t\t\t\t<\/div>\n\t\t\t\t<div class=\"elementor-element elementor-element-e8e7f6 elementor-widget__width-initial elementor-widget elementor-widget-text-editor\" data-id=\"e8e7f6\" data-element_type=\"widget\" data-e-type=\"widget\" data-widget_type=\"text-editor.default\">\n\t\t\t\t<div class=\"elementor-widget-container\">\n\t\t\t\t\t\t\t\t\t<p>Ofrece productos naturales de alta calidad con el respaldo de m\u00e1s de 45 a\u00f1os de experiencia<\/p>\t\t\t\t\t\t\t\t<\/div>\n\t\t\t\t<\/div>\n\t\t\t\t<div class=\"elementor-element elementor-element-19cc18b6 elementor-widget elementor-widget-button\" data-id=\"19cc18b6\" data-element_type=\"widget\" data-e-type=\"widget\" data-widget_type=\"button.default\">\n\t\t\t\t<div class=\"elementor-widget-container\">\n\t\t\t\t\t\t\t\t\t<div class=\"elementor-button-wrapper\">\n\t\t\t\t\t<a class=\"elementor-button elementor-button-link elementor-size-sm\" href=\"#\">\n\t\t\t\t\t\t<span class=\"elementor-button-content-wrapper\">\n\t\t\t\t\t\t\t\t\t<span class=\"elementor-button-text\">CONTACTA CON NOSOTROS<\/span>\n\t\t\t\t\t<\/span>\n\t\t\t\t\t<\/a>\n\t\t\t\t<\/div>\n\t\t\t\t\t\t\t\t<\/div>\n\t\t\t\t<\/div>\n\t\t\t\t<\/div>\n\t\t\t\t\t<\/div>\n\t\t\t\t<\/div>\n\t\t\t\t<\/div>\n\t\t","protected":false},"excerpt":{"rendered":"<p>POL\u00cdTICA DE PRIVACIDAD Tratamiento datos de usuario Est\u00e1s en &#8230; Informaci\u00f3n general Esta Pol\u00edtica de Privacidad y Cookies es aplicable a todos los datos de car\u00e1cter personal que t\u00fa, como usuario, (entendi\u00e9ndose usuario como toda persona f\u00edsica que acceda al sitio web) nos proporciones a INTERSA LABS S.L. cuando accedes a www.intersalabs.com, en adelante la [&hellip;]<\/p>\n","protected":false},"author":3,"featured_media":0,"parent":0,"menu_order":0,"comment_status":"closed","ping_status":"open","template":"","meta":{"_acf_changed":false,"rs_blank_template":"","rs_page_bg_color":"","slide_template_v7":"","footnotes":""},"class_list":["post-3","page","type-page","status-publish","hentry"],"acf":[],"_links":{"self":[{"href":"https:\/\/esentialaroms.com\/es\/wp-json\/wp\/v2\/pages\/3","targetHints":{"allow":["GET"]}}],"collection":[{"href":"https:\/\/esentialaroms.com\/es\/wp-json\/wp\/v2\/pages"}],"about":[{"href":"https:\/\/esentialaroms.com\/es\/wp-json\/wp\/v2\/types\/page"}],"author":[{"embeddable":true,"href":"https:\/\/esentialaroms.com\/es\/wp-json\/wp\/v2\/users\/3"}],"replies":[{"embeddable":true,"href":"https:\/\/esentialaroms.com\/es\/wp-json\/wp\/v2\/comments?post=3"}],"version-history":[{"count":42,"href":"https:\/\/esentialaroms.com\/es\/wp-json\/wp\/v2\/pages\/3\/revisions"}],"predecessor-version":[{"id":10723,"href":"https:\/\/esentialaroms.com\/es\/wp-json\/wp\/v2\/pages\/3\/revisions\/10723"}],"wp:attachment":[{"href":"https:\/\/esentialaroms.com\/es\/wp-json\/wp\/v2\/media?parent=3"}],"curies":[{"name":"wp","href":"https:\/\/api.w.org\/{rel}","templated":true}]}}