{"id":2414,"date":"2026-03-30T12:09:30","date_gmt":"2026-03-30T10:09:30","guid":{"rendered":"https:\/\/esentialaroms.com\/?page_id=2414"},"modified":"2026-03-30T12:17:27","modified_gmt":"2026-03-30T10:17:27","slug":"la-nueva-generacion-de-cremas-que-activan-el-procolageno-ciencia-avanzada-para-una-piel-mas-firme-y-luminosa","status":"publish","type":"page","link":"https:\/\/esentialaroms.com\/es\/la-nueva-generacion-de-cremas-que-activan-el-procolageno-ciencia-avanzada-para-una-piel-mas-firme-y-luminosa\/","title":{"rendered":"La nueva generaci\u00f3n de cremas que activan el procol\u00e1geno: ciencia avanzada para una piel m\u00e1s firme y luminosa"},"content":{"rendered":"\t\t<div data-elementor-type=\"wp-page\" data-elementor-id=\"2414\" class=\"elementor elementor-2414\" data-elementor-post-type=\"page\">\n\t\t\t\t<div class=\"elementor-element elementor-element-f4e3f6f e-flex e-con-boxed e-con e-parent\" data-id=\"f4e3f6f\" data-element_type=\"container\" data-e-type=\"container\">\n\t\t\t\t\t<div class=\"e-con-inner\">\n\t\t\t\t<div class=\"elementor-element elementor-element-7acf07c elementor-widget elementor-widget-heading\" data-id=\"7acf07c\" data-element_type=\"widget\" data-e-type=\"widget\" data-widget_type=\"heading.default\">\n\t\t\t\t<div class=\"elementor-widget-container\">\n\t\t\t\t\t<h2 class=\"elementor-heading-title elementor-size-default\">Una bio-crema con ingredientes de origen natural y estudios cl\u00ednicos que ayudan a estimular el procol\u00e1geno I y III, reforzar la barrera cut\u00e1nea y proteger la piel frente al envejecimiento y la poluci\u00f3n.<\/h2>\t\t\t\t<\/div>\n\t\t\t\t<\/div>\n\t\t\t\t\t<\/div>\n\t\t\t\t<\/div>\n\t\t<div class=\"elementor-element elementor-element-02486a4 e-flex e-con-boxed e-con e-parent\" data-id=\"02486a4\" data-element_type=\"container\" data-e-type=\"container\">\n\t\t\t\t\t<div class=\"e-con-inner\">\n\t\t\t\t<div class=\"elementor-element elementor-element-f023b0f elementor-widget elementor-widget-text-editor\" data-id=\"f023b0f\" data-element_type=\"widget\" data-e-type=\"widget\" data-widget_type=\"text-editor.default\">\n\t\t\t\t<div class=\"elementor-widget-container\">\n\t\t\t\t\t\t\t\t\t<p>El cuidado de la piel ha evolucionado notablemente en los \u00faltimos a\u00f1os. Hoy en d\u00eda, las f\u00f3rmulas cosm\u00e9ticas m\u00e1s avanzadas no solo hidratan o suavizan la piel, sino que act\u00faan a nivel biol\u00f3gico para estimular sus propios mecanismos de regeneraci\u00f3n. Un ejemplo de esta innovaci\u00f3n es la nueva bio-crema activadora del <strong>procol\u00e1geno I y III<\/strong> (PRO-COLLAGEN), desarrollada con <strong>tecnolog\u00eda cosm\u00e9tica de \u00faltima generaci\u00f3n<\/strong> y respaldada por estudios cl\u00ednicos que demuestran su eficacia.<\/p>\t\t\t\t\t\t\t\t<\/div>\n\t\t\t\t<\/div>\n\t\t\t\t<div class=\"elementor-element elementor-element-b8b0ea3 elementor-widget elementor-widget-text-editor\" data-id=\"b8b0ea3\" data-element_type=\"widget\" data-e-type=\"widget\" data-widget_type=\"text-editor.default\">\n\t\t\t\t<div class=\"elementor-widget-container\">\n\t\t\t\t\t\t\t\t\t<p>El procol\u00e1geno I y III son dos de los componentes fundamentales responsables de la <strong>firmeza<\/strong>, elasticidad y estructura de la piel. Con el paso del tiempo, su producci\u00f3n disminuye de forma natural, lo que favorece la aparici\u00f3n de arrugas, p\u00e9rdida de densidad y signos visibles de envejecimiento. Por ello, estimular su s\u00edntesis se ha convertido en uno de los objetivos principales de la cosm\u00e9tica avanzada.<\/p>\t\t\t\t\t\t\t\t<\/div>\n\t\t\t\t<\/div>\n\t\t\t\t<div class=\"elementor-element elementor-element-48bd2cf elementor-widget elementor-widget-text-editor\" data-id=\"48bd2cf\" data-element_type=\"widget\" data-e-type=\"widget\" data-widget_type=\"text-editor.default\">\n\t\t\t\t<div class=\"elementor-widget-container\">\n\t\t\t\t\t\t\t\t\t<p>Esta bio-crema ha sido formulada con un complejo de \u00e1cidos grasos esenciales que presenta una composici\u00f3n muy similar a la de los l\u00edpidos naturales de la piel, lo que permite reforzar la integridad de la <strong>barrera cut\u00e1nea<\/strong> y facilitar la penetraci\u00f3n de los activos hacia las capas m\u00e1s profundas.<\/p>\t\t\t\t\t\t\t\t<\/div>\n\t\t\t\t<\/div>\n\t\t\t\t<div class=\"elementor-element elementor-element-12e1740 elementor-widget elementor-widget-text-editor\" data-id=\"12e1740\" data-element_type=\"widget\" data-e-type=\"widget\" data-widget_type=\"text-editor.default\">\n\t\t\t\t<div class=\"elementor-widget-container\">\n\t\t\t\t\t\t\t\t\t<p>Gracias a esta tecnolog\u00eda, la piel se beneficia de una acci\u00f3n reestructurante y recompactante, ayudando a prevenir los signos del <strong>envejecimiento<\/strong>. Adem\u00e1s, la f\u00f3rmula crea un escudo frente a la poluci\u00f3n ambiental, uno de los factores que m\u00e1s contribuyen al envejecimiento prematuro. Su contenido en alternativas naturales a las siliconas proporciona tambi\u00e9n un agradable efecto \u201csilicon-like\u201d, que aporta suavidad inmediata y una textura sedosa sobre la piel.<\/p>\t\t\t\t\t\t\t\t<\/div>\n\t\t\t\t<\/div>\n\t\t\t\t<div class=\"elementor-element elementor-element-7c9a654 elementor-widget elementor-widget-text-editor\" data-id=\"7c9a654\" data-element_type=\"widget\" data-e-type=\"widget\" data-widget_type=\"text-editor.default\">\n\t\t\t\t<div class=\"elementor-widget-container\">\n\t\t\t\t\t\t\t\t\t<p>Uno de los ingredientes m\u00e1s innovadores de la f\u00f3rmula es el <strong>\u00e1cido hialur\u00f3nico de 300 KD<\/strong>, una nueva generaci\u00f3n de derivado patentado que act\u00faa de forma m\u00e1s profunda que el \u00e1cido hialur\u00f3nico convencional. Este activo penetra hasta dos veces m\u00e1s profundamente en la piel y, gracias a su acetilaci\u00f3n completa, es resistente a las enzimas que normalmente degradan el \u00e1cido hialur\u00f3nico, lo que prolonga su eficacia.<\/p>\t\t\t\t\t\t\t\t<\/div>\n\t\t\t\t<\/div>\n\t\t\t\t<div class=\"elementor-element elementor-element-a36c6dd elementor-widget elementor-widget-text-editor\" data-id=\"a36c6dd\" data-element_type=\"widget\" data-e-type=\"widget\" data-widget_type=\"text-editor.default\">\n\t\t\t\t<div class=\"elementor-widget-container\">\n\t\t\t\t\t\t\t\t\t<p>Los estudios cl\u00ednicos muestran resultados muy r\u00e1pidos y visibles. Se ha observado una reducci\u00f3n del 9 % en la longitud de las <strong>arrugas<\/strong> del contorno de ojos en tan solo una hora, as\u00ed como una disminuci\u00f3n del 26,5 % en el n\u00famero de arrugas profundas en seis horas. A largo plazo, el ingrediente tambi\u00e9n contribuye a reforzar las <strong>defensas<\/strong> <strong>antioxidantes<\/strong> de la piel, mejorar su textura y reducir el n\u00famero total de arrugas.<\/p>\t\t\t\t\t\t\t\t<\/div>\n\t\t\t\t<\/div>\n\t\t\t\t<div class=\"elementor-element elementor-element-bbb85d8 elementor-widget elementor-widget-text-editor\" data-id=\"bbb85d8\" data-element_type=\"widget\" data-e-type=\"widget\" data-widget_type=\"text-editor.default\">\n\t\t\t\t<div class=\"elementor-widget-container\">\n\t\t\t\t\t\t\t\t\t<p>La f\u00f3rmula incluye adem\u00e1s beta\u00edna de origen vegetal, un activo que ayuda a prevenir la aparici\u00f3n de <strong>manchas cut\u00e1neas<\/strong>. Los estudios muestran que, tras su uso, el 100 % de las manchas analizadas se volvieron m\u00e1s claras y el 90 % redujeron su tama\u00f1o, lo que contribuye a un tono de piel m\u00e1s uniforme.<\/p>\t\t\t\t\t\t\t\t<\/div>\n\t\t\t\t<\/div>\n\t\t\t\t<div class=\"elementor-element elementor-element-79f2279 elementor-widget elementor-widget-text-editor\" data-id=\"79f2279\" data-element_type=\"widget\" data-e-type=\"widget\" data-widget_type=\"text-editor.default\">\n\t\t\t\t<div class=\"elementor-widget-container\">\n\t\t\t\t\t\t\t\t\t<p>La f\u00f3rmula se completa con agua floral de <strong>rosa damascena<\/strong> aut\u00e9ntica y ecol\u00f3gica, aloe vera, extracto de ginkgo biloba y un complejo de extractos fermentados de soja, granada, higo y morera, conocidos por su capacidad antioxidante y revitalizante. Tambi\u00e9n incorpora oleorresina de incienso de la India, apreciada por sus propiedades calmantes y regeneradoras.<\/p>\t\t\t\t\t\t\t\t<\/div>\n\t\t\t\t<\/div>\n\t\t\t\t<div class=\"elementor-element elementor-element-4a52512 elementor-widget elementor-widget-text-editor\" data-id=\"4a52512\" data-element_type=\"widget\" data-e-type=\"widget\" data-widget_type=\"text-editor.default\">\n\t\t\t\t<div class=\"elementor-widget-container\">\n\t\t\t\t\t\t\t\t\t<p>Finalmente, uno de los elementos m\u00e1s innovadores es la presencia de <strong>algas rojas<\/strong> con capacidad fotoprotectora, que ofrecen una protecci\u00f3n frente a la radiaci\u00f3n solar equivalente a un SPF 50 seg\u00fan estudios cl\u00ednicos, ayudando a proteger la piel frente al fotoenvejecimiento.<\/p>\t\t\t\t\t\t\t\t<\/div>\n\t\t\t\t<\/div>\n\t\t\t\t<div class=\"elementor-element elementor-element-5af1094 elementor-widget elementor-widget-text-editor\" data-id=\"5af1094\" data-element_type=\"widget\" data-e-type=\"widget\" data-widget_type=\"text-editor.default\">\n\t\t\t\t<div class=\"elementor-widget-container\">\n\t\t\t\t\t\t\t\t\t<p>En conjunto, esta bio-crema representa una nueva generaci\u00f3n de <strong>cosm\u00e9tica inteligente<\/strong>: f\u00f3rmulas que combinan ingredientes naturales, tecnolog\u00eda avanzada y evidencia cient\u00edfica para estimular el procol\u00e1geno, mejorar la calidad de la piel y ofrecer una protecci\u00f3n integral frente a los factores que aceleran el envejecimiento cut\u00e1neo. El resultado es una piel m\u00e1s firme, luminosa y visiblemente rejuvenecida.<\/p>\t\t\t\t\t\t\t\t<\/div>\n\t\t\t\t<\/div>\n\t\t\t\t\t<\/div>\n\t\t\t\t<\/div>\n\t\t<div class=\"elementor-element elementor-element-a9fba94 e-flex e-con-boxed e-con e-parent\" data-id=\"a9fba94\" data-element_type=\"container\" data-e-type=\"container\">\n\t\t\t\t\t<div class=\"e-con-inner\">\n\t\t<div class=\"elementor-element elementor-element-f4db061 e-con-full e-flex e-con e-child\" data-id=\"f4db061\" data-element_type=\"container\" data-e-type=\"container\">\n\t\t\t\t<div class=\"elementor-element elementor-element-62d35b0 elementor-widget elementor-widget-image\" data-id=\"62d35b0\" data-element_type=\"widget\" data-e-type=\"widget\" data-widget_type=\"image.default\">\n\t\t\t\t<div class=\"elementor-widget-container\">\n\t\t\t\t\t\t\t\t\t\t\t\t\t\t\t\t<a href=\"https:\/\/www.esentialaroms.com\/es\/productos\/crema-de-dia-antiedad-pro-collagen\">\n\t\t\t\t\t\t\t<img fetchpriority=\"high\" decoding=\"async\" width=\"300\" height=\"183\" src=\"https:\/\/esentialaroms.com\/wp-content\/uploads\/2026\/03\/53348-01-intesalabs-esentialaroms-crema-dia-antiedad-pro-collagen-crema-dia-antiedad_0_1_0_0_0_0_0_0_0-1-300x183.jpg\" class=\"attachment-medium size-medium wp-image-2416\" alt=\"\" srcset=\"https:\/\/esentialaroms.com\/wp-content\/uploads\/2026\/03\/53348-01-intesalabs-esentialaroms-crema-dia-antiedad-pro-collagen-crema-dia-antiedad_0_1_0_0_0_0_0_0_0-1-300x183.jpg 300w, https:\/\/esentialaroms.com\/wp-content\/uploads\/2026\/03\/53348-01-intesalabs-esentialaroms-crema-dia-antiedad-pro-collagen-crema-dia-antiedad_0_1_0_0_0_0_0_0_0-1.jpg 500w\" sizes=\"(max-width: 300px) 100vw, 300px\" \/>\t\t\t\t\t\t\t\t<\/a>\n\t\t\t\t\t\t\t\t\t\t\t\t\t\t\t<\/div>\n\t\t\t\t<\/div>\n\t\t\t\t<\/div>\n\t\t<div class=\"elementor-element elementor-element-7e9fa1b e-con-full e-flex e-con e-child\" data-id=\"7e9fa1b\" data-element_type=\"container\" data-e-type=\"container\">\n\t\t\t\t<div class=\"elementor-element elementor-element-ccb1282 elementor-widget elementor-widget-text-editor\" data-id=\"ccb1282\" data-element_type=\"widget\" data-e-type=\"widget\" data-widget_type=\"text-editor.default\">\n\t\t\t\t<div class=\"elementor-widget-container\">\n\t\t\t\t\t\t\t\t\t<p>En este contexto, f\u00f3rmulas como la <strong data-start=\"912\" data-end=\"968\">Crema de D\u00eda Antiedad Pro-Collagen de Esential Aroms<\/strong> representan esta nueva generaci\u00f3n de cosm\u00e9tica inteligente, dise\u00f1ada para estimular el procol\u00e1geno, reforzar la barrera cut\u00e1nea y mejorar la calidad de la piel de forma global.<\/p>\t\t\t\t\t\t\t\t<\/div>\n\t\t\t\t<\/div>\n\t\t\t\t<\/div>\n\t\t\t\t\t<\/div>\n\t\t\t\t<\/div>\n\t\t<div class=\"elementor-element elementor-element-353fe9fa e-flex e-con-boxed e-con e-parent\" data-id=\"353fe9fa\" data-element_type=\"container\" data-e-type=\"container\">\n\t\t\t\t\t<div class=\"e-con-inner\">\n\t\t<div class=\"elementor-element elementor-element-6072e308 e-con-full e-flex e-con e-child\" data-id=\"6072e308\" data-element_type=\"container\" data-e-type=\"container\">\n\t\t\t\t<div class=\"elementor-element elementor-element-1c74450f elementor-widget elementor-widget-author-box\" data-id=\"1c74450f\" data-element_type=\"widget\" data-e-type=\"widget\" data-widget_type=\"author-box.default\">\n\t\t\t\t<div class=\"elementor-widget-container\">\n\t\t\t\t\t\t\t<div class=\"elementor-author-box\">\n\t\t\t\t\t\t\t<div  class=\"elementor-author-box__avatar\">\n\t\t\t\t\t<img decoding=\"async\" src=\"https:\/\/esentialaroms.com\/wp-content\/uploads\/2025\/12\/com_wickedteam_profile_picture_0_0_300x300.png\" alt=\"Imagen de Maribel Sa\u00edz Cayuela\" loading=\"lazy\">\n\t\t\t\t<\/div>\n\t\t\t\n\t\t\t<div class=\"elementor-author-box__text\">\n\t\t\t\t\t\t\t\t\t<div >\n\t\t\t\t\t\t<h4 class=\"elementor-author-box__name\">\n\t\t\t\t\t\t\tMaribel Sa\u00edz Cayuela\t\t\t\t\t\t<\/h4>\n\t\t\t\t\t<\/div>\n\t\t\t\t\n\t\t\t\t\t\t\t\t\t<div class=\"elementor-author-box__bio\">\n\t\t\t\t\t\t<p>Licenciada en Ciencias Biol\u00f3gicas, PGD. Diet\u00e9tica y Nutrici\u00f3n.\u00a0<\/p>\n\t\t\t\t\t<\/div>\n\t\t\t\t\n\t\t\t\t\t\t\t<\/div>\n\t\t<\/div>\n\t\t\t\t\t\t<\/div>\n\t\t\t\t<\/div>\n\t\t\t\t<\/div>\n\t\t\t\t\t<\/div>\n\t\t\t\t<\/div>\n\t\t\t\t<\/div>\n\t\t","protected":false},"excerpt":{"rendered":"<p>Una bio-crema con ingredientes de origen natural y estudios cl\u00ednicos que ayudan a estimular el procol\u00e1geno I y III, reforzar la barrera cut\u00e1nea y proteger la piel frente al envejecimiento y la poluci\u00f3n. El cuidado de la piel ha evolucionado notablemente en los \u00faltimos a\u00f1os. Hoy en d\u00eda, las f\u00f3rmulas cosm\u00e9ticas m\u00e1s avanzadas no solo [&hellip;]<\/p>\n","protected":false},"author":3,"featured_media":0,"parent":0,"menu_order":0,"comment_status":"closed","ping_status":"closed","template":"","meta":{"_acf_changed":false,"rs_blank_template":"","rs_page_bg_color":"","slide_template_v7":"","footnotes":""},"class_list":["post-2414","page","type-page","status-publish","hentry"],"acf":[],"_links":{"self":[{"href":"https:\/\/esentialaroms.com\/es\/wp-json\/wp\/v2\/pages\/2414","targetHints":{"allow":["GET"]}}],"collection":[{"href":"https:\/\/esentialaroms.com\/es\/wp-json\/wp\/v2\/pages"}],"about":[{"href":"https:\/\/esentialaroms.com\/es\/wp-json\/wp\/v2\/types\/page"}],"author":[{"embeddable":true,"href":"https:\/\/esentialaroms.com\/es\/wp-json\/wp\/v2\/users\/3"}],"replies":[{"embeddable":true,"href":"https:\/\/esentialaroms.com\/es\/wp-json\/wp\/v2\/comments?post=2414"}],"version-history":[{"count":12,"href":"https:\/\/esentialaroms.com\/es\/wp-json\/wp\/v2\/pages\/2414\/revisions"}],"predecessor-version":[{"id":2429,"href":"https:\/\/esentialaroms.com\/es\/wp-json\/wp\/v2\/pages\/2414\/revisions\/2429"}],"wp:attachment":[{"href":"https:\/\/esentialaroms.com\/es\/wp-json\/wp\/v2\/media?parent=2414"}],"curies":[{"name":"wp","href":"https:\/\/api.w.org\/{rel}","templated":true}]}}