{"id":1238,"date":"2025-12-23T12:03:09","date_gmt":"2025-12-23T11:03:09","guid":{"rendered":"https:\/\/dev.intersalabs.com\/?page_id=1238"},"modified":"2026-01-05T13:12:18","modified_gmt":"2026-01-05T12:12:18","slug":"expertos-en-salud-y-cosmetica-natural","status":"publish","type":"page","link":"https:\/\/esentialaroms.com\/es\/expertos-en-salud-y-cosmetica-natural\/","title":{"rendered":"F\u00f3rmate con Expertos"},"content":{"rendered":"\t\t<div data-elementor-type=\"wp-page\" data-elementor-id=\"1238\" class=\"elementor elementor-1238\" data-elementor-post-type=\"page\">\n\t\t\t\t<div class=\"elementor-element elementor-element-3a052709 e-con-full e-flex e-con e-parent\" data-id=\"3a052709\" data-element_type=\"container\" data-e-type=\"container\" data-settings=\"{&quot;background_background&quot;:&quot;classic&quot;}\">\n\t\t<div class=\"elementor-element elementor-element-69fb1730 e-con-full e-flex e-con e-child\" data-id=\"69fb1730\" data-element_type=\"container\" data-e-type=\"container\">\n\t\t\t\t<div class=\"elementor-element elementor-element-1921a3b0 elementor-widget__width-initial elementor-widget elementor-widget-heading\" data-id=\"1921a3b0\" data-element_type=\"widget\" data-e-type=\"widget\" data-widget_type=\"heading.default\">\n\t\t\t\t<div class=\"elementor-widget-container\">\n\t\t\t\t\t<h1 class=\"elementor-heading-title elementor-size-default\">Plataforma de formaci\u00f3n<\/h1>\t\t\t\t<\/div>\n\t\t\t\t<\/div>\n\t\t\t\t<div class=\"elementor-element elementor-element-3c3f954f elementor-widget__width-initial elementor-widget elementor-widget-heading\" data-id=\"3c3f954f\" data-element_type=\"widget\" data-e-type=\"widget\" data-widget_type=\"heading.default\">\n\t\t\t\t<div class=\"elementor-widget-container\">\n\t\t\t\t\t<h2 class=\"elementor-heading-title elementor-size-default\">Aprende de los expertos<\/h2>\t\t\t\t<\/div>\n\t\t\t\t<\/div>\n\t\t\t\t<\/div>\n\t\t\t\t<div class=\"elementor-element elementor-element-152d4770 elementor-widget__width-initial elementor-absolute animated-slow elementor-view-default elementor-invisible elementor-widget elementor-widget-icon\" data-id=\"152d4770\" data-element_type=\"widget\" data-e-type=\"widget\" data-settings=\"{&quot;_position&quot;:&quot;absolute&quot;,&quot;_animation&quot;:&quot;flash&quot;}\" data-widget_type=\"icon.default\">\n\t\t\t\t<div class=\"elementor-widget-container\">\n\t\t\t\t\t\t\t<div class=\"elementor-icon-wrapper\">\n\t\t\t<div class=\"elementor-icon\">\n\t\t\t<i aria-hidden=\"true\" class=\"fas fa-chevron-down\"><\/i>\t\t\t<\/div>\n\t\t<\/div>\n\t\t\t\t\t\t<\/div>\n\t\t\t\t<\/div>\n\t\t\t\t<\/div>\n\t\t<div class=\"elementor-element elementor-element-1fcb58bf e-flex e-con-boxed e-con e-parent\" data-id=\"1fcb58bf\" data-element_type=\"container\" data-e-type=\"container\">\n\t\t\t\t\t<div class=\"e-con-inner\">\n\t\t\t\t<div class=\"elementor-element elementor-element-7fde81e9 elementor-widget elementor-widget-text-editor\" data-id=\"7fde81e9\" data-element_type=\"widget\" data-e-type=\"widget\" data-widget_type=\"text-editor.default\">\n\t\t\t\t<div class=\"elementor-widget-container\">\n\t\t\t\t\t\t\t\t\t<p>Est\u00e1s en &#8230;<\/p>\t\t\t\t\t\t\t\t<\/div>\n\t\t\t\t<\/div>\n\t\t\t\t<div class=\"elementor-element elementor-element-36623a1b elementor-widget elementor-widget-woocommerce-breadcrumb\" data-id=\"36623a1b\" data-element_type=\"widget\" data-e-type=\"widget\" data-widget_type=\"woocommerce-breadcrumb.default\">\n\t\t\t\t<div class=\"elementor-widget-container\">\n\t\t\t\t\t<nav class=\"woocommerce-breadcrumb\" aria-label=\"Breadcrumb\">Inicio<\/nav>\t\t\t\t<\/div>\n\t\t\t\t<\/div>\n\t\t\t\t\t<\/div>\n\t\t\t\t<\/div>\n\t\t<div class=\"elementor-element elementor-element-412c27a e-flex e-con-boxed e-con e-parent\" data-id=\"412c27a\" data-element_type=\"container\" data-e-type=\"container\">\n\t\t\t\t\t<div class=\"e-con-inner\">\n\t\t\t\t<div class=\"elementor-element elementor-element-2bbe1ac elementor-widget elementor-widget-heading\" data-id=\"2bbe1ac\" data-element_type=\"widget\" data-e-type=\"widget\" data-widget_type=\"heading.default\">\n\t\t\t\t<div class=\"elementor-widget-container\">\n\t\t\t\t\t<h2 class=\"elementor-heading-title elementor-size-default\">F\u00f3rmate con Intersa Labs: expertos en salud y cosm\u00e9tica natural<\/h2>\t\t\t\t<\/div>\n\t\t\t\t<\/div>\n\t\t\t\t\t<\/div>\n\t\t\t\t<\/div>\n\t\t<div class=\"elementor-element elementor-element-74e8caa e-flex e-con-boxed e-con e-parent\" data-id=\"74e8caa\" data-element_type=\"container\" data-e-type=\"container\">\n\t\t\t\t\t<div class=\"e-con-inner\">\n\t\t\t\t<div class=\"elementor-element elementor-element-62e87d2 elementor-widget elementor-widget-text-editor\" data-id=\"62e87d2\" data-element_type=\"widget\" data-e-type=\"widget\" data-widget_type=\"text-editor.default\">\n\t\t\t\t<div class=\"elementor-widget-container\">\n\t\t\t\t\t\t\t\t\t<p>En Intersa Labs creemos que el conocimiento es la base del bienestar.<br \/><br \/>Desde hace m\u00e1s de cuatro d\u00e9cadas, compartimos nuestra experiencia en cosm\u00e9tica natural, fitoterapia, aromaterapia y nutrici\u00f3n cient\u00edfica con profesionales que desean especializarse en el cuidado natural de la salud. Nuestra vocaci\u00f3n formativa nace del mismo compromiso que gu\u00eda todo nuestro trabajo: unir ciencia, naturaleza y formaci\u00f3n de calidad.<\/p>\t\t\t\t\t\t\t\t<\/div>\n\t\t\t\t<\/div>\n\t\t\t\t\t<\/div>\n\t\t\t\t<\/div>\n\t\t<div class=\"elementor-element elementor-element-7138578 e-flex e-con-boxed e-con e-parent\" data-id=\"7138578\" data-element_type=\"container\" data-e-type=\"container\">\n\t\t\t\t\t<div class=\"e-con-inner\">\n\t\t<div class=\"elementor-element elementor-element-aabe03a e-con-full e-flex e-con e-child\" data-id=\"aabe03a\" data-element_type=\"container\" data-e-type=\"container\">\n\t\t\t\t<div class=\"elementor-element elementor-element-06b4e1a elementor-widget elementor-widget-image\" data-id=\"06b4e1a\" data-element_type=\"widget\" data-e-type=\"widget\" data-widget_type=\"image.default\">\n\t\t\t\t<div class=\"elementor-widget-container\">\n\t\t\t\t\t\t\t\t\t\t\t\t\t\t\t<img fetchpriority=\"high\" decoding=\"async\" width=\"800\" height=\"726\" src=\"https:\/\/esentialaroms.com\/wp-content\/uploads\/2026\/01\/formate-intersalabs.jpg\" class=\"attachment-large size-large wp-image-1537\" alt=\"\" srcset=\"https:\/\/esentialaroms.com\/wp-content\/uploads\/2026\/01\/formate-intersalabs.jpg 832w, https:\/\/esentialaroms.com\/wp-content\/uploads\/2026\/01\/formate-intersalabs-300x272.jpg 300w, https:\/\/esentialaroms.com\/wp-content\/uploads\/2026\/01\/formate-intersalabs-768x697.jpg 768w, https:\/\/esentialaroms.com\/wp-content\/uploads\/2026\/01\/formate-intersalabs-600x544.jpg 600w\" sizes=\"(max-width: 800px) 100vw, 800px\" \/>\t\t\t\t\t\t\t\t\t\t\t\t\t\t\t<\/div>\n\t\t\t\t<\/div>\n\t\t\t\t<\/div>\n\t\t<div class=\"elementor-element elementor-element-0e08e9a e-con-full e-flex e-con e-child\" data-id=\"0e08e9a\" data-element_type=\"container\" data-e-type=\"container\">\n\t\t\t\t<div class=\"elementor-element elementor-element-2f935d5 elementor-widget elementor-widget-heading\" data-id=\"2f935d5\" data-element_type=\"widget\" data-e-type=\"widget\" data-widget_type=\"heading.default\">\n\t\t\t\t<div class=\"elementor-widget-container\">\n\t\t\t\t\t<h2 class=\"elementor-heading-title elementor-size-default\">Formaci\u00f3n profesional en aromaterapia, fitoterapia y nutrici\u00f3n natural<\/h2>\t\t\t\t<\/div>\n\t\t\t\t<\/div>\n\t\t\t\t<div class=\"elementor-element elementor-element-6ceb5a6 elementor-widget elementor-widget-text-editor\" data-id=\"6ceb5a6\" data-element_type=\"widget\" data-e-type=\"widget\" data-widget_type=\"text-editor.default\">\n\t\t\t\t<div class=\"elementor-widget-container\">\n\t\t\t\t\t\t\t\t\t<p>Nuestros programas de formaci\u00f3n est\u00e1n dise\u00f1ados para farmac\u00e9uticos, terapeutas, profesionales de la est\u00e9tica y la salud que buscan ampliar sus conocimientos y aplicar herramientas naturales basadas en la evidencia cient\u00edfica.<\/p><p>Los cursos abordan tem\u00e1ticas como la cosm\u00e9tica natural certificada, la aromaterapia cient\u00edfica, la nutrici\u00f3n celular activa y la fitoterapia aplicada, ofreciendo una visi\u00f3n integral y pr\u00e1ctica del bienestar natural.<\/p>\t\t\t\t\t\t\t\t<\/div>\n\t\t\t\t<\/div>\n\t\t\t\t<\/div>\n\t\t\t\t\t<\/div>\n\t\t\t\t<\/div>\n\t\t<div class=\"elementor-element elementor-element-d673292 e-flex e-con-boxed e-con e-parent\" data-id=\"d673292\" data-element_type=\"container\" data-e-type=\"container\">\n\t\t\t\t\t<div class=\"e-con-inner\">\n\t\t\t\t<div class=\"elementor-element elementor-element-55742a5 elementor-widget elementor-widget-heading\" data-id=\"55742a5\" data-element_type=\"widget\" data-e-type=\"widget\" data-widget_type=\"heading.default\">\n\t\t\t\t<div class=\"elementor-widget-container\">\n\t\t\t\t\t<h2 class=\"elementor-heading-title elementor-size-default\">Modalidades online y presenciales para profesionales<\/h2>\t\t\t\t<\/div>\n\t\t\t\t<\/div>\n\t\t\t\t\t<\/div>\n\t\t\t\t<\/div>\n\t\t<div class=\"elementor-element elementor-element-d5ba3a5 e-flex e-con-boxed e-con e-parent\" data-id=\"d5ba3a5\" data-element_type=\"container\" data-e-type=\"container\">\n\t\t\t\t\t<div class=\"e-con-inner\">\n\t\t\t\t<div class=\"elementor-element elementor-element-be89011 elementor-widget elementor-widget-text-editor\" data-id=\"be89011\" data-element_type=\"widget\" data-e-type=\"widget\" data-widget_type=\"text-editor.default\">\n\t\t\t\t<div class=\"elementor-widget-container\">\n\t\t\t\t\t\t\t\t\t<p>En Intersa Labs ofrecemos formaci\u00f3n online y presencial, adaptada al ritmo y disponibilidad de cada profesional.<br \/>Contamos con un equipo de formadores internos y colaboradores cient\u00edficos con amplia experiencia en el sector, que garantizan una ense\u00f1anza rigurosa, actualizada y cercana. Adem\u00e1s, proporcionamos acceso a materiales exclusivos y acompa\u00f1amiento continuo, para que el aprendizaje se convierta en una herramienta real de crecimiento personal y profesional.<\/p><p>Nuestra misi\u00f3n es inspirarte a seguir aprendiendo y a aplicar la ciencia natural con criterio, \u00e9tica y pasi\u00f3n.<\/p>\t\t\t\t\t\t\t\t<\/div>\n\t\t\t\t<\/div>\n\t\t\t\t\t<\/div>\n\t\t\t\t<\/div>\n\t\t<div class=\"elementor-element elementor-element-35e42b45 e-flex e-con-boxed e-con e-parent\" data-id=\"35e42b45\" data-element_type=\"container\" data-e-type=\"container\" data-settings=\"{&quot;background_background&quot;:&quot;classic&quot;}\">\n\t\t\t\t\t<div class=\"e-con-inner\">\n\t\t<div class=\"elementor-element elementor-element-5ed639af e-con-full e-flex e-con e-child\" data-id=\"5ed639af\" data-element_type=\"container\" data-e-type=\"container\">\n\t\t\t\t<div class=\"elementor-element elementor-element-72ebc248 elementor-widget__width-initial elementor-widget elementor-widget-heading\" data-id=\"72ebc248\" data-element_type=\"widget\" data-e-type=\"widget\" data-widget_type=\"heading.default\">\n\t\t\t\t<div class=\"elementor-widget-container\">\n\t\t\t\t\t<h2 class=\"elementor-heading-title elementor-size-default\">F\u00f3rmate con Intersa Labs\n<\/h2>\t\t\t\t<\/div>\n\t\t\t\t<\/div>\n\t\t\t\t<div class=\"elementor-element elementor-element-1e229298 elementor-widget__width-initial elementor-widget elementor-widget-text-editor\" data-id=\"1e229298\" data-element_type=\"widget\" data-e-type=\"widget\" data-widget_type=\"text-editor.default\">\n\t\t\t\t<div class=\"elementor-widget-container\">\n\t\t\t\t\t\t\t\t\t<p>Expertos en salud y cosm\u00e9tica natural<\/p>\t\t\t\t\t\t\t\t<\/div>\n\t\t\t\t<\/div>\n\t\t\t\t<div class=\"elementor-element elementor-element-77c18710 elementor-widget elementor-widget-image\" data-id=\"77c18710\" data-element_type=\"widget\" data-e-type=\"widget\" data-widget_type=\"image.default\">\n\t\t\t\t<div class=\"elementor-widget-container\">\n\t\t\t\t\t\t\t\t\t\t\t\t\t\t\t\t<a href=\"https:\/\/training.intersaesential.com\/\" target=\"_blank\" rel=\"noopener\">\n\t\t\t\t\t\t\t<img decoding=\"async\" width=\"113\" height=\"113\" src=\"https:\/\/esentialaroms.com\/wp-content\/uploads\/2026\/01\/PhotoshopExtension_Image-1.png\" class=\"attachment-large size-large wp-image-1446\" alt=\"\" srcset=\"https:\/\/esentialaroms.com\/wp-content\/uploads\/2026\/01\/PhotoshopExtension_Image-1.png 113w, https:\/\/esentialaroms.com\/wp-content\/uploads\/2026\/01\/PhotoshopExtension_Image-1-100x100.png 100w\" sizes=\"(max-width: 113px) 100vw, 113px\" \/>\t\t\t\t\t\t\t\t<\/a>\n\t\t\t\t\t\t\t\t\t\t\t\t\t\t\t<\/div>\n\t\t\t\t<\/div>\n\t\t\t\t<\/div>\n\t\t\t\t\t<\/div>\n\t\t\t\t<\/div>\n\t\t\t\t<\/div>\n\t\t","protected":false},"excerpt":{"rendered":"<p>Plataforma de formaci\u00f3n Aprende de los expertos Est\u00e1s en &#8230; F\u00f3rmate con Intersa Labs: expertos en salud y cosm\u00e9tica natural En Intersa Labs creemos que el conocimiento es la base del bienestar. Desde hace m\u00e1s de cuatro d\u00e9cadas, compartimos nuestra experiencia en cosm\u00e9tica natural, fitoterapia, aromaterapia y nutrici\u00f3n cient\u00edfica con profesionales que desean especializarse en [&hellip;]<\/p>\n","protected":false},"author":3,"featured_media":0,"parent":0,"menu_order":0,"comment_status":"closed","ping_status":"closed","template":"","meta":{"_acf_changed":false,"rs_blank_template":"","rs_page_bg_color":"","slide_template_v7":"","footnotes":""},"class_list":["post-1238","page","type-page","status-publish","hentry"],"acf":[],"_links":{"self":[{"href":"https:\/\/esentialaroms.com\/es\/wp-json\/wp\/v2\/pages\/1238","targetHints":{"allow":["GET"]}}],"collection":[{"href":"https:\/\/esentialaroms.com\/es\/wp-json\/wp\/v2\/pages"}],"about":[{"href":"https:\/\/esentialaroms.com\/es\/wp-json\/wp\/v2\/types\/page"}],"author":[{"embeddable":true,"href":"https:\/\/esentialaroms.com\/es\/wp-json\/wp\/v2\/users\/3"}],"replies":[{"embeddable":true,"href":"https:\/\/esentialaroms.com\/es\/wp-json\/wp\/v2\/comments?post=1238"}],"version-history":[{"count":35,"href":"https:\/\/esentialaroms.com\/es\/wp-json\/wp\/v2\/pages\/1238\/revisions"}],"predecessor-version":[{"id":1579,"href":"https:\/\/esentialaroms.com\/es\/wp-json\/wp\/v2\/pages\/1238\/revisions\/1579"}],"wp:attachment":[{"href":"https:\/\/esentialaroms.com\/es\/wp-json\/wp\/v2\/media?parent=1238"}],"curies":[{"name":"wp","href":"https:\/\/api.w.org\/{rel}","templated":true}]}}