{"id":1231,"date":"2025-12-23T11:49:27","date_gmt":"2025-12-23T10:49:27","guid":{"rendered":"https:\/\/dev.intersalabs.com\/?page_id=1231"},"modified":"2026-01-15T15:27:23","modified_gmt":"2026-01-15T14:27:23","slug":"laboratorio-salud-natural-rigor-cientifico","status":"publish","type":"page","link":"https:\/\/esentialaroms.com\/es\/laboratorio-salud-natural-rigor-cientifico\/","title":{"rendered":"Laboratorio de salud natural: 45 a\u00f1os de ciencia eficaz"},"content":{"rendered":"\t\t<div data-elementor-type=\"wp-page\" data-elementor-id=\"1231\" class=\"elementor elementor-1231\" data-elementor-post-type=\"page\">\n\t\t\t\t<div class=\"elementor-element elementor-element-677fbdd2 e-con-full e-flex e-con e-parent\" data-id=\"677fbdd2\" data-element_type=\"container\" data-e-type=\"container\" data-settings=\"{&quot;background_background&quot;:&quot;classic&quot;}\">\n\t\t<div class=\"elementor-element elementor-element-fc9f785 e-con-full e-flex e-con e-child\" data-id=\"fc9f785\" data-element_type=\"container\" data-e-type=\"container\">\n\t\t\t\t<div class=\"elementor-element elementor-element-38294ffb elementor-widget__width-initial elementor-widget elementor-widget-heading\" data-id=\"38294ffb\" data-element_type=\"widget\" data-e-type=\"widget\" data-widget_type=\"heading.default\">\n\t\t\t\t<div class=\"elementor-widget-container\">\n\t\t\t\t\t<h1 class=\"elementor-heading-title elementor-size-default\">Laboratorio Intersa Labs<\/h1>\t\t\t\t<\/div>\n\t\t\t\t<\/div>\n\t\t\t\t<div class=\"elementor-element elementor-element-5ae82c78 elementor-widget__width-initial elementor-widget elementor-widget-heading\" data-id=\"5ae82c78\" data-element_type=\"widget\" data-e-type=\"widget\" data-widget_type=\"heading.default\">\n\t\t\t\t<div class=\"elementor-widget-container\">\n\t\t\t\t\t<h2 class=\"elementor-heading-title elementor-size-default\">Salud Natural con rigor cient\u00edfico<\/h2>\t\t\t\t<\/div>\n\t\t\t\t<\/div>\n\t\t\t\t<\/div>\n\t\t\t\t<div class=\"elementor-element elementor-element-39cad139 elementor-widget__width-initial elementor-absolute animated-slow elementor-view-default elementor-invisible elementor-widget elementor-widget-icon\" data-id=\"39cad139\" data-element_type=\"widget\" data-e-type=\"widget\" data-settings=\"{&quot;_position&quot;:&quot;absolute&quot;,&quot;_animation&quot;:&quot;flash&quot;}\" data-widget_type=\"icon.default\">\n\t\t\t\t<div class=\"elementor-widget-container\">\n\t\t\t\t\t\t\t<div class=\"elementor-icon-wrapper\">\n\t\t\t<div class=\"elementor-icon\">\n\t\t\t<i aria-hidden=\"true\" class=\"fas fa-chevron-down\"><\/i>\t\t\t<\/div>\n\t\t<\/div>\n\t\t\t\t\t\t<\/div>\n\t\t\t\t<\/div>\n\t\t\t\t<\/div>\n\t\t<div class=\"elementor-element elementor-element-6cdb1788 e-flex e-con-boxed e-con e-parent\" data-id=\"6cdb1788\" data-element_type=\"container\" data-e-type=\"container\">\n\t\t\t\t\t<div class=\"e-con-inner\">\n\t\t\t\t<div class=\"elementor-element elementor-element-3761b6d4 elementor-widget elementor-widget-text-editor\" data-id=\"3761b6d4\" data-element_type=\"widget\" data-e-type=\"widget\" data-widget_type=\"text-editor.default\">\n\t\t\t\t<div class=\"elementor-widget-container\">\n\t\t\t\t\t\t\t\t\t<p>Est\u00e1s en &#8230;<\/p>\t\t\t\t\t\t\t\t<\/div>\n\t\t\t\t<\/div>\n\t\t\t\t<div class=\"elementor-element elementor-element-26f90cab elementor-widget elementor-widget-woocommerce-breadcrumb\" data-id=\"26f90cab\" data-element_type=\"widget\" data-e-type=\"widget\" data-widget_type=\"woocommerce-breadcrumb.default\">\n\t\t\t\t<div class=\"elementor-widget-container\">\n\t\t\t\t\t<nav class=\"woocommerce-breadcrumb\" aria-label=\"Breadcrumb\">Inicio<\/nav>\t\t\t\t<\/div>\n\t\t\t\t<\/div>\n\t\t\t\t\t<\/div>\n\t\t\t\t<\/div>\n\t\t<div class=\"elementor-element elementor-element-c171a72 e-flex e-con-boxed e-con e-parent\" data-id=\"c171a72\" data-element_type=\"container\" data-e-type=\"container\">\n\t\t\t\t\t<div class=\"e-con-inner\">\n\t\t\t\t<div class=\"elementor-element elementor-element-47aa4ef elementor-widget elementor-widget-heading\" data-id=\"47aa4ef\" data-element_type=\"widget\" data-e-type=\"widget\" data-widget_type=\"heading.default\">\n\t\t\t\t<div class=\"elementor-widget-container\">\n\t\t\t\t\t<h2 class=\"elementor-heading-title elementor-size-default\">Laboratorio de salud natural con rigor cient\u00edfico<\/h2>\t\t\t\t<\/div>\n\t\t\t\t<\/div>\n\t\t\t\t\t<\/div>\n\t\t\t\t<\/div>\n\t\t<div class=\"elementor-element elementor-element-631265b e-flex e-con-boxed e-con e-parent\" data-id=\"631265b\" data-element_type=\"container\" data-e-type=\"container\">\n\t\t\t\t\t<div class=\"e-con-inner\">\n\t\t\t\t<div class=\"elementor-element elementor-element-65c4cc2 elementor-widget elementor-widget-text-editor\" data-id=\"65c4cc2\" data-element_type=\"widget\" data-e-type=\"widget\" data-widget_type=\"text-editor.default\">\n\t\t\t\t<div class=\"elementor-widget-container\">\n\t\t\t\t\t\t\t\t\t<p data-start=\"926\" data-end=\"1298\"><strong data-start=\"926\" data-end=\"1007\">\u00bfPuede la naturaleza ofrecer resultados reales sin el respaldo de la ciencia?<\/strong><br data-start=\"1007\" data-end=\"1010\" \/>En <a href=\"https:\/\/esentialaroms.com\/es\/\"><strong data-start=\"1013\" data-end=\"1054\"><span class=\"hover:entity-accent entity-underline inline cursor-pointer align-baseline\"><span class=\"whitespace-normal\">Intersa Labs<\/span><\/span><\/strong><\/a> creemos firmemente que no. Por eso, nuestro <strong data-start=\"1099\" data-end=\"1141\">laboratorio de salud natural con rigor<\/strong> combina investigaci\u00f3n cient\u00edfica, innovaci\u00f3n biotecnol\u00f3gica y activos vegetales de alta calidad para desarrollar soluciones eficaces, seguras y sostenibles.<\/p><p data-start=\"1300\" data-end=\"1483\">Desde la idea inicial hasta el producto final, todo el proceso se realiza internamente, garantizando trazabilidad completa, control de calidad y coherencia entre ciencia y naturaleza.<\/p>\t\t\t\t\t\t\t\t<\/div>\n\t\t\t\t<\/div>\n\t\t\t\t\t<\/div>\n\t\t\t\t<\/div>\n\t\t<div class=\"elementor-element elementor-element-795a221 e-flex e-con-boxed e-con e-parent\" data-id=\"795a221\" data-element_type=\"container\" data-e-type=\"container\">\n\t\t\t\t\t<div class=\"e-con-inner\">\n\t\t\t\t<div class=\"elementor-element elementor-element-8d73704 elementor-widget elementor-widget-heading\" data-id=\"8d73704\" data-element_type=\"widget\" data-e-type=\"widget\" data-widget_type=\"heading.default\">\n\t\t\t\t<div class=\"elementor-widget-container\">\n\t\t\t\t\t<h2 class=\"elementor-heading-title elementor-size-default\">Laboratorio de salud natural orientado a la evidencia cient\u00edfica<\/h2>\t\t\t\t<\/div>\n\t\t\t\t<\/div>\n\t\t\t\t\t<\/div>\n\t\t\t\t<\/div>\n\t\t<div class=\"elementor-element elementor-element-69281a6 e-flex e-con-boxed e-con e-parent\" data-id=\"69281a6\" data-element_type=\"container\" data-e-type=\"container\">\n\t\t\t\t\t<div class=\"e-con-inner\">\n\t\t\t\t<div class=\"elementor-element elementor-element-bf36028 elementor-widget elementor-widget-text-editor\" data-id=\"bf36028\" data-element_type=\"widget\" data-e-type=\"widget\" data-widget_type=\"text-editor.default\">\n\t\t\t\t<div class=\"elementor-widget-container\">\n\t\t\t\t\t\t\t\t\t<p data-start=\"1568\" data-end=\"1830\">Nuestro laboratorio I+D+i en salud natural trabaja bajo un enfoque claro: <strong data-start=\"1642\" data-end=\"1689\">formular solo aquello que pueda demostrarse<\/strong>. Por este motivo, cada desarrollo se apoya en estudios cient\u00edficos, bibliograf\u00eda internacional y ensayos internos de estabilidad y eficacia.<\/p><p data-start=\"1832\" data-end=\"2098\">Adem\u00e1s, el equipo multidisciplinar formado por especialistas en biolog\u00eda, qu\u00edmica, nutrici\u00f3n y fitoterapia analiza en profundidad la <strong data-start=\"1967\" data-end=\"2027\">sinergia entre activos bot\u00e1nicos y tecnolog\u00edas avanzadas<\/strong>, aplicadas tanto a la cosm\u00e9tica natural como a la nutrici\u00f3n funcional.<\/p><p data-start=\"2100\" data-end=\"2139\">Como resultado, obtenemos f\u00f3rmulas con:<\/p><ul data-start=\"2140\" data-end=\"2232\"><li data-start=\"2140\" data-end=\"2166\"><p data-start=\"2142\" data-end=\"2166\">Alta biodisponibilidad<\/p><\/li><li data-start=\"2167\" data-end=\"2192\"><p data-start=\"2169\" data-end=\"2192\">Seguridad contrastada<\/p><\/li><li data-start=\"2193\" data-end=\"2232\"><p data-start=\"2195\" data-end=\"2232\">Resultados visibles y reproducibles<\/p><\/li><\/ul><p data-start=\"2234\" data-end=\"2359\">Todo ello refuerza el posicionamiento de Intersa Labs como <strong data-start=\"2293\" data-end=\"2339\">laboratorio de salud natural de referencia<\/strong> para profesionales.<\/p>\t\t\t\t\t\t\t\t<\/div>\n\t\t\t\t<\/div>\n\t\t\t\t\t<\/div>\n\t\t\t\t<\/div>\n\t\t<div class=\"elementor-element elementor-element-0ca6eb1 e-flex e-con-boxed e-con e-parent\" data-id=\"0ca6eb1\" data-element_type=\"container\" data-e-type=\"container\">\n\t\t\t\t\t<div class=\"e-con-inner\">\n\t\t\t\t<div class=\"elementor-element elementor-element-b25cfa2 elementor-widget elementor-widget-heading\" data-id=\"b25cfa2\" data-element_type=\"widget\" data-e-type=\"widget\" data-widget_type=\"heading.default\">\n\t\t\t\t<div class=\"elementor-widget-container\">\n\t\t\t\t\t<h2 class=\"elementor-heading-title elementor-size-default\">Formulaci\u00f3n propia y trazabilidad completa<\/h2>\t\t\t\t<\/div>\n\t\t\t\t<\/div>\n\t\t\t\t\t<\/div>\n\t\t\t\t<\/div>\n\t\t<div class=\"elementor-element elementor-element-1ac1260 e-flex e-con-boxed e-con e-parent\" data-id=\"1ac1260\" data-element_type=\"container\" data-e-type=\"container\">\n\t\t\t\t\t<div class=\"e-con-inner\">\n\t\t\t\t<div class=\"elementor-element elementor-element-0fc9ea9 elementor-widget elementor-widget-text-editor\" data-id=\"0fc9ea9\" data-element_type=\"widget\" data-e-type=\"widget\" data-widget_type=\"text-editor.default\">\n\t\t\t\t<div class=\"elementor-widget-container\">\n\t\t\t\t\t\t\t\t\t<p data-start=\"3083\" data-end=\"3236\">Uno de los pilares diferenciales de <a href=\"https:\/\/esentialaroms.com\/es\/\">Intersa Labs<\/a> es la <strong data-start=\"3138\" data-end=\"3160\">formulaci\u00f3n propia<\/strong>. A diferencia de otros operadores, controlamos todas las fases del proceso:<\/p><ul data-start=\"3237\" data-end=\"3321\"><li data-start=\"3237\" data-end=\"3254\"><p data-start=\"3239\" data-end=\"3254\">Investigaci\u00f3n<\/p><\/li><li data-start=\"3255\" data-end=\"3269\"><p data-start=\"3257\" data-end=\"3269\">Desarrollo<\/p><\/li><li data-start=\"3270\" data-end=\"3285\"><p data-start=\"3272\" data-end=\"3285\">Fabricaci\u00f3n<\/p><\/li><li data-start=\"3286\" data-end=\"3298\"><p data-start=\"3288\" data-end=\"3298\">Envasado<\/p><\/li><li data-start=\"3299\" data-end=\"3321\"><p data-start=\"3301\" data-end=\"3321\">Verificaci\u00f3n final<\/p><\/li><\/ul><p data-start=\"3323\" data-end=\"3429\">Gracias a ello, garantizamos una <strong data-start=\"3356\" data-end=\"3378\">trazabilidad total<\/strong>, desde la materia prima hasta el producto acabado.\u00a0\u00a0<\/p><p data-start=\"3473\" data-end=\"3508\">Nuestra infraestructura cuenta con:<\/p><ul data-start=\"3509\" data-end=\"3667\"><li data-start=\"3509\" data-end=\"3571\"><p data-start=\"3511\" data-end=\"3571\">Laboratorios equipados con tecnolog\u00eda de \u00faltima generaci\u00f3n<\/p><\/li><li data-start=\"3572\" data-end=\"3604\"><p data-start=\"3574\" data-end=\"3604\">L\u00edneas de producci\u00f3n propias<\/p><\/li><li data-start=\"3605\" data-end=\"3667\"><p data-start=\"3607\" data-end=\"3667\">Procedimientos auditados bajo est\u00e1ndares <a href=\"https:\/\/www.aec.es\/conocimiento\/centro-del-conocimiento\/gmp\/\" target=\"_blank\" rel=\"noopener\"><strong data-start=\"3648\" data-end=\"3655\">GMP<\/strong><\/a> y <a href=\"https:\/\/www.aec.es\/conocimiento\/centro-del-conocimiento\/appcc\/\" target=\"_blank\" rel=\"noopener\"><strong data-start=\"3658\" data-end=\"3667\">APPCC<\/strong><\/a><\/p><\/li><\/ul><p data-start=\"3669\" data-end=\"3748\">Este sistema asegura coherencia, seguridad y m\u00e1xima calidad en cada referencia.<\/p>\t\t\t\t\t\t\t\t<\/div>\n\t\t\t\t<\/div>\n\t\t\t\t<div class=\"elementor-element elementor-element-0b2e09c elementor-widget elementor-widget-heading\" data-id=\"0b2e09c\" data-element_type=\"widget\" data-e-type=\"widget\" data-widget_type=\"heading.default\">\n\t\t\t\t<div class=\"elementor-widget-container\">\n\t\t\t\t\t<h2 class=\"elementor-heading-title elementor-size-default\">M\u00e1s de 45 a\u00f1os como laboratorio de salud natural para profesionales<\/h2>\t\t\t\t<\/div>\n\t\t\t\t<\/div>\n\t\t\t\t<div class=\"elementor-element elementor-element-9a2a4d4 elementor-widget elementor-widget-text-editor\" data-id=\"9a2a4d4\" data-element_type=\"widget\" data-e-type=\"widget\" data-widget_type=\"text-editor.default\">\n\t\t\t\t<div class=\"elementor-widget-container\">\n\t\t\t\t\t\t\t\t\t<p data-start=\"3836\" data-end=\"4118\">a experiencia tambi\u00e9n es ciencia. Con m\u00e1s de <strong data-start=\"3882\" data-end=\"3908\">45 a\u00f1os de trayectoria<\/strong>,<a href=\"https:\/\/esentialaroms.com\/es\/\"> Intersa Labs<\/a> ha consolidado su capacidad para innovar con responsabilidad, convirti\u00e9ndose en un <strong data-start=\"4006\" data-end=\"4051\">laboratorio de salud natural de confianza<\/strong> para farmacias, herbolarios, centros de est\u00e9tica y nutricionistas.<\/p><p data-start=\"4120\" data-end=\"4188\">A lo largo de estas d\u00e9cadas, hemos demostrado que la combinaci\u00f3n de:<\/p><ul data-start=\"4189\" data-end=\"4271\"><li data-start=\"4189\" data-end=\"4217\"><p data-start=\"4191\" data-end=\"4217\">Investigaci\u00f3n cient\u00edfica<\/p><\/li><li data-start=\"4218\" data-end=\"4242\"><p data-start=\"4220\" data-end=\"4242\">Fitoterapia avanzada<\/p><\/li><li data-start=\"4243\" data-end=\"4271\"><p data-start=\"4245\" data-end=\"4271\">Cosm\u00e9tica natural eficaz<\/p><\/li><\/ul><p data-start=\"4273\" data-end=\"4365\">es clave para ofrecer soluciones reales adaptadas al profesional de la salud y el bienestar.<\/p>\t\t\t\t\t\t\t\t<\/div>\n\t\t\t\t<\/div>\n\t\t\t\t<div class=\"elementor-element elementor-element-8ca8fcf elementor-widget elementor-widget-heading\" data-id=\"8ca8fcf\" data-element_type=\"widget\" data-e-type=\"widget\" data-widget_type=\"heading.default\">\n\t\t\t\t<div class=\"elementor-widget-container\">\n\t\t\t\t\t<h2 class=\"elementor-heading-title elementor-size-default\">Un aliado estrat\u00e9gico para tu negocio profesional<\/h2>\t\t\t\t<\/div>\n\t\t\t\t<\/div>\n\t\t\t\t<div class=\"elementor-element elementor-element-0f018f2 elementor-widget elementor-widget-text-editor\" data-id=\"0f018f2\" data-element_type=\"widget\" data-e-type=\"widget\" data-widget_type=\"text-editor.default\">\n\t\t\t\t<div class=\"elementor-widget-container\">\n\t\t\t\t\t\t\t\t\t<p data-start=\"3836\" data-end=\"4118\">Trabajar con un laboratorio de salud natural con rigor cient\u00edfico no solo aporta productos, sino <strong data-start=\"4532\" data-end=\"4580\">confianza, respaldo t\u00e9cnico y diferenciaci\u00f3n<\/strong>. Por ello,<a href=\"https:\/\/esentialaroms.com\/es\/\"> Intersa Labs<\/a> acompa\u00f1a a los profesionales con documentaci\u00f3n, asesoramiento y desarrollo constante.<\/p>\t\t\t\t\t\t\t\t<\/div>\n\t\t\t\t<\/div>\n\t\t\t\t\t<\/div>\n\t\t\t\t<\/div>\n\t\t<div class=\"elementor-element elementor-element-14652969 e-flex e-con-boxed e-con e-parent\" data-id=\"14652969\" data-element_type=\"container\" data-e-type=\"container\" data-settings=\"{&quot;background_background&quot;:&quot;classic&quot;}\">\n\t\t\t\t\t<div class=\"e-con-inner\">\n\t\t<div class=\"elementor-element elementor-element-a03ed22 e-con-full e-flex e-con e-child\" data-id=\"a03ed22\" data-element_type=\"container\" data-e-type=\"container\">\n\t\t\t\t<div class=\"elementor-element elementor-element-4813c635 elementor-widget__width-initial elementor-widget elementor-widget-heading\" data-id=\"4813c635\" data-element_type=\"widget\" data-e-type=\"widget\" data-widget_type=\"heading.default\">\n\t\t\t\t<div class=\"elementor-widget-container\">\n\t\t\t\t\t<h3 class=\"elementor-heading-title elementor-size-default\">\u00danete a nuestra red de distribuidores<\/h3>\t\t\t\t<\/div>\n\t\t\t\t<\/div>\n\t\t\t\t<div class=\"elementor-element elementor-element-33f9b70d elementor-widget__width-initial elementor-widget elementor-widget-text-editor\" data-id=\"33f9b70d\" data-element_type=\"widget\" data-e-type=\"widget\" data-widget_type=\"text-editor.default\">\n\t\t\t\t<div class=\"elementor-widget-container\">\n\t\t\t\t\t\t\t\t\tOfrece productos naturales de alta calidad con el respaldo de m\u00e1s de 45 a\u00f1os de experiencia\n\n\t\t\t\t\t\t\t\t<\/div>\n\t\t\t\t<\/div>\n\t\t\t\t<div class=\"elementor-element elementor-element-22008a5c elementor-widget elementor-widget-button\" data-id=\"22008a5c\" data-element_type=\"widget\" data-e-type=\"widget\" data-widget_type=\"button.default\">\n\t\t\t\t<div class=\"elementor-widget-container\">\n\t\t\t\t\t\t\t\t\t<div class=\"elementor-button-wrapper\">\n\t\t\t\t\t<a class=\"elementor-button elementor-button-link elementor-size-sm\" href=\"#\">\n\t\t\t\t\t\t<span class=\"elementor-button-content-wrapper\">\n\t\t\t\t\t\t\t\t\t<span class=\"elementor-button-text\">CONTACTA CON NOSOTROS<\/span>\n\t\t\t\t\t<\/span>\n\t\t\t\t\t<\/a>\n\t\t\t\t<\/div>\n\t\t\t\t\t\t\t\t<\/div>\n\t\t\t\t<\/div>\n\t\t\t\t<\/div>\n\t\t\t\t\t<\/div>\n\t\t\t\t<\/div>\n\t\t<div class=\"elementor-element elementor-element-497b4ef3 opacity-ocher e-flex e-con-boxed e-con e-parent\" data-id=\"497b4ef3\" data-element_type=\"container\" data-e-type=\"container\" data-settings=\"{&quot;background_background&quot;:&quot;classic&quot;}\">\n\t\t\t\t\t<div class=\"e-con-inner\">\n\t\t<div class=\"elementor-element elementor-element-79e8efac e-con-full e-flex e-con e-child\" data-id=\"79e8efac\" data-element_type=\"container\" data-e-type=\"container\">\n\t\t\t\t<div class=\"elementor-element elementor-element-8b1aba5 elementor-widget__width-initial elementor-widget-mobile__width-inherit elementor-widget elementor-widget-heading\" data-id=\"8b1aba5\" data-element_type=\"widget\" data-e-type=\"widget\" data-widget_type=\"heading.default\">\n\t\t\t\t<div class=\"elementor-widget-container\">\n\t\t\t\t\t<h2 class=\"elementor-heading-title elementor-size-default\">Suscr\u00edbete y mejora tu calidad de vida con nuestra Newsletter\n<\/h2>\t\t\t\t<\/div>\n\t\t\t\t<\/div>\n\t\t\t\t<div class=\"elementor-element elementor-element-570b97a9 newsletter-bar elementor-button-align-stretch elementor-widget elementor-widget-form\" data-id=\"570b97a9\" data-element_type=\"widget\" data-e-type=\"widget\" data-settings=\"{&quot;step_next_label&quot;:&quot;Siguiente&quot;,&quot;step_previous_label&quot;:&quot;Anterior&quot;,&quot;button_width&quot;:&quot;100&quot;,&quot;step_type&quot;:&quot;number_text&quot;,&quot;step_icon_shape&quot;:&quot;circle&quot;}\" data-widget_type=\"form.default\">\n\t\t\t\t<div class=\"elementor-widget-container\">\n\t\t\t\t\t\t\t<form class=\"elementor-form\" method=\"post\" name=\"Nuevo formulario\" aria-label=\"Nuevo formulario\">\n\t\t\t<input type=\"hidden\" name=\"post_id\" value=\"1231\"\/>\n\t\t\t<input type=\"hidden\" name=\"form_id\" value=\"570b97a9\"\/>\n\t\t\t<input type=\"hidden\" name=\"referer_title\" value=\"Laboratorio de salud natural: 45 a\u00f1os de ciencia eficaz\" \/>\n\n\t\t\t\t\t\t\t<input type=\"hidden\" name=\"queried_id\" value=\"1231\"\/>\n\t\t\t\n\t\t\t<div class=\"elementor-form-fields-wrapper elementor-labels-above\">\n\t\t\t\t\t\t\t\t<div class=\"elementor-field-type-email elementor-field-group elementor-column elementor-field-group-email elementor-col-100 elementor-field-required elementor-mark-required\">\n\t\t\t\t\t\t\t\t\t\t\t\t\t<input size=\"1\" type=\"email\" name=\"form_fields[email]\" id=\"form-field-email\" class=\"elementor-field elementor-size-sm  elementor-field-textual\" placeholder=\"Tu direcci\u00f3n de email\" required=\"required\">\n\t\t\t\t\t\t\t\t\t\t\t<\/div>\n\t\t\t\t\t\t\t\t<div class=\"elementor-field-group elementor-column elementor-field-type-submit elementor-col-100 e-form__buttons\">\n\t\t\t\t\t<button class=\"elementor-button elementor-size-sm\" type=\"submit\">\n\t\t\t\t\t\t<span class=\"elementor-button-content-wrapper\">\n\t\t\t\t\t\t\t\t\t\t\t\t\t\t\t\t\t\t\t\t\t\t<span class=\"elementor-button-text\">Enviar<\/span>\n\t\t\t\t\t\t\t\t\t\t\t\t\t<\/span>\n\t\t\t\t\t<\/button>\n\t\t\t\t<\/div>\n\t\t\t<\/div>\n\t\t<\/form>\n\t\t\t\t\t\t<\/div>\n\t\t\t\t<\/div>\n\t\t\t\t<\/div>\n\t\t\t\t\t<\/div>\n\t\t\t\t<\/div>\n\t\t\t\t<\/div>\n\t\t","protected":false},"excerpt":{"rendered":"<p>Laboratorio Intersa Labs Salud Natural con rigor cient\u00edfico Est\u00e1s en &#8230; Laboratorio de salud natural con rigor cient\u00edfico \u00bfPuede la naturaleza ofrecer resultados reales sin el respaldo de la ciencia?En Intersa Labs creemos firmemente que no. Por eso, nuestro laboratorio de salud natural con rigor combina investigaci\u00f3n cient\u00edfica, innovaci\u00f3n biotecnol\u00f3gica y activos vegetales de alta [&hellip;]<\/p>\n","protected":false},"author":3,"featured_media":0,"parent":0,"menu_order":0,"comment_status":"closed","ping_status":"closed","template":"","meta":{"_acf_changed":false,"rs_blank_template":"","rs_page_bg_color":"","slide_template_v7":"","footnotes":""},"class_list":["post-1231","page","type-page","status-publish","hentry"],"acf":[],"_links":{"self":[{"href":"https:\/\/esentialaroms.com\/es\/wp-json\/wp\/v2\/pages\/1231","targetHints":{"allow":["GET"]}}],"collection":[{"href":"https:\/\/esentialaroms.com\/es\/wp-json\/wp\/v2\/pages"}],"about":[{"href":"https:\/\/esentialaroms.com\/es\/wp-json\/wp\/v2\/types\/page"}],"author":[{"embeddable":true,"href":"https:\/\/esentialaroms.com\/es\/wp-json\/wp\/v2\/users\/3"}],"replies":[{"embeddable":true,"href":"https:\/\/esentialaroms.com\/es\/wp-json\/wp\/v2\/comments?post=1231"}],"version-history":[{"count":21,"href":"https:\/\/esentialaroms.com\/es\/wp-json\/wp\/v2\/pages\/1231\/revisions"}],"predecessor-version":[{"id":2194,"href":"https:\/\/esentialaroms.com\/es\/wp-json\/wp\/v2\/pages\/1231\/revisions\/2194"}],"wp:attachment":[{"href":"https:\/\/esentialaroms.com\/es\/wp-json\/wp\/v2\/media?parent=1231"}],"curies":[{"name":"wp","href":"https:\/\/api.w.org\/{rel}","templated":true}]}}