{"id":1224,"date":"2025-12-23T11:21:01","date_gmt":"2025-12-23T10:21:01","guid":{"rendered":"https:\/\/dev.intersalabs.com\/?page_id=1224"},"modified":"2026-01-15T15:22:21","modified_gmt":"2026-01-15T14:22:21","slug":"fabrica-cosmetica-natural","status":"publish","type":"page","link":"https:\/\/esentialaroms.com\/es\/fabrica-cosmetica-natural\/","title":{"rendered":"F\u00e1brica de cosm\u00e9tica natural avanzada: 10 claves esenciales"},"content":{"rendered":"\t\t<div data-elementor-type=\"wp-page\" data-elementor-id=\"1224\" class=\"elementor elementor-1224\" data-elementor-post-type=\"page\">\n\t\t\t\t<div class=\"elementor-element elementor-element-1cfe3616 e-con-full e-flex e-con e-parent\" data-id=\"1cfe3616\" data-element_type=\"container\" data-e-type=\"container\" data-settings=\"{&quot;background_background&quot;:&quot;classic&quot;}\">\n\t\t<div class=\"elementor-element elementor-element-29344519 e-con-full e-flex e-con e-child\" data-id=\"29344519\" data-element_type=\"container\" data-e-type=\"container\">\n\t\t\t\t<div class=\"elementor-element elementor-element-5f133bea elementor-widget__width-initial elementor-widget elementor-widget-heading\" data-id=\"5f133bea\" data-element_type=\"widget\" data-e-type=\"widget\" data-widget_type=\"heading.default\">\n\t\t\t\t<div class=\"elementor-widget-container\">\n\t\t\t\t\t<h1 class=\"elementor-heading-title elementor-size-default\">Instalaciones Intersa Labs<\/h1>\t\t\t\t<\/div>\n\t\t\t\t<\/div>\n\t\t\t\t<div class=\"elementor-element elementor-element-7b969747 elementor-widget__width-initial elementor-widget elementor-widget-heading\" data-id=\"7b969747\" data-element_type=\"widget\" data-e-type=\"widget\" data-widget_type=\"heading.default\">\n\t\t\t\t<div class=\"elementor-widget-container\">\n\t\t\t\t\t<h2 class=\"elementor-heading-title elementor-size-default\">Fabricaci\u00f3n, laboratorio, log\u00edstica y control de calidad<\/h2>\t\t\t\t<\/div>\n\t\t\t\t<\/div>\n\t\t\t\t<\/div>\n\t\t\t\t<div class=\"elementor-element elementor-element-140b771f elementor-widget__width-initial elementor-absolute animated-slow elementor-view-default elementor-invisible elementor-widget elementor-widget-icon\" data-id=\"140b771f\" data-element_type=\"widget\" data-e-type=\"widget\" data-settings=\"{&quot;_position&quot;:&quot;absolute&quot;,&quot;_animation&quot;:&quot;flash&quot;}\" data-widget_type=\"icon.default\">\n\t\t\t\t<div class=\"elementor-widget-container\">\n\t\t\t\t\t\t\t<div class=\"elementor-icon-wrapper\">\n\t\t\t<div class=\"elementor-icon\">\n\t\t\t<i aria-hidden=\"true\" class=\"fas fa-chevron-down\"><\/i>\t\t\t<\/div>\n\t\t<\/div>\n\t\t\t\t\t\t<\/div>\n\t\t\t\t<\/div>\n\t\t\t\t<\/div>\n\t\t<div class=\"elementor-element elementor-element-1c175975 e-flex e-con-boxed e-con e-parent\" data-id=\"1c175975\" data-element_type=\"container\" data-e-type=\"container\">\n\t\t\t\t\t<div class=\"e-con-inner\">\n\t\t\t\t<div class=\"elementor-element elementor-element-631f6fa0 elementor-widget elementor-widget-text-editor\" data-id=\"631f6fa0\" data-element_type=\"widget\" data-e-type=\"widget\" data-widget_type=\"text-editor.default\">\n\t\t\t\t<div class=\"elementor-widget-container\">\n\t\t\t\t\t\t\t\t\t<p>Est\u00e1s en &#8230;<\/p>\t\t\t\t\t\t\t\t<\/div>\n\t\t\t\t<\/div>\n\t\t\t\t<div class=\"elementor-element elementor-element-4a5ee9de elementor-widget elementor-widget-woocommerce-breadcrumb\" data-id=\"4a5ee9de\" data-element_type=\"widget\" data-e-type=\"widget\" data-widget_type=\"woocommerce-breadcrumb.default\">\n\t\t\t\t<div class=\"elementor-widget-container\">\n\t\t\t\t\t<nav class=\"woocommerce-breadcrumb\" aria-label=\"Breadcrumb\">Inicio<\/nav>\t\t\t\t<\/div>\n\t\t\t\t<\/div>\n\t\t\t\t\t<\/div>\n\t\t\t\t<\/div>\n\t\t<div class=\"elementor-element elementor-element-ec9c6b9 e-flex e-con-boxed e-con e-parent\" data-id=\"ec9c6b9\" data-element_type=\"container\" data-e-type=\"container\">\n\t\t\t\t\t<div class=\"e-con-inner\">\n\t\t\t\t<div class=\"elementor-element elementor-element-158b740 elementor-widget elementor-widget-heading\" data-id=\"158b740\" data-element_type=\"widget\" data-e-type=\"widget\" data-widget_type=\"heading.default\">\n\t\t\t\t<div class=\"elementor-widget-container\">\n\t\t\t\t\t<h2 class=\"elementor-heading-title elementor-size-default\">Instalaciones Intersa Labs<\/h2>\t\t\t\t<\/div>\n\t\t\t\t<\/div>\n\t\t\t\t\t<\/div>\n\t\t\t\t<\/div>\n\t\t<div class=\"elementor-element elementor-element-e1189b0 e-flex e-con-boxed e-con e-parent\" data-id=\"e1189b0\" data-element_type=\"container\" data-e-type=\"container\">\n\t\t\t\t\t<div class=\"e-con-inner\">\n\t\t\t\t<div class=\"elementor-element elementor-element-9ac2c91 elementor-widget elementor-widget-text-editor\" data-id=\"9ac2c91\" data-element_type=\"widget\" data-e-type=\"widget\" data-widget_type=\"text-editor.default\">\n\t\t\t\t<div class=\"elementor-widget-container\">\n\t\t\t\t\t\t\t\t\t<p data-start=\"921\" data-end=\"1230\"><strong data-start=\"921\" data-end=\"995\">\u00bfQu\u00e9 diferencia a una f\u00e1brica de cosm\u00e9tica natural realmente avanzada?<\/strong><br data-start=\"995\" data-end=\"998\" \/>En <a href=\"https:\/\/esentialaroms.com\/es\/\"><strong data-start=\"1001\" data-end=\"1017\">Intersa Labs<\/strong><\/a>, la <strong data-start=\"1022\" data-end=\"1063\">f\u00e1brica de cosm\u00e9tica natural avanzada<\/strong> no es solo un espacio productivo: es el n\u00facleo donde ciencia, tradici\u00f3n y tecnolog\u00eda trabajan juntas para ofrecer soluciones eficaces y seguras al sector profesional.<\/p><p data-start=\"1232\" data-end=\"1500\">Con m\u00e1s de <strong data-start=\"1243\" data-end=\"1294\">10.000 m\u00b2 de instalaciones en Alcarr\u00e0s (Lleida)<\/strong>, nuestro centro est\u00e1 dise\u00f1ado para responder a las exigencias actuales de farmacias, herbolarios, centros de est\u00e9tica y profesionales de la nutrici\u00f3n que buscan productos naturales con respaldo cient\u00edfico.<\/p>\t\t\t\t\t\t\t\t<\/div>\n\t\t\t\t<\/div>\n\t\t\t\t\t<\/div>\n\t\t\t\t<\/div>\n\t\t<div class=\"elementor-element elementor-element-e662cb2 e-flex e-con-boxed e-con e-parent\" data-id=\"e662cb2\" data-element_type=\"container\" data-e-type=\"container\">\n\t\t\t\t\t<div class=\"e-con-inner\">\n\t\t\t\t<div class=\"elementor-element elementor-element-4566261 elementor-widget elementor-widget-heading\" data-id=\"4566261\" data-element_type=\"widget\" data-e-type=\"widget\" data-widget_type=\"heading.default\">\n\t\t\t\t<div class=\"elementor-widget-container\">\n\t\t\t\t\t<h2 class=\"elementor-heading-title elementor-size-default\">Producci\u00f3n integral y trazabilidad total desde Lleida<\/h2>\t\t\t\t<\/div>\n\t\t\t\t<\/div>\n\t\t\t\t\t<\/div>\n\t\t\t\t<\/div>\n\t\t<div class=\"elementor-element elementor-element-61fdb98 e-flex e-con-boxed e-con e-parent\" data-id=\"61fdb98\" data-element_type=\"container\" data-e-type=\"container\">\n\t\t\t\t\t<div class=\"e-con-inner\">\n\t\t\t\t<div class=\"elementor-element elementor-element-e191993 elementor-widget elementor-widget-text-editor\" data-id=\"e191993\" data-element_type=\"widget\" data-e-type=\"widget\" data-widget_type=\"text-editor.default\">\n\t\t\t\t<div class=\"elementor-widget-container\">\n\t\t\t\t\t\t\t\t\t<p data-start=\"1570\" data-end=\"1887\">Nuestra <strong data-start=\"1578\" data-end=\"1619\">f\u00e1brica de cosm\u00e9tica natural avanzada<\/strong> integra en un mismo entorno todas las fases clave del proceso productivo: fabricaci\u00f3n, laboratorio, log\u00edstica y control de calidad.<br data-start=\"1751\" data-end=\"1754\" \/>Gracias a esta estructura, garantizamos una <strong data-start=\"1798\" data-end=\"1823\">trazabilidad completa<\/strong>, desde la selecci\u00f3n de materias primas hasta el producto final.<\/p><p data-start=\"1889\" data-end=\"2071\">Adem\u00e1s, esta integraci\u00f3n permite una <strong data-start=\"1926\" data-end=\"1955\">respuesta \u00e1gil al mercado<\/strong>, adapt\u00e1ndonos a nuevas formulaciones, tendencias en cosm\u00e9tica natural y demandas espec\u00edficas del canal profesional.<\/p>\t\t\t\t\t\t\t\t<\/div>\n\t\t\t\t<\/div>\n\t\t\t\t<div class=\"elementor-element elementor-element-e927a8f elementor-widget elementor-widget-heading\" data-id=\"e927a8f\" data-element_type=\"widget\" data-e-type=\"widget\" data-widget_type=\"heading.default\">\n\t\t\t\t<div class=\"elementor-widget-container\">\n\t\t\t\t\t<h2 class=\"elementor-heading-title elementor-size-default\">Inversi\u00f3n estrat\u00e9gica para un crecimiento sostenible<\/h2>\t\t\t\t<\/div>\n\t\t\t\t<\/div>\n\t\t\t\t<div class=\"elementor-element elementor-element-f62db25 elementor-widget elementor-widget-text-editor\" data-id=\"f62db25\" data-element_type=\"widget\" data-e-type=\"widget\" data-widget_type=\"text-editor.default\">\n\t\t\t\t<div class=\"elementor-widget-container\">\n\t\t\t\t\t\t\t\t\t<p data-start=\"2140\" data-end=\"2323\">La reciente <strong data-start=\"2152\" data-end=\"2192\">ampliaci\u00f3n de nuestras instalaciones<\/strong>, con una inversi\u00f3n superior a <strong data-start=\"2223\" data-end=\"2246\">6 millones de euros<\/strong>, refuerza nuestro compromiso con un crecimiento responsable y a largo plazo.<\/p><p data-start=\"2325\" data-end=\"2433\">Este proyecto consolida a Intersa Labs como <strong data-start=\"2369\" data-end=\"2417\">f\u00e1brica de cosm\u00e9tica natural l\u00edder en Espa\u00f1a<\/strong>, apostando por:<\/p><ul data-start=\"2434\" data-end=\"2555\"><li data-start=\"2434\" data-end=\"2474\"><p data-start=\"2436\" data-end=\"2474\">Optimizaci\u00f3n de procesos productivos<\/p><\/li><li data-start=\"2475\" data-end=\"2510\"><p data-start=\"2477\" data-end=\"2510\">Reducci\u00f3n del impacto ambiental<\/p><\/li><li data-start=\"2511\" data-end=\"2555\"><p data-start=\"2513\" data-end=\"2555\">Mejora continua en eficiencia energ\u00e9tica<\/p><\/li><\/ul><p data-start=\"2557\" data-end=\"2714\">Cada l\u00ednea de producci\u00f3n est\u00e1 dise\u00f1ada bajo criterios de <strong data-start=\"2614\" data-end=\"2632\">sostenibilidad<\/strong>, alineados con los valores de la cosm\u00e9tica natural, ecol\u00f3gica y de alta eficacia.<\/p>\t\t\t\t\t\t\t\t<\/div>\n\t\t\t\t<\/div>\n\t\t\t\t<div class=\"elementor-element elementor-element-794a0f8 elementor-widget elementor-widget-heading\" data-id=\"794a0f8\" data-element_type=\"widget\" data-e-type=\"widget\" data-widget_type=\"heading.default\">\n\t\t\t\t<div class=\"elementor-widget-container\">\n\t\t\t\t\t<h2 class=\"elementor-heading-title elementor-size-default\">Tecnolog\u00eda avanzada al servicio de la cosm\u00e9tica natural<\/h2>\t\t\t\t<\/div>\n\t\t\t\t<\/div>\n\t\t\t\t<div class=\"elementor-element elementor-element-ff946e6 elementor-widget elementor-widget-text-editor\" data-id=\"ff946e6\" data-element_type=\"widget\" data-e-type=\"widget\" data-widget_type=\"text-editor.default\">\n\t\t\t\t<div class=\"elementor-widget-container\">\n\t\t\t\t\t\t\t\t\t<p data-start=\"2786\" data-end=\"3040\">La innovaci\u00f3n tecnol\u00f3gica es uno de los pilares de nuestra <strong data-start=\"2845\" data-end=\"2886\">f\u00e1brica de cosm\u00e9tica natural avanzada<\/strong>.<br data-start=\"2887\" data-end=\"2890\" \/>Disponemos de <strong data-start=\"2904\" data-end=\"2960\">equipamiento de precisi\u00f3n y tecnolog\u00eda de vanguardia<\/strong> que garantizan la seguridad, estabilidad y eficacia de todas las formulaciones.<\/p><p data-start=\"3042\" data-end=\"3079\">Este enfoque nos permite desarrollar:<\/p><ul data-start=\"3080\" data-end=\"3237\"><li data-start=\"3080\" data-end=\"3115\"><p data-start=\"3082\" data-end=\"3115\">Cosm\u00e9tica natural sin parabenos<\/p><\/li><li data-start=\"3116\" data-end=\"3167\"><p data-start=\"3118\" data-end=\"3167\">Productos con activos vegetales de alta calidad<\/p><\/li><li data-start=\"3168\" data-end=\"3237\"><p data-start=\"3170\" data-end=\"3237\">Soluciones adaptadas a pieles sensibles y necesidades espec\u00edficas<\/p><\/li><\/ul><p data-start=\"3239\" data-end=\"3304\">Todo ello cumpliendo con los est\u00e1ndares m\u00e1s exigentes del sector.<\/p>\t\t\t\t\t\t\t\t<\/div>\n\t\t\t\t<\/div>\n\t\t\t\t<div class=\"elementor-element elementor-element-a45b7e3 elementor-widget elementor-widget-heading\" data-id=\"a45b7e3\" data-element_type=\"widget\" data-e-type=\"widget\" data-widget_type=\"heading.default\">\n\t\t\t\t<div class=\"elementor-widget-container\">\n\t\t\t\t\t<h2 class=\"elementor-heading-title elementor-size-default\">Control de calidad propio y sala blanca certificada<\/h2>\t\t\t\t<\/div>\n\t\t\t\t<\/div>\n\t\t\t\t<div class=\"elementor-element elementor-element-0c3ec86 elementor-widget elementor-widget-text-editor\" data-id=\"0c3ec86\" data-element_type=\"widget\" data-e-type=\"widget\" data-widget_type=\"text-editor.default\">\n\t\t\t\t<div class=\"elementor-widget-container\">\n\t\t\t\t\t\t\t\t\t<p data-start=\"3372\" data-end=\"3485\">Uno de los grandes valores diferenciales de nuestra f\u00e1brica es el <strong data-start=\"3438\" data-end=\"3468\">control de calidad interno<\/strong>.<br data-start=\"3469\" data-end=\"3472\" \/>Contamos con:<\/p><ul data-start=\"3486\" data-end=\"3566\"><li data-start=\"3486\" data-end=\"3508\"><p data-start=\"3488\" data-end=\"3508\">Laboratorio propio<\/p><\/li><li data-start=\"3509\" data-end=\"3540\"><p data-start=\"3511\" data-end=\"3540\"><strong data-start=\"3511\" data-end=\"3538\">Sala blanca certificada<\/strong><\/p><\/li><li data-start=\"3541\" data-end=\"3566\"><p data-start=\"3543\" data-end=\"3566\">Auditor\u00edas constantes<\/p><\/li><\/ul><p data-start=\"3568\" data-end=\"3749\">Este sistema asegura el cumplimiento de las normativas internacionales y ofrece a nuestros clientes profesionales la tranquilidad de trabajar con un proveedor fiable y transparente.<\/p>\t\t\t\t\t\t\t\t<\/div>\n\t\t\t\t<\/div>\n\t\t\t\t<div class=\"elementor-element elementor-element-169d2f9 elementor-widget elementor-widget-heading\" data-id=\"169d2f9\" data-element_type=\"widget\" data-e-type=\"widget\" data-widget_type=\"heading.default\">\n\t\t\t\t<div class=\"elementor-widget-container\">\n\t\t\t\t\t<h2 class=\"elementor-heading-title elementor-size-default\">Espacios para formaci\u00f3n, innovaci\u00f3n y colaboraci\u00f3n profesional<\/h2>\t\t\t\t<\/div>\n\t\t\t\t<\/div>\n\t\t\t\t<div class=\"elementor-element elementor-element-5ed1861 elementor-widget elementor-widget-text-editor\" data-id=\"5ed1861\" data-element_type=\"widget\" data-e-type=\"widget\" data-widget_type=\"text-editor.default\">\n\t\t\t\t<div class=\"elementor-widget-container\">\n\t\t\t\t\t\t\t\t\t<p data-start=\"4012\" data-end=\"4175\">Nuestra visi\u00f3n va m\u00e1s all\u00e1 de la producci\u00f3n.<br data-start=\"4056\" data-end=\"4059\" \/>Las instalaciones de Intersa Labs incluyen una <strong data-start=\"4106\" data-end=\"4139\">sala de formaci\u00f3n profesional<\/strong> y un <strong data-start=\"4145\" data-end=\"4157\">showroom<\/strong>, concebidos para:<\/p><ul data-start=\"4176\" data-end=\"4313\"><li data-start=\"4176\" data-end=\"4216\"><p data-start=\"4178\" data-end=\"4216\">Compartir conocimiento con el sector<\/p><\/li><li data-start=\"4217\" data-end=\"4255\"><p data-start=\"4219\" data-end=\"4255\">Fomentar la investigaci\u00f3n aplicada<\/p><\/li><li data-start=\"4256\" data-end=\"4313\"><p data-start=\"4258\" data-end=\"4313\">Crear sinergias con profesionales de la salud natural<\/p><\/li><\/ul><p data-start=\"4315\" data-end=\"4438\">Estos espacios refuerzan nuestra vocaci\u00f3n de acompa\u00f1ar a farmacias, herbolarios y centros especializados en su crecimiento.<\/p>\t\t\t\t\t\t\t\t<\/div>\n\t\t\t\t<\/div>\n\t\t\t\t<div class=\"elementor-element elementor-element-3be02be elementor-widget elementor-widget-heading\" data-id=\"3be02be\" data-element_type=\"widget\" data-e-type=\"widget\" data-widget_type=\"heading.default\">\n\t\t\t\t<div class=\"elementor-widget-container\">\n\t\t\t\t\t<h2 class=\"elementor-heading-title elementor-size-default\">Ciencia, sostenibilidad y bienestar: un compromiso real<\/h2>\t\t\t\t<\/div>\n\t\t\t\t<\/div>\n\t\t\t\t<div class=\"elementor-element elementor-element-772ce57 elementor-widget elementor-widget-text-editor\" data-id=\"772ce57\" data-element_type=\"widget\" data-e-type=\"widget\" data-widget_type=\"text-editor.default\">\n\t\t\t\t<div class=\"elementor-widget-container\">\n\t\t\t\t\t\t\t\t\t<p data-start=\"4012\" data-end=\"4175\">Desde Lleida, trabajamos cada d\u00eda para que <strong data-start=\"4553\" data-end=\"4593\">innovaci\u00f3n, ciencia y sostenibilidad<\/strong> avancen de la mano.<br data-start=\"4613\" data-end=\"4616\" \/>Nuestra <strong data-start=\"4624\" data-end=\"4665\">f\u00e1brica de\u00a0<\/strong><a href=\"https:\/\/www.cosmos-standard.org\/es\/\" target=\"_blank\" rel=\"noopener\">cosm\u00e9tica natural avanzada<\/a>\u00a0es el reflejo de casi cinco d\u00e9cadas de experiencia al servicio del bienestar, con una clara orientaci\u00f3n hacia la calidad, la \u00e9tica y la mejora continua.\u00a0<\/p>\t\t\t\t\t\t\t\t<\/div>\n\t\t\t\t<\/div>\n\t\t\t\t\t<\/div>\n\t\t\t\t<\/div>\n\t\t<div class=\"elementor-element elementor-element-727353a2 e-flex e-con-boxed e-con e-parent\" data-id=\"727353a2\" data-element_type=\"container\" data-e-type=\"container\" data-settings=\"{&quot;background_background&quot;:&quot;classic&quot;}\">\n\t\t\t\t\t<div class=\"e-con-inner\">\n\t\t<div class=\"elementor-element elementor-element-376d4de5 e-con-full e-flex e-con e-child\" data-id=\"376d4de5\" data-element_type=\"container\" data-e-type=\"container\">\n\t\t\t\t<div class=\"elementor-element elementor-element-6286fbea elementor-widget__width-initial elementor-widget elementor-widget-heading\" data-id=\"6286fbea\" data-element_type=\"widget\" data-e-type=\"widget\" data-widget_type=\"heading.default\">\n\t\t\t\t<div class=\"elementor-widget-container\">\n\t\t\t\t\t<h3 class=\"elementor-heading-title elementor-size-default\">\u00danete a nuestra red de distribuidores<\/h3>\t\t\t\t<\/div>\n\t\t\t\t<\/div>\n\t\t\t\t<div class=\"elementor-element elementor-element-296e94e1 elementor-widget__width-initial elementor-widget elementor-widget-text-editor\" data-id=\"296e94e1\" data-element_type=\"widget\" data-e-type=\"widget\" data-widget_type=\"text-editor.default\">\n\t\t\t\t<div class=\"elementor-widget-container\">\n\t\t\t\t\t\t\t\t\tOfrece productos naturales de alta calidad con el respaldo de m\u00e1s de 45 a\u00f1os de experiencia\n\n\t\t\t\t\t\t\t\t<\/div>\n\t\t\t\t<\/div>\n\t\t\t\t<div class=\"elementor-element elementor-element-170d35a9 elementor-widget elementor-widget-button\" data-id=\"170d35a9\" data-element_type=\"widget\" data-e-type=\"widget\" data-widget_type=\"button.default\">\n\t\t\t\t<div class=\"elementor-widget-container\">\n\t\t\t\t\t\t\t\t\t<div class=\"elementor-button-wrapper\">\n\t\t\t\t\t<a class=\"elementor-button elementor-button-link elementor-size-sm\" href=\"#\">\n\t\t\t\t\t\t<span class=\"elementor-button-content-wrapper\">\n\t\t\t\t\t\t\t\t\t<span class=\"elementor-button-text\">CONTACTA CON NOSOTROS<\/span>\n\t\t\t\t\t<\/span>\n\t\t\t\t\t<\/a>\n\t\t\t\t<\/div>\n\t\t\t\t\t\t\t\t<\/div>\n\t\t\t\t<\/div>\n\t\t\t\t<\/div>\n\t\t\t\t\t<\/div>\n\t\t\t\t<\/div>\n\t\t<div class=\"elementor-element elementor-element-4e42292d opacity-ocher e-flex e-con-boxed e-con e-parent\" data-id=\"4e42292d\" data-element_type=\"container\" data-e-type=\"container\" data-settings=\"{&quot;background_background&quot;:&quot;classic&quot;}\">\n\t\t\t\t\t<div class=\"e-con-inner\">\n\t\t<div class=\"elementor-element elementor-element-91b0690 e-con-full e-flex e-con e-child\" data-id=\"91b0690\" data-element_type=\"container\" data-e-type=\"container\">\n\t\t\t\t<div class=\"elementor-element elementor-element-40dcae60 elementor-widget__width-initial elementor-widget-mobile__width-inherit elementor-widget elementor-widget-heading\" data-id=\"40dcae60\" data-element_type=\"widget\" data-e-type=\"widget\" data-widget_type=\"heading.default\">\n\t\t\t\t<div class=\"elementor-widget-container\">\n\t\t\t\t\t<h2 class=\"elementor-heading-title elementor-size-default\">Suscr\u00edbete y mejora tu calidad de vida con nuestra Newsletter\n<\/h2>\t\t\t\t<\/div>\n\t\t\t\t<\/div>\n\t\t\t\t<div class=\"elementor-element elementor-element-59171964 newsletter-bar elementor-button-align-stretch elementor-widget elementor-widget-form\" data-id=\"59171964\" data-element_type=\"widget\" data-e-type=\"widget\" data-settings=\"{&quot;step_next_label&quot;:&quot;Siguiente&quot;,&quot;step_previous_label&quot;:&quot;Anterior&quot;,&quot;button_width&quot;:&quot;100&quot;,&quot;step_type&quot;:&quot;number_text&quot;,&quot;step_icon_shape&quot;:&quot;circle&quot;}\" data-widget_type=\"form.default\">\n\t\t\t\t<div class=\"elementor-widget-container\">\n\t\t\t\t\t\t\t<form class=\"elementor-form\" method=\"post\" name=\"Nuevo formulario\" aria-label=\"Nuevo formulario\">\n\t\t\t<input type=\"hidden\" name=\"post_id\" value=\"1224\"\/>\n\t\t\t<input type=\"hidden\" name=\"form_id\" value=\"59171964\"\/>\n\t\t\t<input type=\"hidden\" name=\"referer_title\" value=\"F\u00e1brica de cosm\u00e9tica natural avanzada: 10 claves esenciales\" \/>\n\n\t\t\t\t\t\t\t<input type=\"hidden\" name=\"queried_id\" value=\"1224\"\/>\n\t\t\t\n\t\t\t<div class=\"elementor-form-fields-wrapper elementor-labels-above\">\n\t\t\t\t\t\t\t\t<div class=\"elementor-field-type-email elementor-field-group elementor-column elementor-field-group-email elementor-col-100 elementor-field-required elementor-mark-required\">\n\t\t\t\t\t\t\t\t\t\t\t\t\t<input size=\"1\" type=\"email\" name=\"form_fields[email]\" id=\"form-field-email\" class=\"elementor-field elementor-size-sm  elementor-field-textual\" placeholder=\"Tu direcci\u00f3n de email\" required=\"required\">\n\t\t\t\t\t\t\t\t\t\t\t<\/div>\n\t\t\t\t\t\t\t\t<div class=\"elementor-field-group elementor-column elementor-field-type-submit elementor-col-100 e-form__buttons\">\n\t\t\t\t\t<button class=\"elementor-button elementor-size-sm\" type=\"submit\">\n\t\t\t\t\t\t<span class=\"elementor-button-content-wrapper\">\n\t\t\t\t\t\t\t\t\t\t\t\t\t\t\t\t\t\t\t\t\t\t<span class=\"elementor-button-text\">Enviar<\/span>\n\t\t\t\t\t\t\t\t\t\t\t\t\t<\/span>\n\t\t\t\t\t<\/button>\n\t\t\t\t<\/div>\n\t\t\t<\/div>\n\t\t<\/form>\n\t\t\t\t\t\t<\/div>\n\t\t\t\t<\/div>\n\t\t\t\t<\/div>\n\t\t\t\t\t<\/div>\n\t\t\t\t<\/div>\n\t\t\t\t<\/div>\n\t\t","protected":false},"excerpt":{"rendered":"<p>Instalaciones Intersa Labs Fabricaci\u00f3n, laboratorio, log\u00edstica y control de calidad Est\u00e1s en &#8230; Instalaciones Intersa Labs \u00bfQu\u00e9 diferencia a una f\u00e1brica de cosm\u00e9tica natural realmente avanzada?En Intersa Labs, la f\u00e1brica de cosm\u00e9tica natural avanzada no es solo un espacio productivo: es el n\u00facleo donde ciencia, tradici\u00f3n y tecnolog\u00eda trabajan juntas para ofrecer soluciones eficaces y [&hellip;]<\/p>\n","protected":false},"author":3,"featured_media":0,"parent":0,"menu_order":0,"comment_status":"closed","ping_status":"closed","template":"","meta":{"_acf_changed":false,"rs_blank_template":"","rs_page_bg_color":"","slide_template_v7":"","footnotes":""},"class_list":["post-1224","page","type-page","status-publish","hentry"],"acf":[],"_links":{"self":[{"href":"https:\/\/esentialaroms.com\/es\/wp-json\/wp\/v2\/pages\/1224","targetHints":{"allow":["GET"]}}],"collection":[{"href":"https:\/\/esentialaroms.com\/es\/wp-json\/wp\/v2\/pages"}],"about":[{"href":"https:\/\/esentialaroms.com\/es\/wp-json\/wp\/v2\/types\/page"}],"author":[{"embeddable":true,"href":"https:\/\/esentialaroms.com\/es\/wp-json\/wp\/v2\/users\/3"}],"replies":[{"embeddable":true,"href":"https:\/\/esentialaroms.com\/es\/wp-json\/wp\/v2\/comments?post=1224"}],"version-history":[{"count":27,"href":"https:\/\/esentialaroms.com\/es\/wp-json\/wp\/v2\/pages\/1224\/revisions"}],"predecessor-version":[{"id":2185,"href":"https:\/\/esentialaroms.com\/es\/wp-json\/wp\/v2\/pages\/1224\/revisions\/2185"}],"wp:attachment":[{"href":"https:\/\/esentialaroms.com\/es\/wp-json\/wp\/v2\/media?parent=1224"}],"curies":[{"name":"wp","href":"https:\/\/api.w.org\/{rel}","templated":true}]}}