{"id":1217,"date":"2025-12-23T11:00:14","date_gmt":"2025-12-23T10:00:14","guid":{"rendered":"https:\/\/dev.intersalabs.com\/?page_id=1217"},"modified":"2026-01-15T11:32:39","modified_gmt":"2026-01-15T10:32:39","slug":"laboratorio-ecologico-sostenible","status":"publish","type":"page","link":"https:\/\/esentialaroms.com\/es\/laboratorio-ecologico-sostenible\/","title":{"rendered":"Laboratorio ecol\u00f3gico sostenible"},"content":{"rendered":"\t\t<div data-elementor-type=\"wp-page\" data-elementor-id=\"1217\" class=\"elementor elementor-1217\" data-elementor-post-type=\"page\">\n\t\t\t\t<div class=\"elementor-element elementor-element-735c54e2 e-con-full e-flex e-con e-parent\" data-id=\"735c54e2\" data-element_type=\"container\" data-e-type=\"container\" data-settings=\"{&quot;background_background&quot;:&quot;classic&quot;}\">\n\t\t<div class=\"elementor-element elementor-element-3244dcd0 e-con-full e-flex e-con e-child\" data-id=\"3244dcd0\" data-element_type=\"container\" data-e-type=\"container\">\n\t\t\t\t<div class=\"elementor-element elementor-element-3ba52e3a elementor-widget__width-initial elementor-widget elementor-widget-heading\" data-id=\"3ba52e3a\" data-element_type=\"widget\" data-e-type=\"widget\" data-widget_type=\"heading.default\">\n\t\t\t\t<div class=\"elementor-widget-container\">\n\t\t\t\t\t<h1 class=\"elementor-heading-title elementor-size-default\">LABORATORIO ECOL\u00d3GICO<\/h1>\t\t\t\t<\/div>\n\t\t\t\t<\/div>\n\t\t\t\t<div class=\"elementor-element elementor-element-26f6776d elementor-widget__width-initial elementor-widget elementor-widget-heading\" data-id=\"26f6776d\" data-element_type=\"widget\" data-e-type=\"widget\" data-widget_type=\"heading.default\">\n\t\t\t\t<div class=\"elementor-widget-container\">\n\t\t\t\t\t<h2 class=\"elementor-heading-title elementor-size-default\">Sostenible y Comprometido<\/h2>\t\t\t\t<\/div>\n\t\t\t\t<\/div>\n\t\t\t\t<\/div>\n\t\t\t\t<div class=\"elementor-element elementor-element-4164b799 elementor-widget__width-initial elementor-absolute animated-slow elementor-view-default elementor-invisible elementor-widget elementor-widget-icon\" data-id=\"4164b799\" data-element_type=\"widget\" data-e-type=\"widget\" data-settings=\"{&quot;_position&quot;:&quot;absolute&quot;,&quot;_animation&quot;:&quot;flash&quot;}\" data-widget_type=\"icon.default\">\n\t\t\t\t<div class=\"elementor-widget-container\">\n\t\t\t\t\t\t\t<div class=\"elementor-icon-wrapper\">\n\t\t\t<div class=\"elementor-icon\">\n\t\t\t<i aria-hidden=\"true\" class=\"fas fa-chevron-down\"><\/i>\t\t\t<\/div>\n\t\t<\/div>\n\t\t\t\t\t\t<\/div>\n\t\t\t\t<\/div>\n\t\t\t\t<\/div>\n\t\t<div class=\"elementor-element elementor-element-60440559 e-flex e-con-boxed e-con e-parent\" data-id=\"60440559\" data-element_type=\"container\" data-e-type=\"container\">\n\t\t\t\t\t<div class=\"e-con-inner\">\n\t\t\t\t<div class=\"elementor-element elementor-element-b39b29f elementor-widget elementor-widget-text-editor\" data-id=\"b39b29f\" data-element_type=\"widget\" data-e-type=\"widget\" data-widget_type=\"text-editor.default\">\n\t\t\t\t<div class=\"elementor-widget-container\">\n\t\t\t\t\t\t\t\t\t<p>Est\u00e1s en &#8230;<\/p>\t\t\t\t\t\t\t\t<\/div>\n\t\t\t\t<\/div>\n\t\t\t\t<div class=\"elementor-element elementor-element-470b8f3d elementor-widget elementor-widget-woocommerce-breadcrumb\" data-id=\"470b8f3d\" data-element_type=\"widget\" data-e-type=\"widget\" data-widget_type=\"woocommerce-breadcrumb.default\">\n\t\t\t\t<div class=\"elementor-widget-container\">\n\t\t\t\t\t<nav class=\"woocommerce-breadcrumb\" aria-label=\"Breadcrumb\">Inicio<\/nav>\t\t\t\t<\/div>\n\t\t\t\t<\/div>\n\t\t\t\t\t<\/div>\n\t\t\t\t<\/div>\n\t\t<div class=\"elementor-element elementor-element-63bb8ed e-flex e-con-boxed e-con e-parent\" data-id=\"63bb8ed\" data-element_type=\"container\" data-e-type=\"container\">\n\t\t\t\t\t<div class=\"e-con-inner\">\n\t\t\t\t<div class=\"elementor-element elementor-element-20cb379 elementor-widget elementor-widget-heading\" data-id=\"20cb379\" data-element_type=\"widget\" data-e-type=\"widget\" data-widget_type=\"heading.default\">\n\t\t\t\t<div class=\"elementor-widget-container\">\n\t\t\t\t\t<h2 class=\"elementor-heading-title elementor-size-default\">Laboratorio Ecol\u00f3gico<\/h2>\t\t\t\t<\/div>\n\t\t\t\t<\/div>\n\t\t\t\t<div class=\"elementor-element elementor-element-a872b92 elementor-widget elementor-widget-text-editor\" data-id=\"a872b92\" data-element_type=\"widget\" data-e-type=\"widget\" data-widget_type=\"text-editor.default\">\n\t\t\t\t<div class=\"elementor-widget-container\">\n\t\t\t\t\t\t\t\t\t<p data-start=\"943\" data-end=\"1262\">\u00bfEs posible innovar en cosm\u00e9tica natural sin comprometer el futuro del planeta? En <a href=\"https:\/\/esentialaroms.com\/es\/\"><strong data-start=\"1026\" data-end=\"1067\"><span class=\"hover:entity-accent entity-underline inline cursor-pointer align-baseline\"><span class=\"whitespace-normal\">Intersa Labs<\/span><\/span><\/strong><\/a> creemos firmemente que s\u00ed. Por ello, nuestro <strong data-start=\"1113\" data-end=\"1162\">laboratorio ecol\u00f3gico sostenible comprometido<\/strong> basa toda su actividad en el equilibrio entre ciencia, naturaleza y responsabilidad medioambiental.<\/p><p data-start=\"1264\" data-end=\"1536\">Desde nuestros inicios, entendemos la sostenibilidad no como una tendencia, sino como una forma coherente de vivir y trabajar. As\u00ed, desarrollamos <strong data-start=\"1410\" data-end=\"1442\">cosm\u00e9tica natural sostenible<\/strong> y productos bio certificados que respetan tanto la salud de las personas como la del entorno.<\/p>\t\t\t\t\t\t\t\t<\/div>\n\t\t\t\t<\/div>\n\t\t\t\t<div class=\"elementor-element elementor-element-3666040 elementor-widget elementor-widget-heading\" data-id=\"3666040\" data-element_type=\"widget\" data-e-type=\"widget\" data-widget_type=\"heading.default\">\n\t\t\t\t<div class=\"elementor-widget-container\">\n\t\t\t\t\t<h2 class=\"elementor-heading-title elementor-size-default\">Producci\u00f3n responsable en un laboratorio ecol\u00f3gico sostenible<\/h2>\t\t\t\t<\/div>\n\t\t\t\t<\/div>\n\t\t\t\t<div class=\"elementor-element elementor-element-aa76214 elementor-widget elementor-widget-text-editor\" data-id=\"aa76214\" data-element_type=\"widget\" data-e-type=\"widget\" data-widget_type=\"text-editor.default\">\n\t\t\t\t<div class=\"elementor-widget-container\">\n\t\t\t\t\t\t\t\t\t<p data-start=\"1609\" data-end=\"1974\">Nuestro <strong data-start=\"1617\" data-end=\"1666\">laboratorio ecol\u00f3gico sostenible comprometido<\/strong> opera bajo un modelo de producci\u00f3n responsable y controlada que garantiza la m\u00e1xima calidad, pureza y seguridad en cada formulaci\u00f3n. Para ello, seleccionamos cuidadosamente ingredientes de origen vegetal procedentes de <strong data-start=\"1886\" data-end=\"1922\">cultivos ecol\u00f3gicos certificados<\/strong>, priorizando proveedores con trazabilidad completa.<\/p><p data-start=\"1976\" data-end=\"2226\">Adem\u00e1s, los procesos de cultivo, recolecci\u00f3n, transformaci\u00f3n y envasado se realizan siguiendo estrictos protocolos de calidad, lo que nos permite ofrecer productos fiables a farmacias, herbolarios, centros de est\u00e9tica y profesionales de la nutrici\u00f3n.<\/p><p data-start=\"2228\" data-end=\"2377\">Este enfoque asegura no solo la eficacia del producto final, sino tambi\u00e9n una reducci\u00f3n significativa del impacto ambiental en cada fase del proceso.<\/p>\t\t\t\t\t\t\t\t<\/div>\n\t\t\t\t<\/div>\n\t\t\t\t<div class=\"elementor-element elementor-element-b1687bf elementor-widget elementor-widget-heading\" data-id=\"b1687bf\" data-element_type=\"widget\" data-e-type=\"widget\" data-widget_type=\"heading.default\">\n\t\t\t\t<div class=\"elementor-widget-container\">\n\t\t\t\t\t<h2 class=\"elementor-heading-title elementor-size-default\">Certificaciones internacionales que avalan nuestro compromiso<\/h2>\t\t\t\t<\/div>\n\t\t\t\t<\/div>\n\t\t\t\t<div class=\"elementor-element elementor-element-78dea30 elementor-widget elementor-widget-text-editor\" data-id=\"78dea30\" data-element_type=\"widget\" data-e-type=\"widget\" data-widget_type=\"text-editor.default\">\n\t\t\t\t<div class=\"elementor-widget-container\">\n\t\t\t\t\t\t\t\t\t<p data-start=\"2450\" data-end=\"2757\">Un pilar fundamental de nuestro laboratorio ecol\u00f3gico sostenible es el cumplimiento de est\u00e1ndares reconocidos a nivel internacional. Contamos con certificaciones como <strong data-start=\"2617\" data-end=\"2672\"><a href=\"https:\/\/www.ecocert.com\/es\" target=\"_blank\" rel=\"noopener\">Ecocert COSMOS<\/a><\/strong>,\u00a0<strong data-start=\"2617\" data-end=\"2672\"><a href=\"https:\/\/www.aec.es\/conocimiento\/centro-del-conocimiento\/appcc\/\" target=\"_blank\" rel=\"noopener\">APPCC <\/a><\/strong>y <strong data-start=\"2617\" data-end=\"2672\"><a href=\"https:\/\/www.ccpae.org\/\" target=\"_blank\" rel=\"noopener\">Agricultura Ecol\u00f3gica<\/a><\/strong>, que garantizan pr\u00e1cticas responsables, seguras y respetuosas con el medio ambiente.<\/p><p data-start=\"2759\" data-end=\"3032\">Estas certificaciones avalan que nuestra <strong>cosm\u00e9tica natural<\/strong> cumple con criterios estrictos de sostenibilidad, seguridad y transparencia. Adem\u00e1s, refuerzan la confianza de los profesionales que buscan productos alineados con una visi\u00f3n \u00e9tica y cient\u00edfica de la salud natural.<\/p>\t\t\t\t\t\t\t\t<\/div>\n\t\t\t\t<\/div>\n\t\t\t\t\t<\/div>\n\t\t\t\t<\/div>\n\t\t<div class=\"elementor-element elementor-element-9cf8203 e-flex e-con-boxed e-con e-parent\" data-id=\"9cf8203\" data-element_type=\"container\" data-e-type=\"container\">\n\t\t\t\t\t<div class=\"e-con-inner\">\n\t\t<div class=\"elementor-element elementor-element-90c17fe e-con-full e-flex e-con e-child\" data-id=\"90c17fe\" data-element_type=\"container\" data-e-type=\"container\">\n\t\t\t\t<div class=\"elementor-element elementor-element-cfdf56d elementor-widget elementor-widget-image\" data-id=\"cfdf56d\" data-element_type=\"widget\" data-e-type=\"widget\" data-widget_type=\"image.default\">\n\t\t\t\t<div class=\"elementor-widget-container\">\n\t\t\t\t\t\t\t\t\t\t\t\t\t\t\t\t<a href=\"https:\/\/www.aec.es\/conocimiento\/centro-del-conocimiento\/appcc\/\" target=\"_blank\" rel=\"noopener\">\n\t\t\t\t\t\t\t<img decoding=\"async\" width=\"173\" height=\"116\" src=\"https:\/\/esentialaroms.com\/wp-content\/uploads\/2025\/11\/appcs.png\" class=\"attachment-large size-large wp-image-106\" alt=\"\" \/>\t\t\t\t\t\t\t\t<\/a>\n\t\t\t\t\t\t\t\t\t\t\t\t\t\t\t<\/div>\n\t\t\t\t<\/div>\n\t\t\t\t<\/div>\n\t\t<div class=\"elementor-element elementor-element-a43e015 e-con-full e-flex e-con e-child\" data-id=\"a43e015\" data-element_type=\"container\" data-e-type=\"container\">\n\t\t\t\t<div class=\"elementor-element elementor-element-00ac067 elementor-widget elementor-widget-image\" data-id=\"00ac067\" data-element_type=\"widget\" data-e-type=\"widget\" data-widget_type=\"image.default\">\n\t\t\t\t<div class=\"elementor-widget-container\">\n\t\t\t\t\t\t\t\t\t\t\t\t<figure class=\"wp-caption\">\n\t\t\t\t\t\t\t\t\t\t\t<a href=\"https:\/\/www.ccpae.org\/\" target=\"_blank\" rel=\"noopener\">\n\t\t\t\t\t\t\t<img decoding=\"async\" width=\"244\" height=\"116\" src=\"https:\/\/esentialaroms.com\/wp-content\/uploads\/2025\/11\/ccpae.png\" class=\"attachment-large size-large wp-image-107\" alt=\"Laboratorio ecol\u00f3gico\" \/>\t\t\t\t\t\t\t\t<\/a>\n\t\t\t\t\t\t\t\t\t\t\t<figcaption class=\"widget-image-caption wp-caption-text\"><\/figcaption>\n\t\t\t\t\t\t\t\t\t\t<\/figure>\n\t\t\t\t\t\t\t\t\t<\/div>\n\t\t\t\t<\/div>\n\t\t\t\t<\/div>\n\t\t<div class=\"elementor-element elementor-element-b847c71 e-con-full e-flex e-con e-child\" data-id=\"b847c71\" data-element_type=\"container\" data-e-type=\"container\">\n\t\t\t\t<div class=\"elementor-element elementor-element-85e1bc0 elementor-widget elementor-widget-image\" data-id=\"85e1bc0\" data-element_type=\"widget\" data-e-type=\"widget\" data-widget_type=\"image.default\">\n\t\t\t\t<div class=\"elementor-widget-container\">\n\t\t\t\t\t\t\t\t\t\t\t\t\t\t\t\t<a href=\"https:\/\/www.peta.org\/\" target=\"_blank\" rel=\"noopener\">\n\t\t\t\t\t\t\t<img decoding=\"async\" width=\"173\" height=\"116\" src=\"https:\/\/esentialaroms.com\/wp-content\/uploads\/2025\/11\/crueltyfree.png\" class=\"attachment-large size-large wp-image-108\" alt=\"crueltyfree\" \/>\t\t\t\t\t\t\t\t<\/a>\n\t\t\t\t\t\t\t\t\t\t\t\t\t\t\t<\/div>\n\t\t\t\t<\/div>\n\t\t\t\t<\/div>\n\t\t<div class=\"elementor-element elementor-element-948edd1 e-con-full e-flex e-con e-child\" data-id=\"948edd1\" data-element_type=\"container\" data-e-type=\"container\">\n\t\t\t\t<div class=\"elementor-element elementor-element-a99e19e elementor-widget elementor-widget-image\" data-id=\"a99e19e\" data-element_type=\"widget\" data-e-type=\"widget\" data-widget_type=\"image.default\">\n\t\t\t\t<div class=\"elementor-widget-container\">\n\t\t\t\t\t\t\t\t\t\t\t\t\t\t\t\t<a href=\"https:\/\/www.ecocert.com\/es\" target=\"_blank\" rel=\"noopener\">\n\t\t\t\t\t\t\t<img loading=\"lazy\" decoding=\"async\" width=\"173\" height=\"116\" src=\"https:\/\/esentialaroms.com\/wp-content\/uploads\/2025\/12\/ecococert-cosmos-organic.png\" class=\"attachment-large size-large wp-image-1186\" alt=\"Ecocert Cosmos Organic\" \/>\t\t\t\t\t\t\t\t<\/a>\n\t\t\t\t\t\t\t\t\t\t\t\t\t\t\t<\/div>\n\t\t\t\t<\/div>\n\t\t\t\t<\/div>\n\t\t<div class=\"elementor-element elementor-element-3525aef e-con-full e-flex e-con e-child\" data-id=\"3525aef\" data-element_type=\"container\" data-e-type=\"container\">\n\t\t\t\t<div class=\"elementor-element elementor-element-75caef2 elementor-widget elementor-widget-image\" data-id=\"75caef2\" data-element_type=\"widget\" data-e-type=\"widget\" data-widget_type=\"image.default\">\n\t\t\t\t<div class=\"elementor-widget-container\">\n\t\t\t\t\t\t\t\t\t\t\t\t\t\t\t\t<a href=\"https:\/\/www.ecocert.com\/es\" target=\"_blank\" rel=\"noopener\">\n\t\t\t\t\t\t\t<img loading=\"lazy\" decoding=\"async\" width=\"173\" height=\"116\" src=\"https:\/\/esentialaroms.com\/wp-content\/uploads\/2025\/12\/ecococert-cosmos-natural.png\" class=\"attachment-large size-large wp-image-1185\" alt=\"Ecocert Cosmos Natural\" \/>\t\t\t\t\t\t\t\t<\/a>\n\t\t\t\t\t\t\t\t\t\t\t\t\t\t\t<\/div>\n\t\t\t\t<\/div>\n\t\t\t\t<\/div>\n\t\t\t\t\t<\/div>\n\t\t\t\t<\/div>\n\t\t<div class=\"elementor-element elementor-element-af20281 e-flex e-con-boxed e-con e-parent\" data-id=\"af20281\" data-element_type=\"container\" data-e-type=\"container\">\n\t\t\t\t\t<div class=\"e-con-inner\">\n\t\t\t\t<div class=\"elementor-element elementor-element-fe42df2 elementor-widget elementor-widget-heading\" data-id=\"fe42df2\" data-element_type=\"widget\" data-e-type=\"widget\" data-widget_type=\"heading.default\">\n\t\t\t\t<div class=\"elementor-widget-container\">\n\t\t\t\t\t<h2 class=\"elementor-heading-title elementor-size-default\">Cosm\u00e9tica natural sostenible para el bienestar integral<\/h2>\t\t\t\t<\/div>\n\t\t\t\t<\/div>\n\t\t\t\t<div class=\"elementor-element elementor-element-8dfe80d elementor-widget elementor-widget-text-editor\" data-id=\"8dfe80d\" data-element_type=\"widget\" data-e-type=\"widget\" data-widget_type=\"text-editor.default\">\n\t\t\t\t<div class=\"elementor-widget-container\">\n\t\t\t\t\t\t\t\t\t<p data-start=\"3268\" data-end=\"3546\">La sostenibilidad en <a href=\"https:\/\/esentialaroms.com\/es\/\"><strong data-start=\"1026\" data-end=\"1067\"><span class=\"hover:entity-accent entity-underline inline cursor-pointer align-baseline\"><span class=\"whitespace-normal\">Intersa Labs<\/span><\/span><\/strong><\/a> va mucho m\u00e1s all\u00e1 del producto final. Nuestro <strong data-start=\"3348\" data-end=\"3397\">laboratorio ecol\u00f3gico sostenible comprometido<\/strong> optimiza de forma continua el uso de recursos energ\u00e9ticos, promueve la reducci\u00f3n de residuos y apuesta por <strong data-start=\"3505\" data-end=\"3545\">envases reciclables y materiales eco<\/strong>.<\/p><p data-start=\"3548\" data-end=\"3849\">Asimismo, aplicamos una gesti\u00f3n eficiente del agua y la energ\u00eda, minimizando la huella ambiental sin renunciar a la innovaci\u00f3n. Creemos que la <strong data-start=\"3691\" data-end=\"3726\">cosm\u00e9tica ecol\u00f3gica certificada<\/strong> debe ser eficaz, \u00e9tica y responsable, ofreciendo resultados reales sin comprometer el futuro de las pr\u00f3ximas generaciones.<\/p><p data-start=\"3851\" data-end=\"3989\">Este compromiso integral nos permite contribuir activamente al bienestar humano y ambiental desde una perspectiva cient\u00edfica y consciente.<\/p>\t\t\t\t\t\t\t\t<\/div>\n\t\t\t\t<\/div>\n\t\t\t\t<div class=\"elementor-element elementor-element-b6e7e75 elementor-widget elementor-widget-heading\" data-id=\"b6e7e75\" data-element_type=\"widget\" data-e-type=\"widget\" data-widget_type=\"heading.default\">\n\t\t\t\t<div class=\"elementor-widget-container\">\n\t\t\t\t\t<h2 class=\"elementor-heading-title elementor-size-default\">Innovaci\u00f3n natural con responsabilidad medioambiental<\/h2>\t\t\t\t<\/div>\n\t\t\t\t<\/div>\n\t\t\t\t<div class=\"elementor-element elementor-element-050e972 elementor-widget elementor-widget-text-editor\" data-id=\"050e972\" data-element_type=\"widget\" data-e-type=\"widget\" data-widget_type=\"text-editor.default\">\n\t\t\t\t<div class=\"elementor-widget-container\">\n\t\t\t\t\t\t\t\t\t<p data-start=\"4054\" data-end=\"4378\">Nuestra visi\u00f3n es clara: avanzar hacia un modelo donde la innovaci\u00f3n natural y la responsabilidad medioambiental vayan siempre de la mano. Por ello, investigamos constantemente nuevas soluciones basadas en activos vegetales, fitoterapia y aromaterapia, manteniendo siempre criterios de sostenibilidad y evidencia cient\u00edfica.<\/p><p data-start=\"4380\" data-end=\"4626\">Gracias a este enfoque, nuestro laboratorio ecol\u00f3gico sostenible se consolida como un aliado estrat\u00e9gico para profesionales que buscan productos naturales de alta calidad, alineados con los valores de la salud integrativa y el respeto al planeta.<\/p>\t\t\t\t\t\t\t\t<\/div>\n\t\t\t\t<\/div>\n\t\t\t\t<div class=\"elementor-element elementor-element-de3de9c elementor-widget elementor-widget-heading\" data-id=\"de3de9c\" data-element_type=\"widget\" data-e-type=\"widget\" data-widget_type=\"heading.default\">\n\t\t\t\t<div class=\"elementor-widget-container\">\n\t\t\t\t\t<h2 class=\"elementor-heading-title elementor-size-default\">Compromiso que genera confianza profesional<\/h2>\t\t\t\t<\/div>\n\t\t\t\t<\/div>\n\t\t\t\t<div class=\"elementor-element elementor-element-b6de7a8 elementor-widget elementor-widget-text-editor\" data-id=\"b6de7a8\" data-element_type=\"widget\" data-e-type=\"widget\" data-widget_type=\"text-editor.default\">\n\t\t\t\t<div class=\"elementor-widget-container\">\n\t\t\t\t\t\t\t\t\t<p>Si eres farmacia, herbolario, centro de est\u00e9tica o nutricionista, te invitamos a descubrir c\u00f3mo nuestro modelo sostenible puede aportar valor a tu pr\u00e1ctica profesional. Explora nuestro cat\u00e1logo, consulta otros art\u00edculos del blog o contacta con nuestro equipo para recibir asesoramiento personalizado.<\/p>\t\t\t\t\t\t\t\t<\/div>\n\t\t\t\t<\/div>\n\t\t\t\t<div class=\"elementor-element elementor-element-0218182 elementor-widget elementor-widget-heading\" data-id=\"0218182\" data-element_type=\"widget\" data-e-type=\"widget\" data-widget_type=\"heading.default\">\n\t\t\t\t<div class=\"elementor-widget-container\">\n\t\t\t\t\t<h2 class=\"elementor-heading-title elementor-size-default\">Intersa Labs recibe una ayuda para la instalaci\u00f3n de placas solares\n<\/h2>\t\t\t\t<\/div>\n\t\t\t\t<\/div>\n\t\t\t\t<div class=\"elementor-element elementor-element-6907043 elementor-widget elementor-widget-text-editor\" data-id=\"6907043\" data-element_type=\"widget\" data-e-type=\"widget\" data-widget_type=\"text-editor.default\">\n\t\t\t\t<div class=\"elementor-widget-container\">\n\t\t\t\t\t\t\t\t\t<p>Intersa Labs recibe una ayuda para la instalaci\u00f3n de placas solares de autoconsumo para sus dos naves. <a href=\"https:\/\/esentialaroms.com\/wp-content\/uploads\/2025\/12\/Intersa-Labs-Sostenibilidad.pdf\">M\u00e1s informaci\u00f3n<\/a><\/p><p>Dentro del proyecto acogido por el programa de incentivos ligado al autoconsumo y el almacenaje, con fuentes de\u00a0 energ\u00eda\u00a0 renovables,\u00a0 as\u00ed como a la implantaci\u00f3n de sistemas t\u00e9rmicos renovables, en le marco del Plan de\u00a0Recuperaci\u00f3n, Transformaci\u00f3n y Resiliencia, financiado por la Uni\u00f3n Europea.<\/p>\t\t\t\t\t\t\t\t<\/div>\n\t\t\t\t<\/div>\n\t\t\t\t\t<\/div>\n\t\t\t\t<\/div>\n\t\t<div class=\"elementor-element elementor-element-36034fdb e-flex e-con-boxed e-con e-parent\" data-id=\"36034fdb\" data-element_type=\"container\" data-e-type=\"container\" data-settings=\"{&quot;background_background&quot;:&quot;classic&quot;}\">\n\t\t\t\t\t<div class=\"e-con-inner\">\n\t\t<div class=\"elementor-element elementor-element-6d91a584 e-con-full e-flex e-con e-child\" data-id=\"6d91a584\" data-element_type=\"container\" data-e-type=\"container\">\n\t\t\t\t<div class=\"elementor-element elementor-element-3077daf6 elementor-widget__width-initial elementor-widget-tablet__width-inherit elementor-widget elementor-widget-heading\" data-id=\"3077daf6\" data-element_type=\"widget\" data-e-type=\"widget\" data-widget_type=\"heading.default\">\n\t\t\t\t<div class=\"elementor-widget-container\">\n\t\t\t\t\t<h3 class=\"elementor-heading-title elementor-size-default\">Apuesta por un laboratorio ecol\u00f3gico <\/h3>\t\t\t\t<\/div>\n\t\t\t\t<\/div>\n\t\t\t\t<div class=\"elementor-element elementor-element-21151afb elementor-widget__width-initial elementor-widget-tablet__width-inherit elementor-widget elementor-widget-text-editor\" data-id=\"21151afb\" data-element_type=\"widget\" data-e-type=\"widget\" data-widget_type=\"text-editor.default\">\n\t\t\t\t<div class=\"elementor-widget-container\">\n\t\t\t\t\t\t\t\t\t<p>por un futuro m\u00e1s saludable, responsable y consciente<\/p>\t\t\t\t\t\t\t\t<\/div>\n\t\t\t\t<\/div>\n\t\t\t\t<div class=\"elementor-element elementor-element-69f664e5 elementor-widget elementor-widget-button\" data-id=\"69f664e5\" data-element_type=\"widget\" data-e-type=\"widget\" data-widget_type=\"button.default\">\n\t\t\t\t<div class=\"elementor-widget-container\">\n\t\t\t\t\t\t\t\t\t<div class=\"elementor-button-wrapper\">\n\t\t\t\t\t<a class=\"elementor-button elementor-button-link elementor-size-sm\" href=\"#\">\n\t\t\t\t\t\t<span class=\"elementor-button-content-wrapper\">\n\t\t\t\t\t\t\t\t\t<span class=\"elementor-button-text\">CONTACTA CON NOSOTROS<\/span>\n\t\t\t\t\t<\/span>\n\t\t\t\t\t<\/a>\n\t\t\t\t<\/div>\n\t\t\t\t\t\t\t\t<\/div>\n\t\t\t\t<\/div>\n\t\t\t\t<\/div>\n\t\t\t\t\t<\/div>\n\t\t\t\t<\/div>\n\t\t<div class=\"elementor-element elementor-element-1f1898b9 opacity-ocher e-flex e-con-boxed e-con e-parent\" data-id=\"1f1898b9\" data-element_type=\"container\" data-e-type=\"container\" data-settings=\"{&quot;background_background&quot;:&quot;classic&quot;}\">\n\t\t\t\t\t<div class=\"e-con-inner\">\n\t\t<div class=\"elementor-element elementor-element-47ea8cdf e-con-full e-flex e-con e-child\" data-id=\"47ea8cdf\" data-element_type=\"container\" data-e-type=\"container\">\n\t\t\t\t<div class=\"elementor-element elementor-element-1acd8f4b elementor-widget__width-initial elementor-widget-mobile__width-inherit elementor-widget elementor-widget-heading\" data-id=\"1acd8f4b\" data-element_type=\"widget\" data-e-type=\"widget\" data-widget_type=\"heading.default\">\n\t\t\t\t<div class=\"elementor-widget-container\">\n\t\t\t\t\t<h2 class=\"elementor-heading-title elementor-size-default\">Suscr\u00edbete y mejora tu calidad de vida con nuestra Newsletter\n<\/h2>\t\t\t\t<\/div>\n\t\t\t\t<\/div>\n\t\t\t\t<div class=\"elementor-element elementor-element-2366ab44 newsletter-bar elementor-button-align-stretch elementor-widget elementor-widget-form\" data-id=\"2366ab44\" data-element_type=\"widget\" data-e-type=\"widget\" data-settings=\"{&quot;step_next_label&quot;:&quot;Siguiente&quot;,&quot;step_previous_label&quot;:&quot;Anterior&quot;,&quot;button_width&quot;:&quot;100&quot;,&quot;step_type&quot;:&quot;number_text&quot;,&quot;step_icon_shape&quot;:&quot;circle&quot;}\" data-widget_type=\"form.default\">\n\t\t\t\t<div class=\"elementor-widget-container\">\n\t\t\t\t\t\t\t<form class=\"elementor-form\" method=\"post\" name=\"Nuevo formulario\" aria-label=\"Nuevo formulario\">\n\t\t\t<input type=\"hidden\" name=\"post_id\" value=\"1217\"\/>\n\t\t\t<input type=\"hidden\" name=\"form_id\" value=\"2366ab44\"\/>\n\t\t\t<input type=\"hidden\" name=\"referer_title\" value=\"Laboratorio ecol\u00f3gico sostenible: 7 claves responsables\" \/>\n\n\t\t\t\t\t\t\t<input type=\"hidden\" name=\"queried_id\" value=\"1217\"\/>\n\t\t\t\n\t\t\t<div class=\"elementor-form-fields-wrapper elementor-labels-above\">\n\t\t\t\t\t\t\t\t<div class=\"elementor-field-type-email elementor-field-group elementor-column elementor-field-group-email elementor-col-100 elementor-field-required elementor-mark-required\">\n\t\t\t\t\t\t\t\t\t\t\t\t\t<input size=\"1\" type=\"email\" name=\"form_fields[email]\" id=\"form-field-email\" class=\"elementor-field elementor-size-sm  elementor-field-textual\" placeholder=\"Tu direcci\u00f3n de email\" required=\"required\">\n\t\t\t\t\t\t\t\t\t\t\t<\/div>\n\t\t\t\t\t\t\t\t<div class=\"elementor-field-group elementor-column elementor-field-type-submit elementor-col-100 e-form__buttons\">\n\t\t\t\t\t<button class=\"elementor-button elementor-size-sm\" type=\"submit\">\n\t\t\t\t\t\t<span class=\"elementor-button-content-wrapper\">\n\t\t\t\t\t\t\t\t\t\t\t\t\t\t\t\t\t\t\t\t\t\t<span class=\"elementor-button-text\">Enviar<\/span>\n\t\t\t\t\t\t\t\t\t\t\t\t\t<\/span>\n\t\t\t\t\t<\/button>\n\t\t\t\t<\/div>\n\t\t\t<\/div>\n\t\t<\/form>\n\t\t\t\t\t\t<\/div>\n\t\t\t\t<\/div>\n\t\t\t\t<\/div>\n\t\t\t\t\t<\/div>\n\t\t\t\t<\/div>\n\t\t\t\t<\/div>\n\t\t","protected":false},"excerpt":{"rendered":"<p>LABORATORIO ECOL\u00d3GICO Sostenible y Comprometido Est\u00e1s en &#8230; Laboratorio Ecol\u00f3gico \u00bfEs posible innovar en cosm\u00e9tica natural sin comprometer el futuro del planeta? En Intersa Labs creemos firmemente que s\u00ed. Por ello, nuestro laboratorio ecol\u00f3gico sostenible comprometido basa toda su actividad en el equilibrio entre ciencia, naturaleza y responsabilidad medioambiental. Desde nuestros inicios, entendemos la sostenibilidad [&hellip;]<\/p>\n","protected":false},"author":3,"featured_media":0,"parent":0,"menu_order":0,"comment_status":"closed","ping_status":"closed","template":"","meta":{"_acf_changed":false,"rs_blank_template":"","rs_page_bg_color":"","slide_template_v7":"","footnotes":""},"class_list":["post-1217","page","type-page","status-publish","hentry"],"acf":[],"_links":{"self":[{"href":"https:\/\/esentialaroms.com\/es\/wp-json\/wp\/v2\/pages\/1217","targetHints":{"allow":["GET"]}}],"collection":[{"href":"https:\/\/esentialaroms.com\/es\/wp-json\/wp\/v2\/pages"}],"about":[{"href":"https:\/\/esentialaroms.com\/es\/wp-json\/wp\/v2\/types\/page"}],"author":[{"embeddable":true,"href":"https:\/\/esentialaroms.com\/es\/wp-json\/wp\/v2\/users\/3"}],"replies":[{"embeddable":true,"href":"https:\/\/esentialaroms.com\/es\/wp-json\/wp\/v2\/comments?post=1217"}],"version-history":[{"count":40,"href":"https:\/\/esentialaroms.com\/es\/wp-json\/wp\/v2\/pages\/1217\/revisions"}],"predecessor-version":[{"id":2126,"href":"https:\/\/esentialaroms.com\/es\/wp-json\/wp\/v2\/pages\/1217\/revisions\/2126"}],"wp:attachment":[{"href":"https:\/\/esentialaroms.com\/es\/wp-json\/wp\/v2\/media?parent=1217"}],"curies":[{"name":"wp","href":"https:\/\/api.w.org\/{rel}","templated":true}]}}