{"id":1198,"date":"2025-12-23T09:55:33","date_gmt":"2025-12-23T08:55:33","guid":{"rendered":"https:\/\/dev.intersalabs.com\/?page_id=1198"},"modified":"2026-01-15T15:20:21","modified_gmt":"2026-01-15T14:20:21","slug":"salud-natural-ciencia-responsable","status":"publish","type":"page","link":"https:\/\/esentialaroms.com\/es\/salud-natural-ciencia-responsable\/","title":{"rendered":"Salud natural con ciencia: 5 claves de nuestro compromiso"},"content":{"rendered":"\t\t<div data-elementor-type=\"wp-page\" data-elementor-id=\"1198\" class=\"elementor elementor-1198\" data-elementor-post-type=\"page\">\n\t\t\t\t<div class=\"elementor-element elementor-element-35471222 e-con-full e-flex e-con e-parent\" data-id=\"35471222\" data-element_type=\"container\" data-e-type=\"container\" data-settings=\"{&quot;background_background&quot;:&quot;classic&quot;}\">\n\t\t<div class=\"elementor-element elementor-element-8e1fb93 e-con-full e-flex e-con e-child\" data-id=\"8e1fb93\" data-element_type=\"container\" data-e-type=\"container\">\n\t\t\t\t<div class=\"elementor-element elementor-element-26cd736c elementor-widget__width-initial elementor-widget elementor-widget-heading\" data-id=\"26cd736c\" data-element_type=\"widget\" data-e-type=\"widget\" data-widget_type=\"heading.default\">\n\t\t\t\t<div class=\"elementor-widget-container\">\n\t\t\t\t\t<h1 class=\"elementor-heading-title elementor-size-default\">Nuestro compromiso<\/h1>\t\t\t\t<\/div>\n\t\t\t\t<\/div>\n\t\t\t\t<div class=\"elementor-element elementor-element-1268cae7 elementor-widget__width-initial elementor-widget elementor-widget-heading\" data-id=\"1268cae7\" data-element_type=\"widget\" data-e-type=\"widget\" data-widget_type=\"heading.default\">\n\t\t\t\t<div class=\"elementor-widget-container\">\n\t\t\t\t\t<h2 class=\"elementor-heading-title elementor-size-default\">Salud natural basada en prevenci\u00f3n y equilibrio<\/h2>\t\t\t\t<\/div>\n\t\t\t\t<\/div>\n\t\t\t\t<\/div>\n\t\t\t\t<div class=\"elementor-element elementor-element-28e6d568 elementor-widget__width-initial elementor-absolute animated-slow elementor-view-default elementor-invisible elementor-widget elementor-widget-icon\" data-id=\"28e6d568\" data-element_type=\"widget\" data-e-type=\"widget\" data-settings=\"{&quot;_position&quot;:&quot;absolute&quot;,&quot;_animation&quot;:&quot;flash&quot;}\" data-widget_type=\"icon.default\">\n\t\t\t\t<div class=\"elementor-widget-container\">\n\t\t\t\t\t\t\t<div class=\"elementor-icon-wrapper\">\n\t\t\t<div class=\"elementor-icon\">\n\t\t\t<i aria-hidden=\"true\" class=\"fas fa-chevron-down\"><\/i>\t\t\t<\/div>\n\t\t<\/div>\n\t\t\t\t\t\t<\/div>\n\t\t\t\t<\/div>\n\t\t\t\t<\/div>\n\t\t<div class=\"elementor-element elementor-element-32077e82 e-flex e-con-boxed e-con e-parent\" data-id=\"32077e82\" data-element_type=\"container\" data-e-type=\"container\">\n\t\t\t\t\t<div class=\"e-con-inner\">\n\t\t\t\t<div class=\"elementor-element elementor-element-1ab56c65 elementor-widget elementor-widget-text-editor\" data-id=\"1ab56c65\" data-element_type=\"widget\" data-e-type=\"widget\" data-widget_type=\"text-editor.default\">\n\t\t\t\t<div class=\"elementor-widget-container\">\n\t\t\t\t\t\t\t\t\t<p>Est\u00e1s en &#8230;<\/p>\t\t\t\t\t\t\t\t<\/div>\n\t\t\t\t<\/div>\n\t\t\t\t<div class=\"elementor-element elementor-element-6f87aaef elementor-widget elementor-widget-woocommerce-breadcrumb\" data-id=\"6f87aaef\" data-element_type=\"widget\" data-e-type=\"widget\" data-widget_type=\"woocommerce-breadcrumb.default\">\n\t\t\t\t<div class=\"elementor-widget-container\">\n\t\t\t\t\t<nav class=\"woocommerce-breadcrumb\" aria-label=\"Breadcrumb\">Inicio<\/nav>\t\t\t\t<\/div>\n\t\t\t\t<\/div>\n\t\t\t\t\t<\/div>\n\t\t\t\t<\/div>\n\t\t<div class=\"elementor-element elementor-element-ddeaa86 e-flex e-con-boxed e-con e-parent\" data-id=\"ddeaa86\" data-element_type=\"container\" data-e-type=\"container\">\n\t\t\t\t\t<div class=\"e-con-inner\">\n\t\t\t\t<div class=\"elementor-element elementor-element-85a6320 elementor-widget elementor-widget-heading\" data-id=\"85a6320\" data-element_type=\"widget\" data-e-type=\"widget\" data-widget_type=\"heading.default\">\n\t\t\t\t<div class=\"elementor-widget-container\">\n\t\t\t\t\t<h2 class=\"elementor-heading-title elementor-size-default\">\u00bfY si la verdadera innovaci\u00f3n en salud no fuera crear m\u00e1s soluciones, sino volver a lo esencial con rigor cient\u00edfico?<\/h2>\t\t\t\t<\/div>\n\t\t\t\t<\/div>\n\t\t\t\t<div class=\"elementor-element elementor-element-757ce5e elementor-widget elementor-widget-text-editor\" data-id=\"757ce5e\" data-element_type=\"widget\" data-e-type=\"widget\" data-widget_type=\"text-editor.default\">\n\t\t\t\t<div class=\"elementor-widget-container\">\n\t\t\t\t\t\t\t\t\t<p>Desde hace d\u00e9cadas, en <strong data-start=\"416\" data-end=\"457\"><span class=\"hover:entity-accent entity-underline inline cursor-pointer align-baseline\"><span class=\"whitespace-normal\">Intersa Labs<\/span><\/span><\/strong> entendemos la <strong data-start=\"472\" data-end=\"513\">salud natural con ciencia responsable<\/strong> como un camino que va m\u00e1s all\u00e1 de aliviar s\u00edntomas. Creemos firmemente que el bienestar duradero se construye desde la prevenci\u00f3n, el equilibrio y el respeto por los procesos naturales del organismo. Esta visi\u00f3n integral es la base de todo lo que hacemos y la raz\u00f3n por la que acompa\u00f1amos a profesionales de la salud natural \u2014farmacias, herbolarios, nutricionistas y centros de est\u00e9tica\u2014 en su pr\u00e1ctica diaria.<\/p>\t\t\t\t\t\t\t\t<\/div>\n\t\t\t\t<\/div>\n\t\t\t\t<div class=\"elementor-element elementor-element-83fb95d elementor-widget elementor-widget-heading\" data-id=\"83fb95d\" data-element_type=\"widget\" data-e-type=\"widget\" data-widget_type=\"heading.default\">\n\t\t\t\t<div class=\"elementor-widget-container\">\n\t\t\t\t\t<h2 class=\"elementor-heading-title elementor-size-default\">Salud natural basada en prevenci\u00f3n y equilibrio<\/h2>\t\t\t\t<\/div>\n\t\t\t\t<\/div>\n\t\t\t\t<div class=\"elementor-element elementor-element-703a606 elementor-widget elementor-widget-text-editor\" data-id=\"703a606\" data-element_type=\"widget\" data-e-type=\"widget\" data-widget_type=\"text-editor.default\">\n\t\t\t\t<div class=\"elementor-widget-container\">\n\t\t\t\t\t\t\t\t\t<p data-start=\"983\" data-end=\"1436\">Hablar de <strong data-start=\"993\" data-end=\"1010\">salud natural<\/strong> implica adoptar una mirada amplia y consciente. No se trata solo de actuar cuando aparece una molestia, sino de crear las condiciones adecuadas para que el cuerpo mantenga su equilibrio fisiol\u00f3gico de forma sostenida.<br data-start=\"1228\" data-end=\"1231\" \/>Por este motivo, en Intersa Labs apostamos por estrategias preventivas apoyadas en la <strong data-start=\"1317\" data-end=\"1332\">fitoterapia<\/strong>, la <strong data-start=\"1337\" data-end=\"1360\">nutrici\u00f3n funcional<\/strong> y la <strong data-start=\"1366\" data-end=\"1387\">cosm\u00e9tica natural<\/strong> formulada con activos vegetales de alta calidad.<\/p><p data-start=\"1438\" data-end=\"1662\">Adem\u00e1s, entendemos que cada persona es \u00fanica. Por ello, desarrollamos soluciones que pueden integrarse f\u00e1cilmente en protocolos personalizados, respetando el ritmo biol\u00f3gico y las necesidades espec\u00edficas de cada etapa vital.<\/p>\t\t\t\t\t\t\t\t<\/div>\n\t\t\t\t<\/div>\n\t\t\t\t<div class=\"elementor-element elementor-element-b2f206f elementor-widget elementor-widget-heading\" data-id=\"b2f206f\" data-element_type=\"widget\" data-e-type=\"widget\" data-widget_type=\"heading.default\">\n\t\t\t\t<div class=\"elementor-widget-container\">\n\t\t\t\t\t<h2 class=\"elementor-heading-title elementor-size-default\">Ciencia natural e innovaci\u00f3n: una alianza necesaria<\/h2>\t\t\t\t<\/div>\n\t\t\t\t<\/div>\n\t\t\t\t\t<\/div>\n\t\t\t\t<\/div>\n\t\t<div class=\"elementor-element elementor-element-18018c9 e-flex e-con-boxed e-con e-parent\" data-id=\"18018c9\" data-element_type=\"container\" data-e-type=\"container\">\n\t\t\t\t\t<div class=\"e-con-inner\">\n\t\t<div class=\"elementor-element elementor-element-424305d e-con-full e-flex e-con e-child\" data-id=\"424305d\" data-element_type=\"container\" data-e-type=\"container\">\n\t\t\t\t<div class=\"elementor-element elementor-element-8456c56 elementor-widget elementor-widget-image\" data-id=\"8456c56\" data-element_type=\"widget\" data-e-type=\"widget\" data-widget_type=\"image.default\">\n\t\t\t\t<div class=\"elementor-widget-container\">\n\t\t\t\t\t\t\t\t\t\t\t\t\t\t\t<img fetchpriority=\"high\" decoding=\"async\" width=\"550\" height=\"362\" src=\"https:\/\/esentialaroms.com\/wp-content\/uploads\/2025\/12\/salud-natural.jpg\" class=\"attachment-large size-large wp-image-1212\" alt=\"Salud Natural\" srcset=\"https:\/\/esentialaroms.com\/wp-content\/uploads\/2025\/12\/salud-natural.jpg 550w, https:\/\/esentialaroms.com\/wp-content\/uploads\/2025\/12\/salud-natural-300x197.jpg 300w\" sizes=\"(max-width: 550px) 100vw, 550px\" \/>\t\t\t\t\t\t\t\t\t\t\t\t\t\t\t<\/div>\n\t\t\t\t<\/div>\n\t\t\t\t<\/div>\n\t\t<div class=\"elementor-element elementor-element-498b6e3 e-con-full e-flex e-con e-child\" data-id=\"498b6e3\" data-element_type=\"container\" data-e-type=\"container\">\n\t\t\t\t<div class=\"elementor-element elementor-element-56506f1 elementor-widget elementor-widget-text-editor\" data-id=\"56506f1\" data-element_type=\"widget\" data-e-type=\"widget\" data-widget_type=\"text-editor.default\">\n\t\t\t\t<div class=\"elementor-widget-container\">\n\t\t\t\t\t\t\t\t\t<p data-start=\"1725\" data-end=\"1911\">La <strong data-start=\"1728\" data-end=\"1769\">salud natural con ciencia responsable<\/strong> solo es posible cuando el conocimiento tradicional se combina con la investigaci\u00f3n actual. En Intersa Labs unimos lo mejor de ambos mundos:<\/p><ul data-start=\"1912\" data-end=\"2093\"><li data-start=\"1912\" data-end=\"2000\"><p data-start=\"1914\" data-end=\"2000\">Por un lado, el saber ancestral de las plantas medicinales y los aceites esenciales.<\/p><\/li><li data-start=\"2001\" data-end=\"2093\"><p data-start=\"2003\" data-end=\"2093\">Por otro, la innovaci\u00f3n tecnol\u00f3gica aplicada a la formulaci\u00f3n, la seguridad y la eficacia.<\/p><\/li><\/ul><p data-start=\"2095\" data-end=\"2418\">Gracias a este enfoque, desarrollamos <strong data-start=\"2133\" data-end=\"2162\">complementos alimenticios<\/strong> y productos de <strong data-start=\"2178\" data-end=\"2210\">cosm\u00e9tica natural sostenible<\/strong> que aportan resultados reales, siempre desde una base cient\u00edfica contrastada. De este modo, facilitamos a los profesionales herramientas fiables para acompa\u00f1ar a sus pacientes o clientes con total confianza.<\/p>\t\t\t\t\t\t\t\t<\/div>\n\t\t\t\t<\/div>\n\t\t\t\t<\/div>\n\t\t\t\t\t<\/div>\n\t\t\t\t<\/div>\n\t\t<div class=\"elementor-element elementor-element-77ef40c e-flex e-con-boxed e-con e-parent\" data-id=\"77ef40c\" data-element_type=\"container\" data-e-type=\"container\">\n\t\t\t\t\t<div class=\"e-con-inner\">\n\t\t\t\t<div class=\"elementor-element elementor-element-c21eefa elementor-widget elementor-widget-heading\" data-id=\"c21eefa\" data-element_type=\"widget\" data-e-type=\"widget\" data-widget_type=\"heading.default\">\n\t\t\t\t<div class=\"elementor-widget-container\">\n\t\t\t\t\t<h2 class=\"elementor-heading-title elementor-size-default\">Sostenibilidad y respeto por la naturaleza<\/h2>\t\t\t\t<\/div>\n\t\t\t\t<\/div>\n\t\t\t\t<div class=\"elementor-element elementor-element-a213c1a elementor-widget elementor-widget-text-editor\" data-id=\"a213c1a\" data-element_type=\"widget\" data-e-type=\"widget\" data-widget_type=\"text-editor.default\">\n\t\t\t\t<div class=\"elementor-widget-container\">\n\t\t\t\t\t\t\t\t\t<p data-start=\"2472\" data-end=\"2809\">La <strong data-start=\"2475\" data-end=\"2492\">salud natural<\/strong> no puede desligarse del cuidado del entorno. Cada decisi\u00f3n que tomamos \u2014desde la selecci\u00f3n de materias primas hasta el envasado\u2014 responde a criterios \u00e9ticos y medioambientales.<br data-start=\"2669\" data-end=\"2672\" \/>Trabajamos con ingredientes de <strong data-start=\"2703\" data-end=\"2724\">origen controlado<\/strong>, priorizando proveedores responsables y procesos que minimizan el impacto ambiental.<\/p><p data-start=\"2811\" data-end=\"3093\">Asimismo, apostamos por f\u00f3rmulas limpias, sin ingredientes innecesarios, alineadas con los principios de la <strong data-start=\"2919\" data-end=\"2951\">cosm\u00e9tica natural sostenible<\/strong> y la nutrici\u00f3n consciente. Este compromiso no solo protege el planeta, sino que tambi\u00e9n garantiza productos m\u00e1s respetuosos con el organismo.<\/p>\t\t\t\t\t\t\t\t<\/div>\n\t\t\t\t<\/div>\n\t\t\t\t<div class=\"elementor-element elementor-element-d5febfd elementor-widget elementor-widget-heading\" data-id=\"d5febfd\" data-element_type=\"widget\" data-e-type=\"widget\" data-widget_type=\"heading.default\">\n\t\t\t\t<div class=\"elementor-widget-container\">\n\t\t\t\t\t<h2 class=\"elementor-heading-title elementor-size-default\">M\u00e1s de 45 a\u00f1os de experiencia al servicio del bienestar<\/h2>\t\t\t\t<\/div>\n\t\t\t\t<\/div>\n\t\t\t\t<div class=\"elementor-element elementor-element-37e2c07 elementor-widget elementor-widget-text-editor\" data-id=\"37e2c07\" data-element_type=\"widget\" data-e-type=\"widget\" data-widget_type=\"text-editor.default\">\n\t\t\t\t<div class=\"elementor-widget-container\">\n\t\t\t\t\t\t\t\t\t<p data-start=\"3160\" data-end=\"3447\">Con m\u00e1s de cuatro d\u00e9cadas de trayectoria, Intersa Labs se ha consolidado como un referente en <strong data-start=\"3254\" data-end=\"3271\">salud natural<\/strong> para el canal profesional. Nuestra experiencia se traduce en un firme compromiso con la <strong data-start=\"3360\" data-end=\"3376\">trazabilidad<\/strong>, la <strong data-start=\"3381\" data-end=\"3394\">seguridad<\/strong> y la <strong data-start=\"3400\" data-end=\"3417\">transparencia<\/strong> en cada etapa del desarrollo.<\/p><p data-start=\"3449\" data-end=\"3802\">Todas nuestras l\u00edneas de <strong data-start=\"3474\" data-end=\"3487\">cosm\u00e9tica<\/strong>, <strong data-start=\"3489\" data-end=\"3504\">fitoterapia<\/strong> y <strong data-start=\"3507\" data-end=\"3528\">nutrici\u00f3n natural<\/strong> se elaboran bajo estrictos est\u00e1ndares de calidad, incluyendo certificaciones como <strong data-start=\"3611\" data-end=\"3629\"><a href=\"https:\/\/www.ecocert.com\/es\" target=\"_blank\" rel=\"noopener\">Ecocert Cosmos<\/a><\/strong>, <a href=\"https:\/\/www.aec.es\/conocimiento\/centro-del-conocimiento\/appcc\/\" target=\"_blank\" rel=\"noopener\"><strong data-start=\"3631\" data-end=\"3640\">APPCC<\/strong> <\/a>y <strong data-start=\"3643\" data-end=\"3651\"><a href=\"https:\/\/www.ccpae.org\/\" target=\"_blank\" rel=\"noopener\">CPAE<\/a><\/strong>. Adem\u00e1s, mantenemos una constante labor de investigaci\u00f3n para garantizar que cada f\u00f3rmula cumpla con los m\u00e1s altos requisitos t\u00e9cnicos y regulatorios.<\/p>\t\t\t\t\t\t\t\t<\/div>\n\t\t\t\t<\/div>\n\t\t\t\t<div class=\"elementor-element elementor-element-b449ef2 elementor-widget elementor-widget-heading\" data-id=\"b449ef2\" data-element_type=\"widget\" data-e-type=\"widget\" data-widget_type=\"heading.default\">\n\t\t\t\t<div class=\"elementor-widget-container\">\n\t\t\t\t\t<h2 class=\"elementor-heading-title elementor-size-default\">Un aliado para profesionales de la salud natural<\/h2>\t\t\t\t<\/div>\n\t\t\t\t<\/div>\n\t\t\t\t<div class=\"elementor-element elementor-element-e5bfe34 elementor-widget elementor-widget-text-editor\" data-id=\"e5bfe34\" data-element_type=\"widget\" data-e-type=\"widget\" data-widget_type=\"text-editor.default\">\n\t\t\t\t<div class=\"elementor-widget-container\">\n\t\t\t\t\t\t\t\t\t<p data-start=\"3862\" data-end=\"4184\">Sabemos que los profesionales buscan algo m\u00e1s que productos: necesitan <strong data-start=\"3933\" data-end=\"3946\">confianza<\/strong>, <strong data-start=\"3948\" data-end=\"3962\">coherencia<\/strong> y <strong data-start=\"3965\" data-end=\"3984\">soporte t\u00e9cnico<\/strong>. Por eso, en Intersa Labs trabajamos como un aliado estrat\u00e9gico, ofreciendo soluciones alineadas con las nuevas demandas del consumidor consciente y con las tendencias actuales en bienestar integral.<\/p><p data-start=\"4186\" data-end=\"4395\">Desde protocolos de <strong data-start=\"4206\" data-end=\"4227\">nutrici\u00f3n natural<\/strong> hasta propuestas de <strong data-start=\"4248\" data-end=\"4269\">cosm\u00e9tica natural<\/strong> para el cuidado de la piel, nuestro objetivo es facilitar herramientas eficaces que aporten valor real en la pr\u00e1ctica diaria.<\/p>\t\t\t\t\t\t\t\t<\/div>\n\t\t\t\t<\/div>\n\t\t\t\t<div class=\"elementor-element elementor-element-d835490 elementor-widget elementor-widget-heading\" data-id=\"d835490\" data-element_type=\"widget\" data-e-type=\"widget\" data-widget_type=\"heading.default\">\n\t\t\t\t<div class=\"elementor-widget-container\">\n\t\t\t\t\t<h2 class=\"elementor-heading-title elementor-size-default\">Mirando al futuro: salud natural con prop\u00f3sito<\/h2>\t\t\t\t<\/div>\n\t\t\t\t<\/div>\n\t\t\t\t<div class=\"elementor-element elementor-element-8a1e729 elementor-widget elementor-widget-text-editor\" data-id=\"8a1e729\" data-element_type=\"widget\" data-e-type=\"widget\" data-widget_type=\"text-editor.default\">\n\t\t\t\t<div class=\"elementor-widget-container\">\n\t\t\t\t\t\t\t\t\t<p>La <strong data-start=\"4456\" data-end=\"4497\">salud natural con ciencia responsable<\/strong> seguir\u00e1 siendo el eje de nuestro trabajo. Continuaremos investigando, innovando y escuchando a los profesionales para desarrollar soluciones que respondan a los retos actuales del bienestar.<\/p>\t\t\t\t\t\t\t\t<\/div>\n\t\t\t\t<\/div>\n\t\t\t\t<div class=\"elementor-element elementor-element-fe1a930 elementor-widget elementor-widget-text-editor\" data-id=\"fe1a930\" data-element_type=\"widget\" data-e-type=\"widget\" data-widget_type=\"text-editor.default\">\n\t\t\t\t<div class=\"elementor-widget-container\">\n\t\t\t\t\t\t\t\t\t<p data-start=\"4690\" data-end=\"4910\">Si deseas ampliar informaci\u00f3n, te invitamos a explorar nuestras l\u00edneas de productos, descubrir otros art\u00edculos del blog o ponerte en contacto con nuestro equipo para recibir asesoramiento personalizado.<\/p>\t\t\t\t\t\t\t\t<\/div>\n\t\t\t\t<\/div>\n\t\t\t\t\t<\/div>\n\t\t\t\t<\/div>\n\t\t<div class=\"elementor-element elementor-element-236e1bba e-flex e-con-boxed e-con e-parent\" data-id=\"236e1bba\" data-element_type=\"container\" data-e-type=\"container\" data-settings=\"{&quot;background_background&quot;:&quot;classic&quot;}\">\n\t\t\t\t\t<div class=\"e-con-inner\">\n\t\t<div class=\"elementor-element elementor-element-1a3080fc e-con-full e-flex e-con e-child\" data-id=\"1a3080fc\" data-element_type=\"container\" data-e-type=\"container\">\n\t\t\t\t<div class=\"elementor-element elementor-element-49815d45 elementor-widget__width-initial elementor-widget elementor-widget-heading\" data-id=\"49815d45\" data-element_type=\"widget\" data-e-type=\"widget\" data-widget_type=\"heading.default\">\n\t\t\t\t<div class=\"elementor-widget-container\">\n\t\t\t\t\t<h3 class=\"elementor-heading-title elementor-size-default\">\u00danete a nuestra red de distribuidores<\/h3>\t\t\t\t<\/div>\n\t\t\t\t<\/div>\n\t\t\t\t<div class=\"elementor-element elementor-element-3a9681b5 elementor-widget__width-initial elementor-widget elementor-widget-text-editor\" data-id=\"3a9681b5\" data-element_type=\"widget\" data-e-type=\"widget\" data-widget_type=\"text-editor.default\">\n\t\t\t\t<div class=\"elementor-widget-container\">\n\t\t\t\t\t\t\t\t\t<p>Ofrece productos naturales de alta calidad con el respaldo de m\u00e1s de 45 a\u00f1os de experiencia<\/p>\t\t\t\t\t\t\t\t<\/div>\n\t\t\t\t<\/div>\n\t\t\t\t<div class=\"elementor-element elementor-element-35cc178d elementor-widget elementor-widget-button\" data-id=\"35cc178d\" data-element_type=\"widget\" data-e-type=\"widget\" data-widget_type=\"button.default\">\n\t\t\t\t<div class=\"elementor-widget-container\">\n\t\t\t\t\t\t\t\t\t<div class=\"elementor-button-wrapper\">\n\t\t\t\t\t<a class=\"elementor-button elementor-button-link elementor-size-sm\" href=\"#\">\n\t\t\t\t\t\t<span class=\"elementor-button-content-wrapper\">\n\t\t\t\t\t\t\t\t\t<span class=\"elementor-button-text\">CONTACTA CON NOSOTROS<\/span>\n\t\t\t\t\t<\/span>\n\t\t\t\t\t<\/a>\n\t\t\t\t<\/div>\n\t\t\t\t\t\t\t\t<\/div>\n\t\t\t\t<\/div>\n\t\t\t\t<\/div>\n\t\t\t\t\t<\/div>\n\t\t\t\t<\/div>\n\t\t<div class=\"elementor-element elementor-element-2469882 opacity-ocher e-flex e-con-boxed e-con e-parent\" data-id=\"2469882\" data-element_type=\"container\" data-e-type=\"container\" data-settings=\"{&quot;background_background&quot;:&quot;classic&quot;}\">\n\t\t\t\t\t<div class=\"e-con-inner\">\n\t\t<div class=\"elementor-element elementor-element-669c9e80 e-con-full e-flex e-con e-child\" data-id=\"669c9e80\" data-element_type=\"container\" data-e-type=\"container\">\n\t\t\t\t<div class=\"elementor-element elementor-element-14187128 elementor-widget__width-initial elementor-widget-mobile__width-inherit elementor-widget elementor-widget-heading\" data-id=\"14187128\" data-element_type=\"widget\" data-e-type=\"widget\" data-widget_type=\"heading.default\">\n\t\t\t\t<div class=\"elementor-widget-container\">\n\t\t\t\t\t<h2 class=\"elementor-heading-title elementor-size-default\">Suscr\u00edbete y mejora tu calidad de vida con nuestra Newsletter\n<\/h2>\t\t\t\t<\/div>\n\t\t\t\t<\/div>\n\t\t\t\t<div class=\"elementor-element elementor-element-41e62de6 newsletter-bar elementor-button-align-stretch elementor-widget elementor-widget-form\" data-id=\"41e62de6\" data-element_type=\"widget\" data-e-type=\"widget\" data-settings=\"{&quot;step_next_label&quot;:&quot;Siguiente&quot;,&quot;step_previous_label&quot;:&quot;Anterior&quot;,&quot;button_width&quot;:&quot;100&quot;,&quot;step_type&quot;:&quot;number_text&quot;,&quot;step_icon_shape&quot;:&quot;circle&quot;}\" data-widget_type=\"form.default\">\n\t\t\t\t<div class=\"elementor-widget-container\">\n\t\t\t\t\t\t\t<form class=\"elementor-form\" method=\"post\" name=\"Nuevo formulario\" aria-label=\"Nuevo formulario\">\n\t\t\t<input type=\"hidden\" name=\"post_id\" value=\"1198\"\/>\n\t\t\t<input type=\"hidden\" name=\"form_id\" value=\"41e62de6\"\/>\n\t\t\t<input type=\"hidden\" name=\"referer_title\" value=\"Salud natural con ciencia: 5 claves de nuestro compromiso\" \/>\n\n\t\t\t\t\t\t\t<input type=\"hidden\" name=\"queried_id\" value=\"1198\"\/>\n\t\t\t\n\t\t\t<div class=\"elementor-form-fields-wrapper elementor-labels-above\">\n\t\t\t\t\t\t\t\t<div class=\"elementor-field-type-email elementor-field-group elementor-column elementor-field-group-email elementor-col-100 elementor-field-required elementor-mark-required\">\n\t\t\t\t\t\t\t\t\t\t\t\t\t<input size=\"1\" type=\"email\" name=\"form_fields[email]\" id=\"form-field-email\" class=\"elementor-field elementor-size-sm  elementor-field-textual\" placeholder=\"Tu direcci\u00f3n de email\" required=\"required\">\n\t\t\t\t\t\t\t\t\t\t\t<\/div>\n\t\t\t\t\t\t\t\t<div class=\"elementor-field-group elementor-column elementor-field-type-submit elementor-col-100 e-form__buttons\">\n\t\t\t\t\t<button class=\"elementor-button elementor-size-sm\" type=\"submit\">\n\t\t\t\t\t\t<span class=\"elementor-button-content-wrapper\">\n\t\t\t\t\t\t\t\t\t\t\t\t\t\t\t\t\t\t\t\t\t\t<span class=\"elementor-button-text\">Enviar<\/span>\n\t\t\t\t\t\t\t\t\t\t\t\t\t<\/span>\n\t\t\t\t\t<\/button>\n\t\t\t\t<\/div>\n\t\t\t<\/div>\n\t\t<\/form>\n\t\t\t\t\t\t<\/div>\n\t\t\t\t<\/div>\n\t\t\t\t<\/div>\n\t\t\t\t\t<\/div>\n\t\t\t\t<\/div>\n\t\t\t\t<\/div>\n\t\t","protected":false},"excerpt":{"rendered":"<p>Nuestro compromiso Salud natural basada en prevenci\u00f3n y equilibrio Est\u00e1s en &#8230; \u00bfY si la verdadera innovaci\u00f3n en salud no fuera crear m\u00e1s soluciones, sino volver a lo esencial con rigor cient\u00edfico? Desde hace d\u00e9cadas, en Intersa Labs entendemos la salud natural con ciencia responsable como un camino que va m\u00e1s all\u00e1 de aliviar s\u00edntomas. [&hellip;]<\/p>\n","protected":false},"author":3,"featured_media":0,"parent":0,"menu_order":0,"comment_status":"closed","ping_status":"closed","template":"","meta":{"_acf_changed":false,"rs_blank_template":"","rs_page_bg_color":"","slide_template_v7":"","footnotes":""},"class_list":["post-1198","page","type-page","status-publish","hentry"],"acf":[],"_links":{"self":[{"href":"https:\/\/esentialaroms.com\/es\/wp-json\/wp\/v2\/pages\/1198","targetHints":{"allow":["GET"]}}],"collection":[{"href":"https:\/\/esentialaroms.com\/es\/wp-json\/wp\/v2\/pages"}],"about":[{"href":"https:\/\/esentialaroms.com\/es\/wp-json\/wp\/v2\/types\/page"}],"author":[{"embeddable":true,"href":"https:\/\/esentialaroms.com\/es\/wp-json\/wp\/v2\/users\/3"}],"replies":[{"embeddable":true,"href":"https:\/\/esentialaroms.com\/es\/wp-json\/wp\/v2\/comments?post=1198"}],"version-history":[{"count":36,"href":"https:\/\/esentialaroms.com\/es\/wp-json\/wp\/v2\/pages\/1198\/revisions"}],"predecessor-version":[{"id":2182,"href":"https:\/\/esentialaroms.com\/es\/wp-json\/wp\/v2\/pages\/1198\/revisions\/2182"}],"wp:attachment":[{"href":"https:\/\/esentialaroms.com\/es\/wp-json\/wp\/v2\/media?parent=1198"}],"curies":[{"name":"wp","href":"https:\/\/api.w.org\/{rel}","templated":true}]}}