{"id":14013,"date":"2026-05-07T13:31:09","date_gmt":"2026-05-07T11:31:09","guid":{"rendered":"https:\/\/esentialaroms.com\/productos\/aceite-de-masaje-energy-1-litro-2\/"},"modified":"2026-05-07T14:22:51","modified_gmt":"2026-05-07T12:22:51","slug":"aceite-de-masaje-energy-1-litro-2","status":"publish","type":"product","link":"https:\/\/esentialaroms.com\/en\/productos\/aceite-de-masaje-energy-1-litro-2\/","title":{"rendered":"ENERGY massage oil 1 litre"},"content":{"rendered":"<div>Aromatherapy massage is an opportunity for personal transformation, a unique tool for body and mind health. Through anti-fatigue aromatherapy self-massage, we will try to activate vital energy, eliminate fatigue and promote a good mood. Get active in the morning&#8230; massage your body by rubbing it with anti-fatigue aromatic massage oil. &nbsp;<\/div>\n","protected":false},"excerpt":{"rendered":"<div>It activates vital energy, eliminates fatigue and promotes a good mood. &nbsp;<\/div>\n<div>O \u00f3leo de massagem aromaterap\u00eautico ENERGY cont\u00e9m ess\u00eancias provenientes das cascas de citrinos: laranja, tangerina, toranja e lima. Todas elas est\u00e3o associadas a uma sinergia de \u00f3leos vegetais virgens de primeira prensagem a frio de am\u00eandoas doces, avel\u00e3, s\u00e9samo e girassol. &nbsp;<\/div>\n","protected":false},"featured_media":14014,"comment_status":"open","ping_status":"closed","template":"","meta":{"_acf_changed":false,"rs_blank_template":"","rs_page_bg_color":"","slide_template_v7":""},"product_brand":[],"product_cat":[366,321,478,339,363],"product_tag":[],"class_list":{"0":"post-14013","1":"product","2":"type-product","3":"status-publish","4":"has-post-thumbnail","6":"product_cat-anti-stress-and-anti-fatigue-massage","7":"product_cat-families","8":"product_cat-massage-oil","9":"product_cat-needs","10":"product_cat-therapeutic-massages","12":"first","13":"instock","14":"shipping-taxable","15":"purchasable","16":"product-type-simple"},"acf":[],"_links":{"self":[{"href":"https:\/\/esentialaroms.com\/en\/wp-json\/wp\/v2\/product\/14013","targetHints":{"allow":["GET"]}}],"collection":[{"href":"https:\/\/esentialaroms.com\/en\/wp-json\/wp\/v2\/product"}],"about":[{"href":"https:\/\/esentialaroms.com\/en\/wp-json\/wp\/v2\/types\/product"}],"replies":[{"embeddable":true,"href":"https:\/\/esentialaroms.com\/en\/wp-json\/wp\/v2\/comments?post=14013"}],"version-history":[{"count":1,"href":"https:\/\/esentialaroms.com\/en\/wp-json\/wp\/v2\/product\/14013\/revisions"}],"predecessor-version":[{"id":14015,"href":"https:\/\/esentialaroms.com\/en\/wp-json\/wp\/v2\/product\/14013\/revisions\/14015"}],"wp:featuredmedia":[{"embeddable":true,"href":"https:\/\/esentialaroms.com\/en\/wp-json\/wp\/v2\/media\/14014"}],"wp:attachment":[{"href":"https:\/\/esentialaroms.com\/en\/wp-json\/wp\/v2\/media?parent=14013"}],"wp:term":[{"taxonomy":"product_brand","embeddable":true,"href":"https:\/\/esentialaroms.com\/en\/wp-json\/wp\/v2\/product_brand?post=14013"},{"taxonomy":"product_cat","embeddable":true,"href":"https:\/\/esentialaroms.com\/en\/wp-json\/wp\/v2\/product_cat?post=14013"},{"taxonomy":"product_tag","embeddable":true,"href":"https:\/\/esentialaroms.com\/en\/wp-json\/wp\/v2\/product_tag?post=14013"}],"curies":[{"name":"wp","href":"https:\/\/api.w.org\/{rel}","templated":true}]}}